{"id":8274,"date":"2015-03-10T09:38:47","date_gmt":"2015-03-10T07:38:47","guid":{"rendered":"https:\/\/www.stadler-schuhe.at\/?post_type=product&#038;p=8274"},"modified":"2026-04-05T13:22:05","modified_gmt":"2026-04-05T11:22:05","slug":"innsbruck-innsbruck-sympatex","status":"publish","type":"product","link":"https:\/\/www.stadler-schuhe.at\/en\/schuhe\/herren\/innsbruck-innsbruck-sympatex\/","title":{"rendered":"innsbruck"},"content":{"rendered":"","protected":false},"excerpt":{"rendered":"<p><img loading=\"lazy\" decoding=\"async\" class=\"alignnone size-full wp-image-8103\" src=\"https:\/\/www.stadler-schuhe.at\/wp-content\/uploads\/2015\/03\/vibram_logo.jpg\" alt=\"Vibram\" width=\"77\" height=\"50\" srcset=\"https:\/\/www.stadler-schuhe.at\/wp-content\/uploads\/2015\/03\/vibram_logo.jpg 77w, https:\/\/www.stadler-schuhe.at\/wp-content\/uploads\/2015\/03\/vibram_logo-64x42.jpg 64w\" sizes=\"auto, (max-width: 77px) 100vw, 77px\" \/>\u00a0 <a href=\"https:\/\/www.stadler-schuhe.at\/wp-content\/uploads\/2015\/03\/chromfrei.jpg\"><img loading=\"lazy\" decoding=\"async\" class=\"alignnone size-full wp-image-11669\" src=\"https:\/\/www.stadler-schuhe.at\/wp-content\/uploads\/2015\/03\/chromfrei.jpg\" alt=\"Stadler Schuhe W\u00f6rgl Logo mit braunem Leder-Symbol und Text \u201eFutterleder chromfrei\u201c, ideal f\u00fcr hochwertige, umweltfreundliche Schuhe aus W\u00f6rgl.\" width=\"75\" height=\"80\" srcset=\"https:\/\/www.stadler-schuhe.at\/wp-content\/uploads\/2015\/03\/chromfrei.jpg 75w, https:\/\/www.stadler-schuhe.at\/wp-content\/uploads\/2015\/03\/chromfrei-64x68.jpg 64w\" sizes=\"auto, (max-width: 75px) 100vw, 75px\" \/><\/a><\/p>\n<hr>\n<p><img loading=\"lazy\" decoding=\"async\" width=\"1640\" height=\"289\" class=\"alignnone wp-image-37075\" src=\"https:\/\/www.stadler-schuhe.at\/wp-content\/uploads\/2021\/11\/grossentabelle.jpg\" alt=\"Gr\u00f6\u00dfentabelle mit Schuhgr\u00f6\u00dfen, ideal f\u00fcr Stadler Schuhe in W\u00f6rgl, zeigt verschiedene EU-Gr\u00f6\u00dfen und Zwischengr\u00f6\u00dfen zur optimalen Auswahl von passendem Schuhwerk.\" srcset=\"https:\/\/www.stadler-schuhe.at\/wp-content\/uploads\/2021\/11\/grossentabelle.jpg 1640w, https:\/\/www.stadler-schuhe.at\/wp-content\/uploads\/2021\/11\/grossentabelle-500x88.jpg 500w, https:\/\/www.stadler-schuhe.at\/wp-content\/uploads\/2021\/11\/grossentabelle-64x11.jpg 64w, https:\/\/www.stadler-schuhe.at\/wp-content\/uploads\/2021\/11\/grossentabelle-300x53.jpg 300w, https:\/\/www.stadler-schuhe.at\/wp-content\/uploads\/2021\/11\/grossentabelle-1024x180.jpg 1024w, https:\/\/www.stadler-schuhe.at\/wp-content\/uploads\/2021\/11\/grossentabelle-768x135.jpg 768w, https:\/\/www.stadler-schuhe.at\/wp-content\/uploads\/2021\/11\/grossentabelle-1536x271.jpg 1536w, https:\/\/www.stadler-schuhe.at\/wp-content\/uploads\/2021\/11\/grossentabelle-468x82.jpg 468w, https:\/\/www.stadler-schuhe.at\/wp-content\/uploads\/2021\/11\/grossentabelle-936x165.jpg 936w\" sizes=\"auto, (max-width: 1640px) 100vw, 1640px\" \/><\/p>","protected":false},"featured_media":26599,"comment_status":"open","ping_status":"closed","template":"","meta":[],"product_brand":[],"product_cat":[692],"product_tag":[454,455,467,393,395,512,511,334,186],"class_list":{"0":"post-8274","1":"product","2":"type-product","3":"status-publish","4":"has-post-thumbnail","6":"product_cat-herren","7":"product_tag-allroundschuhe","8":"product_tag-freizeitschuhe","9":"product_tag-innsbruck","10":"product_tag-schuhe","11":"product_tag-schuhe-oesterreich","12":"product_tag-schuhe-tirol","13":"product_tag-stadler","14":"product_tag-stadler-schuhe","15":"product_tag-walker","16":"pa_farbe-cafe","17":"pa_farbe-fango","18":"pa_farbe-fumo","19":"pa_farbe-graublau","20":"pa_farbe-kandis","21":"pa_farbe-nuss","22":"pa_farbe-saphier","23":"pa_farbe-smaragd","24":"pa_farbe-stahlblau","25":"pa_fussbett-komfort-wechselfussbett","26":"pa_futtermaterial-rinderlederfutter-chromfrei","27":"pa_groessen-903","28":"pa_groessen-904","29":"pa_groessen-905","30":"pa_groessen-906","31":"pa_groessen-907","32":"pa_groessen-908","33":"pa_groessen-909","34":"pa_groessen-896","35":"pa_groessen-897","36":"pa_groessen-898","37":"pa_groessen-899","38":"pa_groessen-900","39":"pa_groessen-901","40":"pa_groessen-902","41":"pa_obermaterial-nubukleder-fango-fumo-graublau-kandis-smaragd-stahlblau","42":"pa_obermaterial-pull-up-rindleder-nuss","43":"pa_sohle-vibram-axis-gummi-eva-keil","45":"first","46":"instock","47":"taxable","48":"shipping-taxable","49":"purchasable","50":"product-type-variable","51":"wvs-archive-product-wrapper"},"_links":{"self":[{"href":"https:\/\/www.stadler-schuhe.at\/en\/wp-json\/wp\/v2\/product\/8274","targetHints":{"allow":["GET"]}}],"collection":[{"href":"https:\/\/www.stadler-schuhe.at\/en\/wp-json\/wp\/v2\/product"}],"about":[{"href":"https:\/\/www.stadler-schuhe.at\/en\/wp-json\/wp\/v2\/types\/product"}],"replies":[{"embeddable":true,"href":"https:\/\/www.stadler-schuhe.at\/en\/wp-json\/wp\/v2\/comments?post=8274"}],"wp:featuredmedia":[{"embeddable":true,"href":"https:\/\/www.stadler-schuhe.at\/en\/wp-json\/wp\/v2\/media\/26599"}],"wp:attachment":[{"href":"https:\/\/www.stadler-schuhe.at\/en\/wp-json\/wp\/v2\/media?parent=8274"}],"wp:term":[{"taxonomy":"product_brand","embeddable":true,"href":"https:\/\/www.stadler-schuhe.at\/en\/wp-json\/wp\/v2\/product_brand?post=8274"},{"taxonomy":"product_cat","embeddable":true,"href":"https:\/\/www.stadler-schuhe.at\/en\/wp-json\/wp\/v2\/product_cat?post=8274"},{"taxonomy":"product_tag","embeddable":true,"href":"https:\/\/www.stadler-schuhe.at\/en\/wp-json\/wp\/v2\/product_tag?post=8274"}],"curies":[{"name":"wp","href":"https:\/\/api.w.org\/{rel}","templated":true}]}}