{"id":8236,"date":"2015-03-09T15:44:18","date_gmt":"2015-03-09T13:44:18","guid":{"rendered":"https:\/\/www.stadler-schuhe.at\/?post_type=product&#038;p=8236"},"modified":"2026-04-11T13:26:14","modified_gmt":"2026-04-11T11:26:14","slug":"zell-junior-air","status":"publish","type":"product","link":"https:\/\/www.stadler-schuhe.at\/en\/schuhe\/kids\/zell-junior-air\/","title":{"rendered":"Zell Junior Air"},"content":{"rendered":"","protected":false},"excerpt":{"rendered":"<p><img loading=\"lazy\" decoding=\"async\" class=\"alignnone size-full wp-image-8157\" src=\"https:\/\/www.stadler-schuhe.at\/wp-content\/uploads\/2014\/05\/a1.jpg\" alt=\"Gr\u00fcnes Quadrat mit wei\u00dfem Buchstaben A, Symbol verbunden mit Stadler Schuhe in W\u00f6rgl, steht f\u00fcr hochwertige Schuhmode und exzellenten Service.\" width=\"26\" height=\"50\">\u00a0 \u00a0<img loading=\"lazy\" decoding=\"async\" class=\"alignnone size-full wp-image-8151\" src=\"https:\/\/www.stadler-schuhe.at\/wp-content\/uploads\/2014\/05\/sympatex_logo.jpg\" alt=\"Sympatex Logo, hochwertige Materialien f\u00fcr Stadler Schuhe in W\u00f6rgl, modernes Design, innovative Schuhtechnologie f\u00fcr Komfort und Stil.\" width=\"67\" height=\"50\" srcset=\"https:\/\/www.stadler-schuhe.at\/wp-content\/uploads\/2014\/05\/sympatex_logo.jpg 67w, https:\/\/www.stadler-schuhe.at\/wp-content\/uploads\/2014\/05\/sympatex_logo-64x48.jpg 64w\" sizes=\"auto, (max-width: 67px) 100vw, 67px\" \/>\u00a0 \u00a0<img loading=\"lazy\" decoding=\"async\" class=\"alignnone size-full wp-image-8103\" src=\"https:\/\/www.stadler-schuhe.at\/wp-content\/uploads\/2015\/03\/vibram_logo.jpg\" alt=\"Vibram\" width=\"77\" height=\"50\" srcset=\"https:\/\/www.stadler-schuhe.at\/wp-content\/uploads\/2015\/03\/vibram_logo.jpg 77w, https:\/\/www.stadler-schuhe.at\/wp-content\/uploads\/2015\/03\/vibram_logo-64x42.jpg 64w\" sizes=\"auto, (max-width: 77px) 100vw, 77px\" \/><\/p>\n<hr>\n<p><img loading=\"lazy\" decoding=\"async\" width=\"1640\" height=\"289\" class=\"alignnone wp-image-37075\" src=\"https:\/\/www.stadler-schuhe.at\/wp-content\/uploads\/2021\/11\/grossentabelle.jpg\" alt=\"Gr\u00f6\u00dfentabelle mit Schuhgr\u00f6\u00dfen, ideal f\u00fcr Stadler Schuhe in W\u00f6rgl, zeigt verschiedene EU-Gr\u00f6\u00dfen und Zwischengr\u00f6\u00dfen zur optimalen Auswahl von passendem Schuhwerk.\" srcset=\"https:\/\/www.stadler-schuhe.at\/wp-content\/uploads\/2021\/11\/grossentabelle.jpg 1640w, https:\/\/www.stadler-schuhe.at\/wp-content\/uploads\/2021\/11\/grossentabelle-500x88.jpg 500w, https:\/\/www.stadler-schuhe.at\/wp-content\/uploads\/2021\/11\/grossentabelle-64x11.jpg 64w, https:\/\/www.stadler-schuhe.at\/wp-content\/uploads\/2021\/11\/grossentabelle-300x53.jpg 300w, https:\/\/www.stadler-schuhe.at\/wp-content\/uploads\/2021\/11\/grossentabelle-1024x180.jpg 1024w, https:\/\/www.stadler-schuhe.at\/wp-content\/uploads\/2021\/11\/grossentabelle-768x135.jpg 768w, https:\/\/www.stadler-schuhe.at\/wp-content\/uploads\/2021\/11\/grossentabelle-1536x271.jpg 1536w, https:\/\/www.stadler-schuhe.at\/wp-content\/uploads\/2021\/11\/grossentabelle-468x82.jpg 468w, https:\/\/www.stadler-schuhe.at\/wp-content\/uploads\/2021\/11\/grossentabelle-936x165.jpg 936w\" sizes=\"auto, (max-width: 1640px) 100vw, 1640px\" \/><\/p>","protected":false},"featured_media":29585,"comment_status":"open","ping_status":"closed","template":"","meta":[],"product_brand":[],"product_cat":[163],"product_tag":[455,490,393,395,398,396,394,334,102,489],"class_list":{"0":"post-8236","1":"product","2":"type-product","3":"status-publish","4":"has-post-thumbnail","6":"product_cat-kids","7":"product_tag-freizeitschuhe","8":"product_tag-kinder","9":"product_tag-schuhe","10":"product_tag-schuhe-oesterreich","11":"product_tag-schuhe-wandern","12":"product_tag-schuhe-wien","13":"product_tag-stadler-oesterreich","14":"product_tag-stadler-schuhe","15":"product_tag-zell","16":"product_tag-zell-junior-air","17":"pa_farbe-gruen","18":"pa_farbe-kobalt","19":"pa_farbe-magenta","20":"pa_farbe-nero","21":"pa_farbe-rot","22":"pa_fussbett-komfort-wechselfussbett","23":"pa_futtermaterial-sympatex-high-2-out","24":"pa_groessen-887","25":"pa_groessen-886","26":"pa_groessen-878","27":"pa_groessen-879","28":"pa_groessen-885","29":"pa_groessen-880","30":"pa_groessen-874","31":"pa_groessen-882","32":"pa_groessen-875","33":"pa_groessen-881","34":"pa_groessen-876","35":"pa_groessen-877","36":"pa_groessen-883","37":"pa_groessen-884","38":"pa_obermaterial-veloursledertextil","39":"pa_sohle-vibram-twirlkid-gummi","41":"first","42":"instock","43":"taxable","44":"shipping-taxable","45":"purchasable","46":"product-type-variable","47":"wvs-archive-product-wrapper"},"_links":{"self":[{"href":"https:\/\/www.stadler-schuhe.at\/en\/wp-json\/wp\/v2\/product\/8236","targetHints":{"allow":["GET"]}}],"collection":[{"href":"https:\/\/www.stadler-schuhe.at\/en\/wp-json\/wp\/v2\/product"}],"about":[{"href":"https:\/\/www.stadler-schuhe.at\/en\/wp-json\/wp\/v2\/types\/product"}],"replies":[{"embeddable":true,"href":"https:\/\/www.stadler-schuhe.at\/en\/wp-json\/wp\/v2\/comments?post=8236"}],"wp:featuredmedia":[{"embeddable":true,"href":"https:\/\/www.stadler-schuhe.at\/en\/wp-json\/wp\/v2\/media\/29585"}],"wp:attachment":[{"href":"https:\/\/www.stadler-schuhe.at\/en\/wp-json\/wp\/v2\/media?parent=8236"}],"wp:term":[{"taxonomy":"product_brand","embeddable":true,"href":"https:\/\/www.stadler-schuhe.at\/en\/wp-json\/wp\/v2\/product_brand?post=8236"},{"taxonomy":"product_cat","embeddable":true,"href":"https:\/\/www.stadler-schuhe.at\/en\/wp-json\/wp\/v2\/product_cat?post=8236"},{"taxonomy":"product_tag","embeddable":true,"href":"https:\/\/www.stadler-schuhe.at\/en\/wp-json\/wp\/v2\/product_tag?post=8236"}],"curies":[{"name":"wp","href":"https:\/\/api.w.org\/{rel}","templated":true}]}}