{"id":8178,"date":"2015-03-09T12:28:01","date_gmt":"2015-03-09T10:28:01","guid":{"rendered":"https:\/\/www.stadler-schuhe.at\/?post_type=product&#038;p=8178"},"modified":"2026-04-11T13:26:10","modified_gmt":"2026-04-11T11:26:10","slug":"sonnberg-sonnberg-sympatex","status":"publish","type":"product","link":"https:\/\/www.stadler-schuhe.at\/en\/schuhe\/wandern\/sonnberg-sonnberg-sympatex\/","title":{"rendered":"Salvenberg \/ Salvenberg SympaTex"},"content":{"rendered":"","protected":false},"excerpt":{"rendered":"<p><img loading=\"lazy\" decoding=\"async\" class=\"alignnone size-full wp-image-8152\" src=\"https:\/\/www.stadler-schuhe.at\/wp-content\/uploads\/2014\/05\/b.jpg\" alt=\"Gr\u00fcnes Schild mit wei\u00dfem Buchstaben B, Symbol im Kontext von Stadler Schuhe in W\u00f6rgl, perfekte Auswahl f\u00fcr hochwertige Schuhe und exzellenten Service.\" width=\"26\" height=\"50\" srcset=\"https:\/\/www.stadler-schuhe.at\/wp-content\/uploads\/2014\/05\/b.jpg 26w, https:\/\/www.stadler-schuhe.at\/wp-content\/uploads\/2014\/05\/b-600x1153.jpg 600w\" sizes=\"auto, (max-width: 26px) 100vw, 26px\" \/>\u00a0 \u00a0<img loading=\"lazy\" decoding=\"async\" class=\"alignnone size-full wp-image-8101\" src=\"https:\/\/www.stadler-schuhe.at\/wp-content\/uploads\/2015\/03\/echtleder_logo.jpg\" alt=\"Stadler Schuhe W\u00f6rgl, echtes Leder-Futter, Qualit\u00e4tszeichen auf beigefarbenem Hintergrund.\" width=\"34\" height=\"50\">\u00a0 \u00a0<img loading=\"lazy\" decoding=\"async\" class=\"alignnone size-full wp-image-8103\" src=\"https:\/\/www.stadler-schuhe.at\/wp-content\/uploads\/2015\/03\/vibram_logo.jpg\" alt=\"Vibram\" width=\"77\" height=\"50\" srcset=\"https:\/\/www.stadler-schuhe.at\/wp-content\/uploads\/2015\/03\/vibram_logo.jpg 77w, https:\/\/www.stadler-schuhe.at\/wp-content\/uploads\/2015\/03\/vibram_logo-64x42.jpg 64w\" sizes=\"auto, (max-width: 77px) 100vw, 77px\" \/>\u00a0 \u00a0<img loading=\"lazy\" decoding=\"async\" class=\"alignnone size-full wp-image-8151\" src=\"https:\/\/www.stadler-schuhe.at\/wp-content\/uploads\/2014\/05\/sympatex_logo.jpg\" alt=\"Sympatex Logo, hochwertige Materialien f\u00fcr Stadler Schuhe in W\u00f6rgl, modernes Design, innovative Schuhtechnologie f\u00fcr Komfort und Stil.\" width=\"67\" height=\"50\" srcset=\"https:\/\/www.stadler-schuhe.at\/wp-content\/uploads\/2014\/05\/sympatex_logo.jpg 67w, https:\/\/www.stadler-schuhe.at\/wp-content\/uploads\/2014\/05\/sympatex_logo-64x48.jpg 64w\" sizes=\"auto, (max-width: 67px) 100vw, 67px\" \/><\/p>\n<hr>\n<p><img loading=\"lazy\" decoding=\"async\" width=\"1640\" height=\"289\" class=\"alignnone wp-image-37075\" src=\"https:\/\/www.stadler-schuhe.at\/wp-content\/uploads\/2021\/11\/grossentabelle.jpg\" alt=\"Gr\u00f6\u00dfentabelle mit Schuhgr\u00f6\u00dfen, ideal f\u00fcr Stadler Schuhe in W\u00f6rgl, zeigt verschiedene EU-Gr\u00f6\u00dfen und Zwischengr\u00f6\u00dfen zur optimalen Auswahl von passendem Schuhwerk.\" srcset=\"https:\/\/www.stadler-schuhe.at\/wp-content\/uploads\/2021\/11\/grossentabelle.jpg 1640w, https:\/\/www.stadler-schuhe.at\/wp-content\/uploads\/2021\/11\/grossentabelle-500x88.jpg 500w, https:\/\/www.stadler-schuhe.at\/wp-content\/uploads\/2021\/11\/grossentabelle-64x11.jpg 64w, https:\/\/www.stadler-schuhe.at\/wp-content\/uploads\/2021\/11\/grossentabelle-300x53.jpg 300w, https:\/\/www.stadler-schuhe.at\/wp-content\/uploads\/2021\/11\/grossentabelle-1024x180.jpg 1024w, https:\/\/www.stadler-schuhe.at\/wp-content\/uploads\/2021\/11\/grossentabelle-768x135.jpg 768w, https:\/\/www.stadler-schuhe.at\/wp-content\/uploads\/2021\/11\/grossentabelle-1536x271.jpg 1536w, https:\/\/www.stadler-schuhe.at\/wp-content\/uploads\/2021\/11\/grossentabelle-468x82.jpg 468w, https:\/\/www.stadler-schuhe.at\/wp-content\/uploads\/2021\/11\/grossentabelle-936x165.jpg 936w\" sizes=\"auto, (max-width: 1640px) 100vw, 1640px\" \/><\/p>","protected":false},"featured_media":11529,"comment_status":"open","ping_status":"closed","template":"","meta":[],"product_brand":[],"product_cat":[451],"product_tag":[436,393,395,398,396,446,447,394,334,397,186],"class_list":{"0":"post-8178","1":"product","2":"type-product","3":"status-publish","4":"has-post-thumbnail","6":"product_cat-wandern","7":"product_tag-bergschuhe","8":"product_tag-schuhe","9":"product_tag-schuhe-oesterreich","10":"product_tag-schuhe-wandern","11":"product_tag-schuhe-wien","12":"product_tag-sonnberg","13":"product_tag-sonnberg-sympatex","14":"product_tag-stadler-oesterreich","15":"product_tag-stadler-schuhe","16":"product_tag-trekkingschuh","17":"product_tag-walker","18":"pa_farbe-granit","19":"pa_farbe-mocca","20":"pa_farbe-stahlblau","21":"pa_fussbett-komfort-wechselfussbett","22":"pa_futtermaterial-rindlederfutter","23":"pa_futtermaterial-sympatex-high-2-out","24":"pa_groessen-903","25":"pa_groessen-904","26":"pa_groessen-905","27":"pa_groessen-906","28":"pa_groessen-907","29":"pa_groessen-908","30":"pa_groessen-909","31":"pa_groessen-910","32":"pa_groessen-917","33":"pa_groessen-890","34":"pa_groessen-891","35":"pa_groessen-892","36":"pa_groessen-893","37":"pa_groessen-895","38":"pa_groessen-896","39":"pa_groessen-897","40":"pa_groessen-898","41":"pa_groessen-899","42":"pa_groessen-900","43":"pa_groessen-901","44":"pa_groessen-902","45":"pa_obermaterial-nubukleder","46":"pa_obermaterial-verloursleder","47":"pa_sohle-vibram-planet-gummi-eva-keil","49":"first","50":"instock","51":"taxable","52":"shipping-taxable","53":"purchasable","54":"product-type-variable","55":"wvs-archive-product-wrapper"},"_links":{"self":[{"href":"https:\/\/www.stadler-schuhe.at\/en\/wp-json\/wp\/v2\/product\/8178","targetHints":{"allow":["GET"]}}],"collection":[{"href":"https:\/\/www.stadler-schuhe.at\/en\/wp-json\/wp\/v2\/product"}],"about":[{"href":"https:\/\/www.stadler-schuhe.at\/en\/wp-json\/wp\/v2\/types\/product"}],"replies":[{"embeddable":true,"href":"https:\/\/www.stadler-schuhe.at\/en\/wp-json\/wp\/v2\/comments?post=8178"}],"wp:featuredmedia":[{"embeddable":true,"href":"https:\/\/www.stadler-schuhe.at\/en\/wp-json\/wp\/v2\/media\/11529"}],"wp:attachment":[{"href":"https:\/\/www.stadler-schuhe.at\/en\/wp-json\/wp\/v2\/media?parent=8178"}],"wp:term":[{"taxonomy":"product_brand","embeddable":true,"href":"https:\/\/www.stadler-schuhe.at\/en\/wp-json\/wp\/v2\/product_brand?post=8178"},{"taxonomy":"product_cat","embeddable":true,"href":"https:\/\/www.stadler-schuhe.at\/en\/wp-json\/wp\/v2\/product_cat?post=8178"},{"taxonomy":"product_tag","embeddable":true,"href":"https:\/\/www.stadler-schuhe.at\/en\/wp-json\/wp\/v2\/product_tag?post=8178"}],"curies":[{"name":"wp","href":"https:\/\/api.w.org\/{rel}","templated":true}]}}