{"id":7864,"date":"2014-11-17T10:49:07","date_gmt":"2014-11-17T09:49:07","guid":{"rendered":"https:\/\/www.stadler-schuhe.at\/?post_type=product&#038;p=7864"},"modified":"2026-04-11T13:26:17","modified_gmt":"2026-04-11T11:26:17","slug":"kirchberg-ice","status":"publish","type":"product","link":"https:\/\/www.stadler-schuhe.at\/en\/schuhe\/winter\/kirchberg-ice\/","title":{"rendered":"Kirchberg ICE"},"content":{"rendered":"","protected":false},"excerpt":{"rendered":"<p><img loading=\"lazy\" decoding=\"async\" class=\"alignnone size-full wp-image-7814\" src=\"https:\/\/www.stadler-schuhe.at\/wp-content\/uploads\/2014\/11\/lamm.jpg\" alt=\"Pixeliges Schaf, Symbol f\u00fcr echte Lammfellprodukte bei Stadler Schuhe in W\u00f6rgl.\" width=\"45\" height=\"56\">\u00a0\u00a0<img loading=\"lazy\" decoding=\"async\" class=\"alignnone size-full wp-image-8199\" src=\"https:\/\/www.stadler-schuhe.at\/wp-content\/uploads\/2015\/03\/davos.jpg\" alt=\"Orangefarbenes Davos-Logo mit wei\u00dfem \u201eD\u201c. Ideal f\u00fcr Stadler Schuhe in W\u00f6rgl. Modernes, ansprechendes Design, passend f\u00fcr Schuhgesch\u00e4fte und Markenpr\u00e4sentationen.\" width=\"45\" height=\"50\">\u00a0 \u00a0<img loading=\"lazy\" decoding=\"async\" class=\"alignnone size-full wp-image-11588\" src=\"https:\/\/www.stadler-schuhe.at\/wp-content\/uploads\/2014\/11\/supergrip.jpg\" alt='Logo mit dem Text \"SUPERGRIP\", ideal f\u00fcr Schuhsohlen bei Stadler Schuhe in W\u00f6rgl, bekannt f\u00fcr hochwertige, rutschfeste Schuhmode und professionelle Beratung.' width=\"200\" height=\"18\" srcset=\"https:\/\/www.stadler-schuhe.at\/wp-content\/uploads\/2014\/11\/supergrip.jpg 200w, https:\/\/www.stadler-schuhe.at\/wp-content\/uploads\/2014\/11\/supergrip-64x6.jpg 64w, https:\/\/www.stadler-schuhe.at\/wp-content\/uploads\/2014\/11\/supergrip-600x54.jpg 600w\" sizes=\"auto, (max-width: 200px) 100vw, 200px\" \/>\u00a0 \u00a0<img loading=\"lazy\" decoding=\"async\" class=\"alignnone size-full wp-image-8151\" src=\"https:\/\/www.stadler-schuhe.at\/wp-content\/uploads\/2014\/05\/sympatex_logo.jpg\" alt=\"Sympatex Logo, hochwertige Materialien f\u00fcr Stadler Schuhe in W\u00f6rgl, modernes Design, innovative Schuhtechnologie f\u00fcr Komfort und Stil.\" width=\"67\" height=\"50\" srcset=\"https:\/\/www.stadler-schuhe.at\/wp-content\/uploads\/2014\/05\/sympatex_logo.jpg 67w, https:\/\/www.stadler-schuhe.at\/wp-content\/uploads\/2014\/05\/sympatex_logo-64x48.jpg 64w\" sizes=\"auto, (max-width: 67px) 100vw, 67px\" \/><\/p>\n<hr>\n<p><img loading=\"lazy\" decoding=\"async\" width=\"1640\" height=\"289\" class=\"alignnone wp-image-37075\" src=\"https:\/\/www.stadler-schuhe.at\/wp-content\/uploads\/2021\/11\/grossentabelle.jpg\" alt=\"Gr\u00f6\u00dfentabelle mit Schuhgr\u00f6\u00dfen, ideal f\u00fcr Stadler Schuhe in W\u00f6rgl, zeigt verschiedene EU-Gr\u00f6\u00dfen und Zwischengr\u00f6\u00dfen zur optimalen Auswahl von passendem Schuhwerk.\" srcset=\"https:\/\/www.stadler-schuhe.at\/wp-content\/uploads\/2021\/11\/grossentabelle.jpg 1640w, https:\/\/www.stadler-schuhe.at\/wp-content\/uploads\/2021\/11\/grossentabelle-500x88.jpg 500w, https:\/\/www.stadler-schuhe.at\/wp-content\/uploads\/2021\/11\/grossentabelle-64x11.jpg 64w, https:\/\/www.stadler-schuhe.at\/wp-content\/uploads\/2021\/11\/grossentabelle-300x53.jpg 300w, https:\/\/www.stadler-schuhe.at\/wp-content\/uploads\/2021\/11\/grossentabelle-1024x180.jpg 1024w, https:\/\/www.stadler-schuhe.at\/wp-content\/uploads\/2021\/11\/grossentabelle-768x135.jpg 768w, https:\/\/www.stadler-schuhe.at\/wp-content\/uploads\/2021\/11\/grossentabelle-1536x271.jpg 1536w, https:\/\/www.stadler-schuhe.at\/wp-content\/uploads\/2021\/11\/grossentabelle-468x82.jpg 468w, https:\/\/www.stadler-schuhe.at\/wp-content\/uploads\/2021\/11\/grossentabelle-936x165.jpg 936w\" sizes=\"auto, (max-width: 1640px) 100vw, 1640px\" \/><\/p>","protected":false},"featured_media":36163,"comment_status":"open","ping_status":"closed","template":"","meta":[],"product_brand":[],"product_cat":[259],"product_tag":[954,953],"class_list":{"0":"post-7864","1":"product","2":"type-product","3":"status-publish","4":"has-post-thumbnail","6":"product_cat-winter","7":"product_tag-kirchberg","8":"product_tag-kirchberg-ice","9":"pa_farbe-grau","10":"pa_farbe-nero-blau","11":"pa_farbe-nero-rot","12":"pa_fussbett-lammfell-komfort-wechselfussbett","13":"pa_futtermaterial-echtes-lammfell-chromfrei","14":"pa_futtermaterial-sympatex-futter","15":"pa_groessen-903","16":"pa_groessen-904","17":"pa_groessen-905","18":"pa_groessen-906","19":"pa_groessen-907","20":"pa_groessen-908","21":"pa_groessen-909","22":"pa_groessen-910","23":"pa_groessen-917","24":"pa_groessen-890","25":"pa_groessen-891","26":"pa_groessen-892","27":"pa_groessen-893","28":"pa_groessen-895","29":"pa_groessen-896","30":"pa_groessen-897","31":"pa_groessen-898","32":"pa_groessen-899","33":"pa_groessen-900","34":"pa_groessen-901","35":"pa_groessen-902","36":"pa_obermaterial-loden","37":"pa_obermaterial-veloursleder","38":"pa_sohle-davos-contact-supergrip-ice-gummisohle-mit-silizium-carbon-inlays-eva-keil","40":"first","41":"instock","42":"featured","43":"taxable","44":"shipping-taxable","45":"purchasable","46":"product-type-variable","47":"wvs-archive-product-wrapper"},"_links":{"self":[{"href":"https:\/\/www.stadler-schuhe.at\/en\/wp-json\/wp\/v2\/product\/7864","targetHints":{"allow":["GET"]}}],"collection":[{"href":"https:\/\/www.stadler-schuhe.at\/en\/wp-json\/wp\/v2\/product"}],"about":[{"href":"https:\/\/www.stadler-schuhe.at\/en\/wp-json\/wp\/v2\/types\/product"}],"replies":[{"embeddable":true,"href":"https:\/\/www.stadler-schuhe.at\/en\/wp-json\/wp\/v2\/comments?post=7864"}],"wp:featuredmedia":[{"embeddable":true,"href":"https:\/\/www.stadler-schuhe.at\/en\/wp-json\/wp\/v2\/media\/36163"}],"wp:attachment":[{"href":"https:\/\/www.stadler-schuhe.at\/en\/wp-json\/wp\/v2\/media?parent=7864"}],"wp:term":[{"taxonomy":"product_brand","embeddable":true,"href":"https:\/\/www.stadler-schuhe.at\/en\/wp-json\/wp\/v2\/product_brand?post=7864"},{"taxonomy":"product_cat","embeddable":true,"href":"https:\/\/www.stadler-schuhe.at\/en\/wp-json\/wp\/v2\/product_cat?post=7864"},{"taxonomy":"product_tag","embeddable":true,"href":"https:\/\/www.stadler-schuhe.at\/en\/wp-json\/wp\/v2\/product_tag?post=7864"}],"curies":[{"name":"wp","href":"https:\/\/api.w.org\/{rel}","templated":true}]}}