{"id":7837,"date":"2014-11-14T12:19:59","date_gmt":"2014-11-14T10:19:59","guid":{"rendered":"https:\/\/www.stadler-schuhe.at\/?post_type=product&#038;p=7837"},"modified":"2026-04-11T13:26:10","modified_gmt":"2026-04-11T11:26:10","slug":"heidi","status":"publish","type":"product","link":"https:\/\/www.stadler-schuhe.at\/en\/schuhe\/winter\/heidi\/","title":{"rendered":"Heidi"},"content":{"rendered":"","protected":false},"excerpt":{"rendered":"<p><img loading=\"lazy\" decoding=\"async\" class=\"alignnone size-full wp-image-7814\" src=\"https:\/\/www.stadler-schuhe.at\/wp-content\/uploads\/2014\/11\/lamm.jpg\" alt=\"Pixeliges Schaf, Symbol f\u00fcr echte Lammfellprodukte bei Stadler Schuhe in W\u00f6rgl.\" width=\"45\" height=\"56\">\u00a0 <img loading=\"lazy\" decoding=\"async\" class=\"alignnone size-full wp-image-7815\" src=\"https:\/\/www.stadler-schuhe.at\/wp-content\/uploads\/2014\/11\/luft.jpg\" alt=\"Stadler Schuhe Luftpolster Symbol in Wolkenform, ideal f\u00fcr bequeme Schuhe in W\u00f6rgl.\" width=\"53\" height=\"56\" srcset=\"https:\/\/www.stadler-schuhe.at\/wp-content\/uploads\/2014\/11\/luft.jpg 53w, https:\/\/www.stadler-schuhe.at\/wp-content\/uploads\/2014\/11\/luft-600x633.jpg 600w\" sizes=\"auto, (max-width: 53px) 100vw, 53px\" \/><\/p>\n<hr>\n<p><img loading=\"lazy\" decoding=\"async\" width=\"1640\" height=\"289\" class=\"alignnone wp-image-37075\" src=\"https:\/\/www.stadler-schuhe.at\/wp-content\/uploads\/2021\/11\/grossentabelle.jpg\" alt=\"Gr\u00f6\u00dfentabelle mit Schuhgr\u00f6\u00dfen, ideal f\u00fcr Stadler Schuhe in W\u00f6rgl, zeigt verschiedene EU-Gr\u00f6\u00dfen und Zwischengr\u00f6\u00dfen zur optimalen Auswahl von passendem Schuhwerk.\" srcset=\"https:\/\/www.stadler-schuhe.at\/wp-content\/uploads\/2021\/11\/grossentabelle.jpg 1640w, https:\/\/www.stadler-schuhe.at\/wp-content\/uploads\/2021\/11\/grossentabelle-500x88.jpg 500w, https:\/\/www.stadler-schuhe.at\/wp-content\/uploads\/2021\/11\/grossentabelle-64x11.jpg 64w, https:\/\/www.stadler-schuhe.at\/wp-content\/uploads\/2021\/11\/grossentabelle-300x53.jpg 300w, https:\/\/www.stadler-schuhe.at\/wp-content\/uploads\/2021\/11\/grossentabelle-1024x180.jpg 1024w, https:\/\/www.stadler-schuhe.at\/wp-content\/uploads\/2021\/11\/grossentabelle-768x135.jpg 768w, https:\/\/www.stadler-schuhe.at\/wp-content\/uploads\/2021\/11\/grossentabelle-1536x271.jpg 1536w, https:\/\/www.stadler-schuhe.at\/wp-content\/uploads\/2021\/11\/grossentabelle-468x82.jpg 468w, https:\/\/www.stadler-schuhe.at\/wp-content\/uploads\/2021\/11\/grossentabelle-936x165.jpg 936w\" sizes=\"auto, (max-width: 1640px) 100vw, 1640px\" \/><\/p>","protected":false},"featured_media":40749,"comment_status":"open","ping_status":"closed","template":"","meta":[],"product_brand":[],"product_cat":[706,259],"product_tag":[],"class_list":{"0":"post-7837","1":"product","2":"type-product","3":"status-publish","4":"has-post-thumbnail","6":"product_cat-stiefel","7":"product_cat-winter","8":"pa_farbe-fango","9":"pa_farbe-grau","10":"pa_farbe-haselnuss","11":"pa_farbe-marmor","12":"pa_farbe-nero","13":"pa_farbe-schwarz-barock","14":"pa_farbe-schwarz-bordo","15":"pa_farbe-schwarz-floral","16":"pa_farbe-schwarz-perla","17":"pa_farbe-testa-di-moro","18":"pa_fussbett-lammfell-komfort-wechselfussbett","19":"pa_futtermaterial-echtes-lammfell","20":"pa_groessen-890","21":"pa_groessen-891","22":"pa_groessen-892","23":"pa_groessen-893","24":"pa_groessen-895","25":"pa_groessen-896","26":"pa_groessen-897","27":"pa_groessen-898","28":"pa_groessen-899","29":"pa_groessen-900","30":"pa_groessen-901","31":"pa_obermaterial-nappa-veloursleder-kombination-nero","32":"pa_obermaterial-nubuk-veloursleder-kombination-fango-haselnuss-marmor","34":"first","35":"instock","36":"featured","37":"taxable","38":"shipping-taxable","39":"purchasable","40":"product-type-variable","41":"wvs-archive-product-wrapper"},"_links":{"self":[{"href":"https:\/\/www.stadler-schuhe.at\/en\/wp-json\/wp\/v2\/product\/7837","targetHints":{"allow":["GET"]}}],"collection":[{"href":"https:\/\/www.stadler-schuhe.at\/en\/wp-json\/wp\/v2\/product"}],"about":[{"href":"https:\/\/www.stadler-schuhe.at\/en\/wp-json\/wp\/v2\/types\/product"}],"replies":[{"embeddable":true,"href":"https:\/\/www.stadler-schuhe.at\/en\/wp-json\/wp\/v2\/comments?post=7837"}],"wp:featuredmedia":[{"embeddable":true,"href":"https:\/\/www.stadler-schuhe.at\/en\/wp-json\/wp\/v2\/media\/40749"}],"wp:attachment":[{"href":"https:\/\/www.stadler-schuhe.at\/en\/wp-json\/wp\/v2\/media?parent=7837"}],"wp:term":[{"taxonomy":"product_brand","embeddable":true,"href":"https:\/\/www.stadler-schuhe.at\/en\/wp-json\/wp\/v2\/product_brand?post=7837"},{"taxonomy":"product_cat","embeddable":true,"href":"https:\/\/www.stadler-schuhe.at\/en\/wp-json\/wp\/v2\/product_cat?post=7837"},{"taxonomy":"product_tag","embeddable":true,"href":"https:\/\/www.stadler-schuhe.at\/en\/wp-json\/wp\/v2\/product_tag?post=7837"}],"curies":[{"name":"wp","href":"https:\/\/api.w.org\/{rel}","templated":true}]}}