{"id":7762,"date":"2014-05-14T15:43:29","date_gmt":"2014-05-14T13:43:29","guid":{"rendered":"https:\/\/www.stadler-schuhe.at\/neu\/?post_type=product&#038;p=7762"},"modified":"2026-04-11T13:26:17","modified_gmt":"2026-04-11T11:26:17","slug":"trachten-socken-struempfe","status":"publish","type":"product","link":"https:\/\/www.stadler-schuhe.at\/en\/schuhe\/zubehoer\/trachten-socken-struempfe\/","title":{"rendered":"Traditional socks \/ stockings"},"content":{"rendered":"","protected":false},"excerpt":{"rendered":"<p>Matching our Haferl shoes<\/p>\n<p>traditional folk costume socks and stockings:<\/p>\n<p><img loading=\"lazy\" decoding=\"async\" src=\"https:\/\/www.stadler-schuhe.at\/wp-content\/uploads\/2014\/09\/canvas_arrow-left_02.png\" alt=\"Logo von Stadler Schuhe, einem bekannten Schuhgesch\u00e4ft in W\u00f6rgl, schwarzes Symbol auf wei\u00dfem Hintergrund. Ideal f\u00fcr hochwertige Schuhe und professionellen Service.\" width=\"19\" height=\"19\" align=\"top\"> Skin-friendly, comfortable blended fabric: 50% cotton + 50% linen<\/p>\n<p><img loading=\"lazy\" decoding=\"async\" src=\"https:\/\/www.stadler-schuhe.at\/wp-content\/uploads\/2014\/09\/canvas_arrow-left_02.png\" alt=\"Logo von Stadler Schuhe, einem bekannten Schuhgesch\u00e4ft in W\u00f6rgl, schwarzes Symbol auf wei\u00dfem Hintergrund. Ideal f\u00fcr hochwertige Schuhe und professionellen Service.\" width=\"19\" height=\"19\" align=\"top\"> Overlock seam in the area of<\/p>\n<p>Toes: No pressure points!<\/p>","protected":false},"featured_media":7764,"comment_status":"open","ping_status":"closed","template":"","meta":[],"product_brand":[],"product_cat":[97],"product_tag":[256,258,257],"class_list":{"0":"post-7762","1":"product","2":"type-product","3":"status-publish","4":"has-post-thumbnail","6":"product_cat-zubehoer","7":"product_tag-socken","8":"product_tag-struempfe","9":"product_tag-trachten-socken","10":"pa_groessen-36-38","11":"pa_groessen-39-41","12":"pa_groessen-41-43","13":"pa_groessen-43-45","14":"pa_groessen-46-47","16":"first","17":"instock","18":"taxable","19":"shipping-taxable","20":"purchasable","21":"product-type-variable","22":"wvs-archive-product-wrapper"},"_links":{"self":[{"href":"https:\/\/www.stadler-schuhe.at\/en\/wp-json\/wp\/v2\/product\/7762","targetHints":{"allow":["GET"]}}],"collection":[{"href":"https:\/\/www.stadler-schuhe.at\/en\/wp-json\/wp\/v2\/product"}],"about":[{"href":"https:\/\/www.stadler-schuhe.at\/en\/wp-json\/wp\/v2\/types\/product"}],"replies":[{"embeddable":true,"href":"https:\/\/www.stadler-schuhe.at\/en\/wp-json\/wp\/v2\/comments?post=7762"}],"wp:featuredmedia":[{"embeddable":true,"href":"https:\/\/www.stadler-schuhe.at\/en\/wp-json\/wp\/v2\/media\/7764"}],"wp:attachment":[{"href":"https:\/\/www.stadler-schuhe.at\/en\/wp-json\/wp\/v2\/media?parent=7762"}],"wp:term":[{"taxonomy":"product_brand","embeddable":true,"href":"https:\/\/www.stadler-schuhe.at\/en\/wp-json\/wp\/v2\/product_brand?post=7762"},{"taxonomy":"product_cat","embeddable":true,"href":"https:\/\/www.stadler-schuhe.at\/en\/wp-json\/wp\/v2\/product_cat?post=7762"},{"taxonomy":"product_tag","embeddable":true,"href":"https:\/\/www.stadler-schuhe.at\/en\/wp-json\/wp\/v2\/product_tag?post=7762"}],"curies":[{"name":"wp","href":"https:\/\/api.w.org\/{rel}","templated":true}]}}