{"id":7748,"date":"2014-05-14T15:16:11","date_gmt":"2014-05-14T13:16:11","guid":{"rendered":"https:\/\/www.stadler-schuhe.at\/neu\/?post_type=product&#038;p=7748"},"modified":"2026-04-11T13:26:12","modified_gmt":"2026-04-11T11:26:12","slug":"kitzbuehel-kitzbuehel-ls","status":"publish","type":"product","link":"https:\/\/www.stadler-schuhe.at\/en\/schuhe\/trachtenschuhe\/kitzbuehel-kitzbuehel-ls\/","title":{"rendered":"KITZB\u00dcHEL"},"content":{"rendered":"","protected":false},"excerpt":{"rendered":"<p><img loading=\"lazy\" decoding=\"async\" class=\"alignnone size-full wp-image-8101\" src=\"https:\/\/www.stadler-schuhe.at\/wp-content\/uploads\/2015\/03\/echtleder_logo.jpg\" alt=\"Stadler Schuhe W\u00f6rgl, echtes Leder-Futter, Qualit\u00e4tszeichen auf beigefarbenem Hintergrund.\" width=\"34\" height=\"50\">\u00a0 \u00a0<img loading=\"lazy\" decoding=\"async\" class=\"alignnone size-full wp-image-8102\" src=\"https:\/\/www.stadler-schuhe.at\/wp-content\/uploads\/2015\/03\/luftpolster_logo.jpg\" alt=\"Stadler Schuhe W\u00f6rgl Logo mit stilisierter Wolke, darunter Schrift Luftpolster, modernes Design f\u00fcr bequeme Schuhe.\" width=\"67\" height=\"50\" srcset=\"https:\/\/www.stadler-schuhe.at\/wp-content\/uploads\/2015\/03\/luftpolster_logo.jpg 67w, https:\/\/www.stadler-schuhe.at\/wp-content\/uploads\/2015\/03\/luftpolster_logo-64x48.jpg 64w, https:\/\/www.stadler-schuhe.at\/wp-content\/uploads\/2015\/03\/luftpolster_logo-600x447.jpg 600w\" sizes=\"auto, (max-width: 67px) 100vw, 67px\" \/>\u00a0 \u00a0<img loading=\"lazy\" decoding=\"async\" class=\"alignnone size-full wp-image-8199\" src=\"https:\/\/www.stadler-schuhe.at\/wp-content\/uploads\/2015\/03\/davos.jpg\" alt=\"Orangefarbenes Davos-Logo mit wei\u00dfem \u201eD\u201c. Ideal f\u00fcr Stadler Schuhe in W\u00f6rgl. Modernes, ansprechendes Design, passend f\u00fcr Schuhgesch\u00e4fte und Markenpr\u00e4sentationen.\" width=\"45\" height=\"50\"><\/p>\n<hr>\n<p><img loading=\"lazy\" decoding=\"async\" width=\"1640\" height=\"289\" class=\"alignnone wp-image-37075\" src=\"https:\/\/www.stadler-schuhe.at\/wp-content\/uploads\/2021\/11\/grossentabelle.jpg\" alt=\"Gr\u00f6\u00dfentabelle mit Schuhgr\u00f6\u00dfen, ideal f\u00fcr Stadler Schuhe in W\u00f6rgl, zeigt verschiedene EU-Gr\u00f6\u00dfen und Zwischengr\u00f6\u00dfen zur optimalen Auswahl von passendem Schuhwerk.\" srcset=\"https:\/\/www.stadler-schuhe.at\/wp-content\/uploads\/2021\/11\/grossentabelle.jpg 1640w, https:\/\/www.stadler-schuhe.at\/wp-content\/uploads\/2021\/11\/grossentabelle-500x88.jpg 500w, https:\/\/www.stadler-schuhe.at\/wp-content\/uploads\/2021\/11\/grossentabelle-64x11.jpg 64w, https:\/\/www.stadler-schuhe.at\/wp-content\/uploads\/2021\/11\/grossentabelle-300x53.jpg 300w, https:\/\/www.stadler-schuhe.at\/wp-content\/uploads\/2021\/11\/grossentabelle-1024x180.jpg 1024w, https:\/\/www.stadler-schuhe.at\/wp-content\/uploads\/2021\/11\/grossentabelle-768x135.jpg 768w, https:\/\/www.stadler-schuhe.at\/wp-content\/uploads\/2021\/11\/grossentabelle-1536x271.jpg 1536w, https:\/\/www.stadler-schuhe.at\/wp-content\/uploads\/2021\/11\/grossentabelle-468x82.jpg 468w, https:\/\/www.stadler-schuhe.at\/wp-content\/uploads\/2021\/11\/grossentabelle-936x165.jpg 936w\" sizes=\"auto, (max-width: 1640px) 100vw, 1640px\" \/><\/p>","protected":false},"featured_media":29347,"comment_status":"open","ping_status":"closed","template":"","meta":[],"product_brand":[],"product_cat":[203],"product_tag":[360,332,333,358,359,334,331,335,336],"class_list":{"0":"post-7748","1":"product","2":"type-product","3":"status-publish","4":"has-post-thumbnail","6":"product_cat-trachtenschuhe","7":"product_tag-haferl","8":"product_tag-haferlschuhe","9":"product_tag-haferschuhe-oesterreich","10":"product_tag-kitzbuehel","11":"product_tag-kitzbuehel-ls","12":"product_tag-stadler-schuhe","13":"product_tag-trachtenschuhe","14":"product_tag-trachtenschuhe-oesterreich","15":"product_tag-trachtenschuhe-tirol","16":"pa_farbe-ahorn","17":"pa_farbe-schwarz","18":"pa_fussbett-komfort-wechselfussbett","19":"pa_futtermaterial-kalblederfutter","20":"pa_groessen-903","21":"pa_groessen-904","22":"pa_groessen-905","23":"pa_groessen-906","24":"pa_groessen-907","25":"pa_groessen-908","26":"pa_groessen-909","27":"pa_groessen-910","28":"pa_groessen-895","29":"pa_groessen-896","30":"pa_groessen-897","31":"pa_groessen-898","32":"pa_groessen-899","33":"pa_groessen-900","34":"pa_groessen-901","35":"pa_groessen-902","36":"pa_obermaterial-hirschleder","37":"pa_sohle-tirol-tr-luftpolster","39":"first","40":"instock","41":"taxable","42":"shipping-taxable","43":"purchasable","44":"product-type-variable","45":"wvs-archive-product-wrapper"},"_links":{"self":[{"href":"https:\/\/www.stadler-schuhe.at\/en\/wp-json\/wp\/v2\/product\/7748","targetHints":{"allow":["GET"]}}],"collection":[{"href":"https:\/\/www.stadler-schuhe.at\/en\/wp-json\/wp\/v2\/product"}],"about":[{"href":"https:\/\/www.stadler-schuhe.at\/en\/wp-json\/wp\/v2\/types\/product"}],"replies":[{"embeddable":true,"href":"https:\/\/www.stadler-schuhe.at\/en\/wp-json\/wp\/v2\/comments?post=7748"}],"wp:featuredmedia":[{"embeddable":true,"href":"https:\/\/www.stadler-schuhe.at\/en\/wp-json\/wp\/v2\/media\/29347"}],"wp:attachment":[{"href":"https:\/\/www.stadler-schuhe.at\/en\/wp-json\/wp\/v2\/media?parent=7748"}],"wp:term":[{"taxonomy":"product_brand","embeddable":true,"href":"https:\/\/www.stadler-schuhe.at\/en\/wp-json\/wp\/v2\/product_brand?post=7748"},{"taxonomy":"product_cat","embeddable":true,"href":"https:\/\/www.stadler-schuhe.at\/en\/wp-json\/wp\/v2\/product_cat?post=7748"},{"taxonomy":"product_tag","embeddable":true,"href":"https:\/\/www.stadler-schuhe.at\/en\/wp-json\/wp\/v2\/product_tag?post=7748"}],"curies":[{"name":"wp","href":"https:\/\/api.w.org\/{rel}","templated":true}]}}