{"id":7739,"date":"2014-05-14T15:07:43","date_gmt":"2014-05-14T13:07:43","guid":{"rendered":"https:\/\/www.stadler-schuhe.at\/neu\/?post_type=product&#038;p=7739"},"modified":"2026-04-12T04:43:36","modified_gmt":"2026-04-12T02:43:36","slug":"anton","status":"publish","type":"product","link":"https:\/\/www.stadler-schuhe.at\/en\/schuhe\/trachtenschuhe\/anton\/","title":{"rendered":"Anton"},"content":{"rendered":"","protected":false},"excerpt":{"rendered":"<p><img loading=\"lazy\" decoding=\"async\" class=\"alignnone size-full wp-image-8101\" src=\"https:\/\/www.stadler-schuhe.at\/wp-content\/uploads\/2015\/03\/echtleder_logo.jpg\" alt=\"Stadler Schuhe W\u00f6rgl, echtes Leder-Futter, Qualit\u00e4tszeichen auf beigefarbenem Hintergrund.\" width=\"34\" height=\"50\">\u00a0 \u00a0<img loading=\"lazy\" decoding=\"async\" class=\"alignnone size-full wp-image-8102\" src=\"https:\/\/www.stadler-schuhe.at\/wp-content\/uploads\/2015\/03\/luftpolster_logo.jpg\" alt=\"Stadler Schuhe W\u00f6rgl Logo mit stilisierter Wolke, darunter Schrift Luftpolster, modernes Design f\u00fcr bequeme Schuhe.\" width=\"67\" height=\"50\" srcset=\"https:\/\/www.stadler-schuhe.at\/wp-content\/uploads\/2015\/03\/luftpolster_logo.jpg 67w, https:\/\/www.stadler-schuhe.at\/wp-content\/uploads\/2015\/03\/luftpolster_logo-64x48.jpg 64w, https:\/\/www.stadler-schuhe.at\/wp-content\/uploads\/2015\/03\/luftpolster_logo-600x447.jpg 600w\" sizes=\"auto, (max-width: 67px) 100vw, 67px\" \/><\/p>\n<hr>\n<p><img loading=\"lazy\" decoding=\"async\" width=\"1640\" height=\"289\" class=\"alignnone wp-image-37075\" src=\"https:\/\/www.stadler-schuhe.at\/wp-content\/uploads\/2021\/11\/grossentabelle.jpg\" alt=\"Gr\u00f6\u00dfentabelle mit Schuhgr\u00f6\u00dfen, ideal f\u00fcr Stadler Schuhe in W\u00f6rgl, zeigt verschiedene EU-Gr\u00f6\u00dfen und Zwischengr\u00f6\u00dfen zur optimalen Auswahl von passendem Schuhwerk.\" srcset=\"https:\/\/www.stadler-schuhe.at\/wp-content\/uploads\/2021\/11\/grossentabelle.jpg 1640w, https:\/\/www.stadler-schuhe.at\/wp-content\/uploads\/2021\/11\/grossentabelle-500x88.jpg 500w, https:\/\/www.stadler-schuhe.at\/wp-content\/uploads\/2021\/11\/grossentabelle-64x11.jpg 64w, https:\/\/www.stadler-schuhe.at\/wp-content\/uploads\/2021\/11\/grossentabelle-300x53.jpg 300w, https:\/\/www.stadler-schuhe.at\/wp-content\/uploads\/2021\/11\/grossentabelle-1024x180.jpg 1024w, https:\/\/www.stadler-schuhe.at\/wp-content\/uploads\/2021\/11\/grossentabelle-768x135.jpg 768w, https:\/\/www.stadler-schuhe.at\/wp-content\/uploads\/2021\/11\/grossentabelle-1536x271.jpg 1536w, https:\/\/www.stadler-schuhe.at\/wp-content\/uploads\/2021\/11\/grossentabelle-468x82.jpg 468w, https:\/\/www.stadler-schuhe.at\/wp-content\/uploads\/2021\/11\/grossentabelle-936x165.jpg 936w\" sizes=\"auto, (max-width: 1640px) 100vw, 1640px\" \/><\/p>","protected":false},"featured_media":26334,"comment_status":"open","ping_status":"closed","template":"","meta":[],"product_brand":[],"product_cat":[203],"product_tag":[232,332,333,334,331,335,336],"class_list":{"0":"post-7739","1":"product","2":"type-product","3":"status-publish","4":"has-post-thumbnail","6":"product_cat-trachtenschuhe","7":"product_tag-anton","8":"product_tag-haferlschuhe","9":"product_tag-haferschuhe-oesterreich","10":"product_tag-stadler-schuhe","11":"product_tag-trachtenschuhe","12":"product_tag-trachtenschuhe-oesterreich","13":"product_tag-trachtenschuhe-tirol","14":"pa_farbe-bison","15":"pa_farbe-schwarz","16":"pa_fussbett-komfort-wechselfussbett","17":"pa_futtermaterial-rindlederfutter","18":"pa_groessen-903","19":"pa_groessen-904","20":"pa_groessen-905","21":"pa_groessen-906","22":"pa_groessen-907","23":"pa_groessen-908","24":"pa_groessen-909","25":"pa_groessen-910","26":"pa_groessen-890","27":"pa_groessen-891","28":"pa_groessen-892","29":"pa_groessen-893","30":"pa_groessen-895","31":"pa_groessen-896","32":"pa_groessen-897","33":"pa_groessen-898","34":"pa_groessen-899","35":"pa_groessen-900","36":"pa_groessen-901","37":"pa_groessen-902","38":"pa_obermaterial-pull-up-rindleder","39":"pa_sohle-tirol-tr-luftpolster","41":"first","42":"instock","43":"taxable","44":"shipping-taxable","45":"purchasable","46":"product-type-variable","47":"wvs-archive-product-wrapper"},"_links":{"self":[{"href":"https:\/\/www.stadler-schuhe.at\/en\/wp-json\/wp\/v2\/product\/7739","targetHints":{"allow":["GET"]}}],"collection":[{"href":"https:\/\/www.stadler-schuhe.at\/en\/wp-json\/wp\/v2\/product"}],"about":[{"href":"https:\/\/www.stadler-schuhe.at\/en\/wp-json\/wp\/v2\/types\/product"}],"replies":[{"embeddable":true,"href":"https:\/\/www.stadler-schuhe.at\/en\/wp-json\/wp\/v2\/comments?post=7739"}],"wp:featuredmedia":[{"embeddable":true,"href":"https:\/\/www.stadler-schuhe.at\/en\/wp-json\/wp\/v2\/media\/26334"}],"wp:attachment":[{"href":"https:\/\/www.stadler-schuhe.at\/en\/wp-json\/wp\/v2\/media?parent=7739"}],"wp:term":[{"taxonomy":"product_brand","embeddable":true,"href":"https:\/\/www.stadler-schuhe.at\/en\/wp-json\/wp\/v2\/product_brand?post=7739"},{"taxonomy":"product_cat","embeddable":true,"href":"https:\/\/www.stadler-schuhe.at\/en\/wp-json\/wp\/v2\/product_cat?post=7739"},{"taxonomy":"product_tag","embeddable":true,"href":"https:\/\/www.stadler-schuhe.at\/en\/wp-json\/wp\/v2\/product_tag?post=7739"}],"curies":[{"name":"wp","href":"https:\/\/api.w.org\/{rel}","templated":true}]}}