{"id":7684,"date":"2014-05-14T09:27:53","date_gmt":"2014-05-14T07:27:53","guid":{"rendered":"https:\/\/www.stadler-schuhe.at\/neu\/?post_type=product&#038;p=7684"},"modified":"2026-04-12T04:41:30","modified_gmt":"2026-04-12T02:41:30","slug":"tramp","status":"publish","type":"product","link":"https:\/\/www.stadler-schuhe.at\/en\/schuhe\/herren\/tramp\/","title":{"rendered":"TRAMP"},"content":{"rendered":"","protected":false},"excerpt":{"rendered":"<p><img loading=\"lazy\" decoding=\"async\" class=\"alignnone size-full wp-image-8102\" src=\"https:\/\/www.stadler-schuhe.at\/wp-content\/uploads\/2015\/03\/luftpolster_logo.jpg\" alt=\"Stadler Schuhe W\u00f6rgl Logo mit stilisierter Wolke, darunter Schrift Luftpolster, modernes Design f\u00fcr bequeme Schuhe.\" width=\"67\" height=\"50\" srcset=\"https:\/\/www.stadler-schuhe.at\/wp-content\/uploads\/2015\/03\/luftpolster_logo.jpg 67w, https:\/\/www.stadler-schuhe.at\/wp-content\/uploads\/2015\/03\/luftpolster_logo-64x48.jpg 64w, https:\/\/www.stadler-schuhe.at\/wp-content\/uploads\/2015\/03\/luftpolster_logo-600x447.jpg 600w\" sizes=\"auto, (max-width: 67px) 100vw, 67px\" \/><\/p>\n<hr>\n<p><img loading=\"lazy\" decoding=\"async\" width=\"1640\" height=\"289\" class=\"alignnone wp-image-37075\" src=\"https:\/\/www.stadler-schuhe.at\/wp-content\/uploads\/2021\/11\/grossentabelle.jpg\" alt=\"Gr\u00f6\u00dfentabelle mit Schuhgr\u00f6\u00dfen, ideal f\u00fcr Stadler Schuhe in W\u00f6rgl, zeigt verschiedene EU-Gr\u00f6\u00dfen und Zwischengr\u00f6\u00dfen zur optimalen Auswahl von passendem Schuhwerk.\" srcset=\"https:\/\/www.stadler-schuhe.at\/wp-content\/uploads\/2021\/11\/grossentabelle.jpg 1640w, https:\/\/www.stadler-schuhe.at\/wp-content\/uploads\/2021\/11\/grossentabelle-500x88.jpg 500w, https:\/\/www.stadler-schuhe.at\/wp-content\/uploads\/2021\/11\/grossentabelle-64x11.jpg 64w, https:\/\/www.stadler-schuhe.at\/wp-content\/uploads\/2021\/11\/grossentabelle-300x53.jpg 300w, https:\/\/www.stadler-schuhe.at\/wp-content\/uploads\/2021\/11\/grossentabelle-1024x180.jpg 1024w, https:\/\/www.stadler-schuhe.at\/wp-content\/uploads\/2021\/11\/grossentabelle-768x135.jpg 768w, https:\/\/www.stadler-schuhe.at\/wp-content\/uploads\/2021\/11\/grossentabelle-1536x271.jpg 1536w, https:\/\/www.stadler-schuhe.at\/wp-content\/uploads\/2021\/11\/grossentabelle-468x82.jpg 468w, https:\/\/www.stadler-schuhe.at\/wp-content\/uploads\/2021\/11\/grossentabelle-936x165.jpg 936w\" sizes=\"auto, (max-width: 1640px) 100vw, 1640px\" \/><\/p>","protected":false},"featured_media":29610,"comment_status":"open","ping_status":"closed","template":"","meta":[],"product_brand":[],"product_cat":[692],"product_tag":[455,393,395,512,511,334,200,186],"class_list":{"0":"post-7684","1":"product","2":"type-product","3":"status-publish","4":"has-post-thumbnail","6":"product_cat-herren","7":"product_tag-freizeitschuhe","8":"product_tag-schuhe","9":"product_tag-schuhe-oesterreich","10":"product_tag-schuhe-tirol","11":"product_tag-stadler","12":"product_tag-stadler-schuhe","13":"product_tag-tramp","14":"product_tag-walker","15":"pa_farbe-fango","16":"pa_farbe-fumo","17":"pa_farbe-kastanie","18":"pa_farbe-mocca-trueffel","19":"pa_farbe-nero-granit","20":"pa_farbe-schwarz","21":"pa_fussbett-komfort-wechselfussbett","22":"pa_futtermaterial-ungefuettert","23":"pa_groessen-903","24":"pa_groessen-904","25":"pa_groessen-905","26":"pa_groessen-906","27":"pa_groessen-907","28":"pa_groessen-908","29":"pa_groessen-895","30":"pa_groessen-896","31":"pa_groessen-897","32":"pa_groessen-898","33":"pa_groessen-899","34":"pa_groessen-900","35":"pa_groessen-901","36":"pa_groessen-902","37":"pa_obermaterial-anilin-vollrind-schwarz","38":"pa_obermaterial-nubukleder-fumo","39":"pa_sohle-hiker-tr-luftpolster","41":"first","42":"instock","43":"taxable","44":"shipping-taxable","45":"purchasable","46":"product-type-variable","47":"wvs-archive-product-wrapper"},"_links":{"self":[{"href":"https:\/\/www.stadler-schuhe.at\/en\/wp-json\/wp\/v2\/product\/7684","targetHints":{"allow":["GET"]}}],"collection":[{"href":"https:\/\/www.stadler-schuhe.at\/en\/wp-json\/wp\/v2\/product"}],"about":[{"href":"https:\/\/www.stadler-schuhe.at\/en\/wp-json\/wp\/v2\/types\/product"}],"replies":[{"embeddable":true,"href":"https:\/\/www.stadler-schuhe.at\/en\/wp-json\/wp\/v2\/comments?post=7684"}],"wp:featuredmedia":[{"embeddable":true,"href":"https:\/\/www.stadler-schuhe.at\/en\/wp-json\/wp\/v2\/media\/29610"}],"wp:attachment":[{"href":"https:\/\/www.stadler-schuhe.at\/en\/wp-json\/wp\/v2\/media?parent=7684"}],"wp:term":[{"taxonomy":"product_brand","embeddable":true,"href":"https:\/\/www.stadler-schuhe.at\/en\/wp-json\/wp\/v2\/product_brand?post=7684"},{"taxonomy":"product_cat","embeddable":true,"href":"https:\/\/www.stadler-schuhe.at\/en\/wp-json\/wp\/v2\/product_cat?post=7684"},{"taxonomy":"product_tag","embeddable":true,"href":"https:\/\/www.stadler-schuhe.at\/en\/wp-json\/wp\/v2\/product_tag?post=7684"}],"curies":[{"name":"wp","href":"https:\/\/api.w.org\/{rel}","templated":true}]}}