{"id":7640,"date":"2014-05-14T08:52:42","date_gmt":"2014-05-14T06:52:42","guid":{"rendered":"https:\/\/www.stadler-schuhe.at\/neu\/?post_type=product&#038;p=7640"},"modified":"2026-04-09T01:24:30","modified_gmt":"2026-04-08T23:24:30","slug":"kufstein-lady-kufstein-lady-sympatex","status":"publish","type":"product","link":"https:\/\/www.stadler-schuhe.at\/en\/schuhe\/damen\/kufstein-lady-kufstein-lady-sympatex\/","title":{"rendered":"KUFSTEIN LADY \/ KUFSTEIN LADY SympaTex"},"content":{"rendered":"","protected":false},"excerpt":{"rendered":"<p><a href=\"https:\/\/www.stadler-schuhe.at\/wp-content\/uploads\/2014\/05\/luftpolster.jpg\"><img loading=\"lazy\" decoding=\"async\" class=\"alignnone size-full wp-image-7694\" src=\"https:\/\/www.stadler-schuhe.at\/wp-content\/uploads\/2014\/05\/luftpolster.jpg\" alt=\"Stadler Schuhe W\u00f6rgl Luftpolster Symbol, stilisierte Wolke in Blau und Wei\u00df, steht f\u00fcr bequeme und komfortable Schuhe mit Polsterung.\" width=\"71\" height=\"64\" srcset=\"https:\/\/www.stadler-schuhe.at\/wp-content\/uploads\/2014\/05\/luftpolster.jpg 71w, https:\/\/www.stadler-schuhe.at\/wp-content\/uploads\/2014\/05\/luftpolster-64x58.jpg 64w\" sizes=\"auto, (max-width: 71px) 100vw, 71px\" \/><\/a>\u00a0\u00a0 <img loading=\"lazy\" decoding=\"async\" class=\"alignnone size-full wp-image-8103\" src=\"https:\/\/www.stadler-schuhe.at\/wp-content\/uploads\/2015\/03\/vibram_logo.jpg\" alt=\"Vibram\" width=\"77\" height=\"50\" srcset=\"https:\/\/www.stadler-schuhe.at\/wp-content\/uploads\/2015\/03\/vibram_logo.jpg 77w, https:\/\/www.stadler-schuhe.at\/wp-content\/uploads\/2015\/03\/vibram_logo-64x42.jpg 64w\" sizes=\"auto, (max-width: 77px) 100vw, 77px\" \/>\u00a0 \u00a0<img loading=\"lazy\" decoding=\"async\" class=\"alignnone size-full wp-image-8151\" src=\"https:\/\/www.stadler-schuhe.at\/wp-content\/uploads\/2014\/05\/sympatex_logo.jpg\" alt=\"Sympatex Logo, hochwertige Materialien f\u00fcr Stadler Schuhe in W\u00f6rgl, modernes Design, innovative Schuhtechnologie f\u00fcr Komfort und Stil.\" width=\"67\" height=\"50\" srcset=\"https:\/\/www.stadler-schuhe.at\/wp-content\/uploads\/2014\/05\/sympatex_logo.jpg 67w, https:\/\/www.stadler-schuhe.at\/wp-content\/uploads\/2014\/05\/sympatex_logo-64x48.jpg 64w\" sizes=\"auto, (max-width: 67px) 100vw, 67px\" \/><a href=\"https:\/\/www.stadler-schuhe.at\/wp-content\/uploads\/2015\/03\/chromfrei.jpg\"><img loading=\"lazy\" decoding=\"async\" class=\"alignnone size-full wp-image-11669\" src=\"https:\/\/www.stadler-schuhe.at\/wp-content\/uploads\/2015\/03\/chromfrei.jpg\" alt=\"Stadler Schuhe W\u00f6rgl Logo mit braunem Leder-Symbol und Text \u201eFutterleder chromfrei\u201c, ideal f\u00fcr hochwertige, umweltfreundliche Schuhe aus W\u00f6rgl.\" width=\"75\" height=\"80\" srcset=\"https:\/\/www.stadler-schuhe.at\/wp-content\/uploads\/2015\/03\/chromfrei.jpg 75w, https:\/\/www.stadler-schuhe.at\/wp-content\/uploads\/2015\/03\/chromfrei-64x68.jpg 64w\" sizes=\"auto, (max-width: 75px) 100vw, 75px\" \/><\/a><\/p>\n<hr>\n<p><img loading=\"lazy\" decoding=\"async\" width=\"1640\" height=\"289\" class=\"alignnone wp-image-37075\" src=\"https:\/\/www.stadler-schuhe.at\/wp-content\/uploads\/2021\/11\/grossentabelle.jpg\" alt=\"Gr\u00f6\u00dfentabelle mit Schuhgr\u00f6\u00dfen, ideal f\u00fcr Stadler Schuhe in W\u00f6rgl, zeigt verschiedene EU-Gr\u00f6\u00dfen und Zwischengr\u00f6\u00dfen zur optimalen Auswahl von passendem Schuhwerk.\" srcset=\"https:\/\/www.stadler-schuhe.at\/wp-content\/uploads\/2021\/11\/grossentabelle.jpg 1640w, https:\/\/www.stadler-schuhe.at\/wp-content\/uploads\/2021\/11\/grossentabelle-500x88.jpg 500w, https:\/\/www.stadler-schuhe.at\/wp-content\/uploads\/2021\/11\/grossentabelle-64x11.jpg 64w, https:\/\/www.stadler-schuhe.at\/wp-content\/uploads\/2021\/11\/grossentabelle-300x53.jpg 300w, https:\/\/www.stadler-schuhe.at\/wp-content\/uploads\/2021\/11\/grossentabelle-1024x180.jpg 1024w, https:\/\/www.stadler-schuhe.at\/wp-content\/uploads\/2021\/11\/grossentabelle-768x135.jpg 768w, https:\/\/www.stadler-schuhe.at\/wp-content\/uploads\/2021\/11\/grossentabelle-1536x271.jpg 1536w, https:\/\/www.stadler-schuhe.at\/wp-content\/uploads\/2021\/11\/grossentabelle-468x82.jpg 468w, https:\/\/www.stadler-schuhe.at\/wp-content\/uploads\/2021\/11\/grossentabelle-936x165.jpg 936w\" sizes=\"auto, (max-width: 1640px) 100vw, 1640px\" \/><\/p>","protected":false},"featured_media":26500,"comment_status":"open","ping_status":"closed","template":"","meta":[],"product_brand":[],"product_cat":[691],"product_tag":[179,393,395,398,396,394,334,186],"class_list":{"0":"post-7640","1":"product","2":"type-product","3":"status-publish","4":"has-post-thumbnail","6":"product_cat-damen","7":"product_tag-kufstein-lady","8":"product_tag-schuhe","9":"product_tag-schuhe-oesterreich","10":"product_tag-schuhe-wandern","11":"product_tag-schuhe-wien","12":"product_tag-stadler-oesterreich","13":"product_tag-stadler-schuhe","14":"product_tag-walker","15":"pa_farbe-fango","16":"pa_farbe-fumo","17":"pa_farbe-haselnuss","18":"pa_farbe-mocca-trueffel","19":"pa_farbe-sand","20":"pa_farbe-trueffel","21":"pa_fussbett-komfort-wechselfussbett","22":"pa_futtermaterial-rindlederfutter-chromfrei","23":"pa_futtermaterial-sympatex-high-2-out","24":"pa_groessen-889","25":"pa_groessen-890","26":"pa_groessen-891","27":"pa_groessen-892","28":"pa_groessen-893","29":"pa_groessen-895","30":"pa_groessen-896","31":"pa_groessen-897","32":"pa_groessen-898","33":"pa_groessen-899","34":"pa_groessen-900","35":"pa_groessen-901","36":"pa_obermaterial-nubukleder","37":"pa_sohle-vibram-planet-gummi-eva-keil","39":"first","40":"outofstock","41":"taxable","42":"shipping-taxable","43":"product-type-variable","44":"wvs-archive-product-wrapper"},"_links":{"self":[{"href":"https:\/\/www.stadler-schuhe.at\/en\/wp-json\/wp\/v2\/product\/7640","targetHints":{"allow":["GET"]}}],"collection":[{"href":"https:\/\/www.stadler-schuhe.at\/en\/wp-json\/wp\/v2\/product"}],"about":[{"href":"https:\/\/www.stadler-schuhe.at\/en\/wp-json\/wp\/v2\/types\/product"}],"replies":[{"embeddable":true,"href":"https:\/\/www.stadler-schuhe.at\/en\/wp-json\/wp\/v2\/comments?post=7640"}],"wp:featuredmedia":[{"embeddable":true,"href":"https:\/\/www.stadler-schuhe.at\/en\/wp-json\/wp\/v2\/media\/26500"}],"wp:attachment":[{"href":"https:\/\/www.stadler-schuhe.at\/en\/wp-json\/wp\/v2\/media?parent=7640"}],"wp:term":[{"taxonomy":"product_brand","embeddable":true,"href":"https:\/\/www.stadler-schuhe.at\/en\/wp-json\/wp\/v2\/product_brand?post=7640"},{"taxonomy":"product_cat","embeddable":true,"href":"https:\/\/www.stadler-schuhe.at\/en\/wp-json\/wp\/v2\/product_cat?post=7640"},{"taxonomy":"product_tag","embeddable":true,"href":"https:\/\/www.stadler-schuhe.at\/en\/wp-json\/wp\/v2\/product_tag?post=7640"}],"curies":[{"name":"wp","href":"https:\/\/api.w.org\/{rel}","templated":true}]}}