{"id":7613,"date":"2014-05-14T08:29:46","date_gmt":"2014-05-14T06:29:46","guid":{"rendered":"https:\/\/www.stadler-schuhe.at\/neu\/?post_type=product&#038;p=7613"},"modified":"2026-04-11T13:26:09","modified_gmt":"2026-04-11T11:26:09","slug":"zell-junior","status":"publish","type":"product","link":"https:\/\/www.stadler-schuhe.at\/en\/schuhe\/kids\/zell-junior\/","title":{"rendered":"ZELL JUNIOR"},"content":{"rendered":"","protected":false},"excerpt":{"rendered":"<p><img loading=\"lazy\" decoding=\"async\" class=\"alignnone size-full wp-image-8157\" src=\"https:\/\/www.stadler-schuhe.at\/wp-content\/uploads\/2014\/05\/a1.jpg\" alt=\"Gr\u00fcnes Quadrat mit wei\u00dfem Buchstaben A, Symbol verbunden mit Stadler Schuhe in W\u00f6rgl, steht f\u00fcr hochwertige Schuhmode und exzellenten Service.\" width=\"26\" height=\"50\">\u00a0 \u00a0<img loading=\"lazy\" decoding=\"async\" class=\"alignnone size-full wp-image-8151\" src=\"https:\/\/www.stadler-schuhe.at\/wp-content\/uploads\/2014\/05\/sympatex_logo.jpg\" alt=\"Sympatex Logo, hochwertige Materialien f\u00fcr Stadler Schuhe in W\u00f6rgl, modernes Design, innovative Schuhtechnologie f\u00fcr Komfort und Stil.\" width=\"67\" height=\"50\" srcset=\"https:\/\/www.stadler-schuhe.at\/wp-content\/uploads\/2014\/05\/sympatex_logo.jpg 67w, https:\/\/www.stadler-schuhe.at\/wp-content\/uploads\/2014\/05\/sympatex_logo-64x48.jpg 64w\" sizes=\"auto, (max-width: 67px) 100vw, 67px\" \/>\u00a0 \u00a0<img loading=\"lazy\" decoding=\"async\" class=\"alignnone size-full wp-image-8103\" src=\"https:\/\/www.stadler-schuhe.at\/wp-content\/uploads\/2015\/03\/vibram_logo.jpg\" alt=\"Vibram\" width=\"77\" height=\"50\" srcset=\"https:\/\/www.stadler-schuhe.at\/wp-content\/uploads\/2015\/03\/vibram_logo.jpg 77w, https:\/\/www.stadler-schuhe.at\/wp-content\/uploads\/2015\/03\/vibram_logo-64x42.jpg 64w\" sizes=\"auto, (max-width: 77px) 100vw, 77px\" \/><\/p>","protected":false},"featured_media":29586,"comment_status":"open","ping_status":"closed","template":"","meta":[],"product_brand":[],"product_cat":[163],"product_tag":[455,487,494,393,395,398,396,394,334,167],"class_list":{"0":"post-7613","1":"product","2":"type-product","3":"status-publish","4":"has-post-thumbnail","6":"product_cat-kids","7":"product_tag-freizeitschuhe","8":"product_tag-kids-walker","9":"product_tag-kinderschuhe","10":"product_tag-schuhe","11":"product_tag-schuhe-oesterreich","12":"product_tag-schuhe-wandern","13":"product_tag-schuhe-wien","14":"product_tag-stadler-oesterreich","15":"product_tag-stadler-schuhe","16":"product_tag-zell-junior","17":"pa_farbe-blau-cyan","18":"pa_farbe-cyan-apfel","19":"pa_farbe-granit-gruen","20":"pa_farbe-nero-kobalt","21":"pa_fussbett-komfort-wechselfussbett","22":"pa_futtermaterial-sympatex-high-2-out","23":"pa_groessen-887","24":"pa_groessen-886","25":"pa_groessen-878","26":"pa_groessen-879","27":"pa_groessen-885","28":"pa_groessen-880","29":"pa_groessen-874","30":"pa_groessen-882","31":"pa_groessen-875","32":"pa_groessen-881","33":"pa_groessen-876","34":"pa_groessen-877","35":"pa_groessen-883","36":"pa_groessen-884","37":"pa_obermaterial-veloursledertextil","38":"pa_sohle-vibram-twirlkid-gummi","40":"first","41":"instock","42":"taxable","43":"shipping-taxable","44":"purchasable","45":"product-type-variable","46":"wvs-archive-product-wrapper"},"_links":{"self":[{"href":"https:\/\/www.stadler-schuhe.at\/en\/wp-json\/wp\/v2\/product\/7613","targetHints":{"allow":["GET"]}}],"collection":[{"href":"https:\/\/www.stadler-schuhe.at\/en\/wp-json\/wp\/v2\/product"}],"about":[{"href":"https:\/\/www.stadler-schuhe.at\/en\/wp-json\/wp\/v2\/types\/product"}],"replies":[{"embeddable":true,"href":"https:\/\/www.stadler-schuhe.at\/en\/wp-json\/wp\/v2\/comments?post=7613"}],"wp:featuredmedia":[{"embeddable":true,"href":"https:\/\/www.stadler-schuhe.at\/en\/wp-json\/wp\/v2\/media\/29586"}],"wp:attachment":[{"href":"https:\/\/www.stadler-schuhe.at\/en\/wp-json\/wp\/v2\/media?parent=7613"}],"wp:term":[{"taxonomy":"product_brand","embeddable":true,"href":"https:\/\/www.stadler-schuhe.at\/en\/wp-json\/wp\/v2\/product_brand?post=7613"},{"taxonomy":"product_cat","embeddable":true,"href":"https:\/\/www.stadler-schuhe.at\/en\/wp-json\/wp\/v2\/product_cat?post=7613"},{"taxonomy":"product_tag","embeddable":true,"href":"https:\/\/www.stadler-schuhe.at\/en\/wp-json\/wp\/v2\/product_tag?post=7613"}],"curies":[{"name":"wp","href":"https:\/\/api.w.org\/{rel}","templated":true}]}}