{"id":7583,"date":"2014-05-13T14:46:27","date_gmt":"2014-05-13T12:46:27","guid":{"rendered":"https:\/\/www.stadler-schuhe.at\/neu\/?post_type=product&#038;p=7583"},"modified":"2026-04-11T13:26:09","modified_gmt":"2026-04-11T11:26:09","slug":"hochzell-hochzell-sympatex","status":"publish","type":"product","link":"https:\/\/www.stadler-schuhe.at\/en\/schuhe\/outdoor\/hochzell-hochzell-sympatex\/","title":{"rendered":"HOCHZELL \/ HOCHZELL SympaTex"},"content":{"rendered":"","protected":false},"excerpt":{"rendered":"<p><img loading=\"lazy\" decoding=\"async\" class=\"alignnone size-full wp-image-8157\" src=\"https:\/\/www.stadler-schuhe.at\/wp-content\/uploads\/2014\/05\/a1.jpg\" alt=\"Gr\u00fcnes Quadrat mit wei\u00dfem Buchstaben A, Symbol verbunden mit Stadler Schuhe in W\u00f6rgl, steht f\u00fcr hochwertige Schuhmode und exzellenten Service.\" width=\"26\" height=\"50\">\u00a0\u00a0 <img loading=\"lazy\" decoding=\"async\" class=\"alignnone size-full wp-image-8101\" src=\"https:\/\/www.stadler-schuhe.at\/wp-content\/uploads\/2015\/03\/echtleder_logo.jpg\" alt=\"Stadler Schuhe W\u00f6rgl, echtes Leder-Futter, Qualit\u00e4tszeichen auf beigefarbenem Hintergrund.\" width=\"34\" height=\"50\">\u00a0 \u00a0<img loading=\"lazy\" decoding=\"async\" class=\"alignnone size-full wp-image-8103\" src=\"https:\/\/www.stadler-schuhe.at\/wp-content\/uploads\/2015\/03\/vibram_logo.jpg\" alt=\"Vibram\" width=\"77\" height=\"50\" srcset=\"https:\/\/www.stadler-schuhe.at\/wp-content\/uploads\/2015\/03\/vibram_logo.jpg 77w, https:\/\/www.stadler-schuhe.at\/wp-content\/uploads\/2015\/03\/vibram_logo-64x42.jpg 64w\" sizes=\"auto, (max-width: 77px) 100vw, 77px\" \/>\u00a0 \u00a0<img loading=\"lazy\" decoding=\"async\" class=\"alignnone size-full wp-image-8151\" src=\"https:\/\/www.stadler-schuhe.at\/wp-content\/uploads\/2014\/05\/sympatex_logo.jpg\" alt=\"Sympatex Logo, hochwertige Materialien f\u00fcr Stadler Schuhe in W\u00f6rgl, modernes Design, innovative Schuhtechnologie f\u00fcr Komfort und Stil.\" width=\"67\" height=\"50\" srcset=\"https:\/\/www.stadler-schuhe.at\/wp-content\/uploads\/2014\/05\/sympatex_logo.jpg 67w, https:\/\/www.stadler-schuhe.at\/wp-content\/uploads\/2014\/05\/sympatex_logo-64x48.jpg 64w\" sizes=\"auto, (max-width: 67px) 100vw, 67px\" \/><\/p>\n<hr>\n<p><img loading=\"lazy\" decoding=\"async\" width=\"1640\" height=\"289\" class=\"alignnone wp-image-37075\" src=\"https:\/\/www.stadler-schuhe.at\/wp-content\/uploads\/2021\/11\/grossentabelle.jpg\" alt=\"Gr\u00f6\u00dfentabelle mit Schuhgr\u00f6\u00dfen, ideal f\u00fcr Stadler Schuhe in W\u00f6rgl, zeigt verschiedene EU-Gr\u00f6\u00dfen und Zwischengr\u00f6\u00dfen zur optimalen Auswahl von passendem Schuhwerk.\" srcset=\"https:\/\/www.stadler-schuhe.at\/wp-content\/uploads\/2021\/11\/grossentabelle.jpg 1640w, https:\/\/www.stadler-schuhe.at\/wp-content\/uploads\/2021\/11\/grossentabelle-500x88.jpg 500w, https:\/\/www.stadler-schuhe.at\/wp-content\/uploads\/2021\/11\/grossentabelle-64x11.jpg 64w, https:\/\/www.stadler-schuhe.at\/wp-content\/uploads\/2021\/11\/grossentabelle-300x53.jpg 300w, https:\/\/www.stadler-schuhe.at\/wp-content\/uploads\/2021\/11\/grossentabelle-1024x180.jpg 1024w, https:\/\/www.stadler-schuhe.at\/wp-content\/uploads\/2021\/11\/grossentabelle-768x135.jpg 768w, https:\/\/www.stadler-schuhe.at\/wp-content\/uploads\/2021\/11\/grossentabelle-1536x271.jpg 1536w, https:\/\/www.stadler-schuhe.at\/wp-content\/uploads\/2021\/11\/grossentabelle-468x82.jpg 468w, https:\/\/www.stadler-schuhe.at\/wp-content\/uploads\/2021\/11\/grossentabelle-936x165.jpg 936w\" sizes=\"auto, (max-width: 1640px) 100vw, 1640px\" \/><\/p>","protected":false},"featured_media":36164,"comment_status":"open","ping_status":"closed","template":"","meta":[],"product_brand":[],"product_cat":[103],"product_tag":[454,455,146,481,393,395,398,396,394,334],"class_list":{"0":"post-7583","1":"product","2":"type-product","3":"status-publish","4":"has-post-thumbnail","6":"product_cat-outdoor","7":"product_tag-allroundschuhe","8":"product_tag-freizeitschuhe","9":"product_tag-hochzell","10":"product_tag-outdoor-walker","11":"product_tag-schuhe","12":"product_tag-schuhe-oesterreich","13":"product_tag-schuhe-wandern","14":"product_tag-schuhe-wien","15":"product_tag-stadler-oesterreich","16":"product_tag-stadler-schuhe","17":"pa_farbe-anthrazit-rot","18":"pa_farbe-apfel-oliv","19":"pa_farbe-ash-beere","20":"pa_farbe-ash-taupe","21":"pa_farbe-blau-ash","22":"pa_farbe-blau-cyan","23":"pa_farbe-blau-kobalt","24":"pa_farbe-blau-taupe","25":"pa_farbe-kobalt-apfel","26":"pa_farbe-mocca-orange","27":"pa_farbe-nero","28":"pa_farbe-nero-ash","29":"pa_farbe-nero-cyan","30":"pa_farbe-nero-magenta","31":"pa_farbe-rot-nero","32":"pa_farbe-schlamm-moor","33":"pa_farbe-taupe-apfel","34":"pa_fussbett-komfort-wechselfussbett","35":"pa_futtermaterial-rindlederfutter","36":"pa_futtermaterial-sympatex-high-2-out","37":"pa_groessen-903","38":"pa_groessen-904","39":"pa_groessen-905","40":"pa_groessen-906","41":"pa_groessen-907","42":"pa_groessen-908","43":"pa_groessen-909","44":"pa_groessen-910","45":"pa_groessen-917","46":"pa_groessen-890","47":"pa_groessen-891","48":"pa_groessen-892","49":"pa_groessen-893","50":"pa_groessen-895","51":"pa_groessen-896","52":"pa_groessen-897","53":"pa_groessen-898","54":"pa_groessen-899","55":"pa_groessen-900","56":"pa_groessen-901","57":"pa_groessen-902","58":"pa_obermaterial-veloursledertextil","59":"pa_sohle-vibram-tn333-gummi-eva-keil","61":"first","62":"instock","63":"taxable","64":"shipping-taxable","65":"purchasable","66":"product-type-variable","67":"wvs-archive-product-wrapper"},"_links":{"self":[{"href":"https:\/\/www.stadler-schuhe.at\/en\/wp-json\/wp\/v2\/product\/7583","targetHints":{"allow":["GET"]}}],"collection":[{"href":"https:\/\/www.stadler-schuhe.at\/en\/wp-json\/wp\/v2\/product"}],"about":[{"href":"https:\/\/www.stadler-schuhe.at\/en\/wp-json\/wp\/v2\/types\/product"}],"replies":[{"embeddable":true,"href":"https:\/\/www.stadler-schuhe.at\/en\/wp-json\/wp\/v2\/comments?post=7583"}],"wp:featuredmedia":[{"embeddable":true,"href":"https:\/\/www.stadler-schuhe.at\/en\/wp-json\/wp\/v2\/media\/36164"}],"wp:attachment":[{"href":"https:\/\/www.stadler-schuhe.at\/en\/wp-json\/wp\/v2\/media?parent=7583"}],"wp:term":[{"taxonomy":"product_brand","embeddable":true,"href":"https:\/\/www.stadler-schuhe.at\/en\/wp-json\/wp\/v2\/product_brand?post=7583"},{"taxonomy":"product_cat","embeddable":true,"href":"https:\/\/www.stadler-schuhe.at\/en\/wp-json\/wp\/v2\/product_cat?post=7583"},{"taxonomy":"product_tag","embeddable":true,"href":"https:\/\/www.stadler-schuhe.at\/en\/wp-json\/wp\/v2\/product_tag?post=7583"}],"curies":[{"name":"wp","href":"https:\/\/api.w.org\/{rel}","templated":true}]}}