{"id":7550,"date":"2014-05-13T14:13:11","date_gmt":"2014-05-13T12:13:11","guid":{"rendered":"https:\/\/www.stadler-schuhe.at\/neu\/?post_type=product&#038;p=7550"},"modified":"2026-04-11T13:26:15","modified_gmt":"2026-04-11T11:26:15","slug":"ortler-ortler-sympatex","status":"publish","type":"product","link":"https:\/\/www.stadler-schuhe.at\/en\/schuhe\/klassik-trekking\/ortler-ortler-sympatex\/","title":{"rendered":"ORTLER \/ ORTLER II SympaTex"},"content":{"rendered":"","protected":false},"excerpt":{"rendered":"<p><img loading=\"lazy\" decoding=\"async\" class=\"alignnone size-full wp-image-8152\" src=\"https:\/\/www.stadler-schuhe.at\/wp-content\/uploads\/2014\/05\/b.jpg\" alt=\"Gr\u00fcnes Schild mit wei\u00dfem Buchstaben B, Symbol im Kontext von Stadler Schuhe in W\u00f6rgl, perfekte Auswahl f\u00fcr hochwertige Schuhe und exzellenten Service.\" width=\"26\" height=\"50\" srcset=\"https:\/\/www.stadler-schuhe.at\/wp-content\/uploads\/2014\/05\/b.jpg 26w, https:\/\/www.stadler-schuhe.at\/wp-content\/uploads\/2014\/05\/b-600x1153.jpg 600w\" sizes=\"auto, (max-width: 26px) 100vw, 26px\" \/>\u00a0 \u00a0<img loading=\"lazy\" decoding=\"async\" class=\"alignnone size-full wp-image-8101\" src=\"https:\/\/www.stadler-schuhe.at\/wp-content\/uploads\/2015\/03\/echtleder_logo.jpg\" alt=\"Stadler Schuhe W\u00f6rgl, echtes Leder-Futter, Qualit\u00e4tszeichen auf beigefarbenem Hintergrund.\" width=\"34\" height=\"50\">\u00a0 <img loading=\"lazy\" decoding=\"async\" class=\"alignnone wp-image-11523\" src=\"https:\/\/www.stadler-schuhe.at\/wp-content\/uploads\/2014\/05\/eurosuole.jpg\" alt='Textausschnitt zeigt das Wort \"euro\", passend f\u00fcr Stadler Schuhe in W\u00f6rgl, modernes Design, klar lesbare schwarze Buchstaben auf wei\u00dfem Hintergrund.' width=\"152\" height=\"31\" srcset=\"https:\/\/www.stadler-schuhe.at\/wp-content\/uploads\/2014\/05\/eurosuole.jpg 588w, https:\/\/www.stadler-schuhe.at\/wp-content\/uploads\/2014\/05\/eurosuole-500x102.jpg 500w, https:\/\/www.stadler-schuhe.at\/wp-content\/uploads\/2014\/05\/eurosuole-64x13.jpg 64w, https:\/\/www.stadler-schuhe.at\/wp-content\/uploads\/2014\/05\/eurosuole-300x61.jpg 300w, https:\/\/www.stadler-schuhe.at\/wp-content\/uploads\/2014\/05\/eurosuole-330x67.jpg 330w, https:\/\/www.stadler-schuhe.at\/wp-content\/uploads\/2014\/05\/eurosuole-400x82.jpg 400w, https:\/\/www.stadler-schuhe.at\/wp-content\/uploads\/2014\/05\/eurosuole-468x96.jpg 468w\" sizes=\"auto, (max-width: 152px) 100vw, 152px\" \/>\u00a0 \/\u00a0\u00a0<img loading=\"lazy\" decoding=\"async\" class=\"alignnone size-full wp-image-8161\" src=\"https:\/\/www.stadler-schuhe.at\/wp-content\/uploads\/2014\/05\/echt_leder_sympatex.jpg\" alt=\"Stadler Schuhe W\u00f6rgl Logo mit modernem Design, geeignet f\u00fcr hochwertige Schuhe in W\u00f6rgl. Ideal f\u00fcr Modebewusste, die Qualit\u00e4t und Stil bei Stadler Schuhe suchen.\" width=\"127\" height=\"50\" srcset=\"https:\/\/www.stadler-schuhe.at\/wp-content\/uploads\/2014\/05\/echt_leder_sympatex.jpg 127w, https:\/\/www.stadler-schuhe.at\/wp-content\/uploads\/2014\/05\/echt_leder_sympatex-64x25.jpg 64w\" sizes=\"auto, (max-width: 127px) 100vw, 127px\" \/><\/p>\n<hr>\n<p><img loading=\"lazy\" decoding=\"async\" width=\"1640\" height=\"289\" class=\"alignnone wp-image-37075\" src=\"https:\/\/www.stadler-schuhe.at\/wp-content\/uploads\/2021\/11\/grossentabelle.jpg\" alt=\"Gr\u00f6\u00dfentabelle mit Schuhgr\u00f6\u00dfen, ideal f\u00fcr Stadler Schuhe in W\u00f6rgl, zeigt verschiedene EU-Gr\u00f6\u00dfen und Zwischengr\u00f6\u00dfen zur optimalen Auswahl von passendem Schuhwerk.\" srcset=\"https:\/\/www.stadler-schuhe.at\/wp-content\/uploads\/2021\/11\/grossentabelle.jpg 1640w, https:\/\/www.stadler-schuhe.at\/wp-content\/uploads\/2021\/11\/grossentabelle-500x88.jpg 500w, https:\/\/www.stadler-schuhe.at\/wp-content\/uploads\/2021\/11\/grossentabelle-64x11.jpg 64w, https:\/\/www.stadler-schuhe.at\/wp-content\/uploads\/2021\/11\/grossentabelle-300x53.jpg 300w, https:\/\/www.stadler-schuhe.at\/wp-content\/uploads\/2021\/11\/grossentabelle-1024x180.jpg 1024w, https:\/\/www.stadler-schuhe.at\/wp-content\/uploads\/2021\/11\/grossentabelle-768x135.jpg 768w, https:\/\/www.stadler-schuhe.at\/wp-content\/uploads\/2021\/11\/grossentabelle-1536x271.jpg 1536w, https:\/\/www.stadler-schuhe.at\/wp-content\/uploads\/2021\/11\/grossentabelle-468x82.jpg 468w, https:\/\/www.stadler-schuhe.at\/wp-content\/uploads\/2021\/11\/grossentabelle-936x165.jpg 936w\" sizes=\"auto, (max-width: 1640px) 100vw, 1640px\" \/><\/p>","protected":false},"featured_media":36165,"comment_status":"open","ping_status":"closed","template":"","meta":[],"product_brand":[],"product_cat":[88],"product_tag":[420,120,439,393,395,398,396,394,334,397],"class_list":{"0":"post-7550","1":"product","2":"type-product","3":"status-publish","4":"has-post-thumbnail","6":"product_cat-klassik-trekking","7":"product_tag-bergschuh","8":"product_tag-ortler","9":"product_tag-ortler-sympatex","10":"product_tag-schuhe","11":"product_tag-schuhe-oesterreich","12":"product_tag-schuhe-wandern","13":"product_tag-schuhe-wien","14":"product_tag-stadler-oesterreich","15":"product_tag-stadler-schuhe","16":"product_tag-trekkingschuh","17":"pa_farbe-brunal","18":"pa_farbe-stein","19":"pa_fussbett-komfort-wechselfussbett","20":"pa_futtermaterial-rindleder-sympatex","21":"pa_futtermaterial-rindlederfutter","22":"pa_groessen-903","23":"pa_groessen-904","24":"pa_groessen-905","25":"pa_groessen-906","26":"pa_groessen-907","27":"pa_groessen-908","28":"pa_groessen-909","29":"pa_groessen-910","30":"pa_groessen-890","31":"pa_groessen-891","32":"pa_groessen-892","33":"pa_groessen-893","34":"pa_groessen-895","35":"pa_groessen-896","36":"pa_groessen-897","37":"pa_groessen-898","38":"pa_groessen-899","39":"pa_groessen-900","40":"pa_groessen-901","41":"pa_groessen-902","42":"pa_obermaterial-trekking-nubuk","43":"pa_sohle-eurosuole-mauty-trez-gummisohle-pux-keil","45":"first","46":"instock","47":"taxable","48":"shipping-taxable","49":"purchasable","50":"product-type-variable","51":"wvs-archive-product-wrapper"},"_links":{"self":[{"href":"https:\/\/www.stadler-schuhe.at\/en\/wp-json\/wp\/v2\/product\/7550","targetHints":{"allow":["GET"]}}],"collection":[{"href":"https:\/\/www.stadler-schuhe.at\/en\/wp-json\/wp\/v2\/product"}],"about":[{"href":"https:\/\/www.stadler-schuhe.at\/en\/wp-json\/wp\/v2\/types\/product"}],"replies":[{"embeddable":true,"href":"https:\/\/www.stadler-schuhe.at\/en\/wp-json\/wp\/v2\/comments?post=7550"}],"wp:featuredmedia":[{"embeddable":true,"href":"https:\/\/www.stadler-schuhe.at\/en\/wp-json\/wp\/v2\/media\/36165"}],"wp:attachment":[{"href":"https:\/\/www.stadler-schuhe.at\/en\/wp-json\/wp\/v2\/media?parent=7550"}],"wp:term":[{"taxonomy":"product_brand","embeddable":true,"href":"https:\/\/www.stadler-schuhe.at\/en\/wp-json\/wp\/v2\/product_brand?post=7550"},{"taxonomy":"product_cat","embeddable":true,"href":"https:\/\/www.stadler-schuhe.at\/en\/wp-json\/wp\/v2\/product_cat?post=7550"},{"taxonomy":"product_tag","embeddable":true,"href":"https:\/\/www.stadler-schuhe.at\/en\/wp-json\/wp\/v2\/product_tag?post=7550"}],"curies":[{"name":"wp","href":"https:\/\/api.w.org\/{rel}","templated":true}]}}