{"id":62353,"date":"2025-11-25T08:08:47","date_gmt":"2025-11-25T07:08:47","guid":{"rendered":"https:\/\/www.stadler-schuhe.at\/?post_type=product&#038;p=62353"},"modified":"2026-04-11T13:26:14","modified_gmt":"2026-04-11T11:26:14","slug":"stubai-ice","status":"publish","type":"product","link":"https:\/\/www.stadler-schuhe.at\/en\/schuhe\/winter\/stubai-ice\/","title":{"rendered":"Stubai ICE"},"content":{"rendered":"","protected":false},"excerpt":{"rendered":"<p><a href=\"https:\/\/www.stadler-schuhe.at\/wp-content\/uploads\/2025\/11\/echt-lammfell.jpg\"><img loading=\"lazy\" decoding=\"async\" class=\"alignnone wp-image-62438\" src=\"https:\/\/www.stadler-schuhe.at\/wp-content\/uploads\/2025\/11\/echt-lammfell.jpg\" alt='Illustration eines Schafes mit Text \"Echt Lammfell\", passend f\u00fcr Stadler Schuhe W\u00f6rgl, Symbol f\u00fcr hochwertige Schafwollprodukte und Komfort.' width=\"48\" height=\"54\" srcset=\"https:\/\/www.stadler-schuhe.at\/wp-content\/uploads\/2025\/11\/echt-lammfell.jpg 300w, https:\/\/www.stadler-schuhe.at\/wp-content\/uploads\/2025\/11\/echt-lammfell-270x300.jpg 270w, https:\/\/www.stadler-schuhe.at\/wp-content\/uploads\/2025\/11\/echt-lammfell-200x222.jpg 200w, https:\/\/www.stadler-schuhe.at\/wp-content\/uploads\/2025\/11\/echt-lammfell-64x71.jpg 64w\" sizes=\"auto, (max-width: 48px) 100vw, 48px\" \/><\/a>\u00a0 \u00a0 <img loading=\"lazy\" decoding=\"async\" class=\"alignnone wp-image-35708\" src=\"https:\/\/www.stadler-schuhe.at\/wp-content\/uploads\/2021\/09\/echtes_leder.jpg\" alt=\"Echtes Leder Symbol, ideale Wahl f\u00fcr Stadler Schuhe in W\u00f6rgl, hochwertiges Naturmaterial f\u00fcr langlebige und komfortable Schuhe.\" width=\"50\" height=\"55\" srcset=\"https:\/\/www.stadler-schuhe.at\/wp-content\/uploads\/2021\/09\/echtes_leder.jpg 600w, https:\/\/www.stadler-schuhe.at\/wp-content\/uploads\/2021\/09\/echtes_leder-500x554.jpg 500w, https:\/\/www.stadler-schuhe.at\/wp-content\/uploads\/2021\/09\/echtes_leder-64x71.jpg 64w, https:\/\/www.stadler-schuhe.at\/wp-content\/uploads\/2021\/09\/echtes_leder-271x300.jpg 271w, https:\/\/www.stadler-schuhe.at\/wp-content\/uploads\/2021\/09\/echtes_leder-422x468.jpg 422w\" sizes=\"auto, (max-width: 50px) 100vw, 50px\" \/>\u00a0 \u00a0 <img loading=\"lazy\" decoding=\"async\" class=\"alignnone size-full wp-image-7815\" src=\"https:\/\/www.stadler-schuhe.at\/wp-content\/uploads\/2014\/11\/luft.jpg\" alt=\"Stadler Schuhe Luftpolster Symbol in Wolkenform, ideal f\u00fcr bequeme Schuhe in W\u00f6rgl.\" width=\"53\" height=\"56\" srcset=\"https:\/\/www.stadler-schuhe.at\/wp-content\/uploads\/2014\/11\/luft.jpg 53w, https:\/\/www.stadler-schuhe.at\/wp-content\/uploads\/2014\/11\/luft-600x633.jpg 600w\" sizes=\"auto, (max-width: 53px) 100vw, 53px\" \/>\u00a0 \u00a0<a href=\"https:\/\/www.stadler-schuhe.at\/wp-content\/uploads\/2020\/02\/logovibram.jpg\"><img loading=\"lazy\" decoding=\"async\" class=\"alignnone wp-image-23864\" src=\"https:\/\/www.stadler-schuhe.at\/wp-content\/uploads\/2020\/02\/logovibram.jpg\" alt=\"Vibram-Logo auf gelbem Hintergrund, geeignet f\u00fcr hochwertige Stadler Schuhe in W\u00f6rgl.\" width=\"68\" height=\"45\" srcset=\"https:\/\/www.stadler-schuhe.at\/wp-content\/uploads\/2020\/02\/logovibram.jpg 1920w, https:\/\/www.stadler-schuhe.at\/wp-content\/uploads\/2020\/02\/logovibram-500x331.jpg 500w, https:\/\/www.stadler-schuhe.at\/wp-content\/uploads\/2020\/02\/logovibram-64x42.jpg 64w, https:\/\/www.stadler-schuhe.at\/wp-content\/uploads\/2020\/02\/logovibram-300x199.jpg 300w, https:\/\/www.stadler-schuhe.at\/wp-content\/uploads\/2020\/02\/logovibram-1024x678.jpg 1024w, https:\/\/www.stadler-schuhe.at\/wp-content\/uploads\/2020\/02\/logovibram-768x509.jpg 768w, https:\/\/www.stadler-schuhe.at\/wp-content\/uploads\/2020\/02\/logovibram-344x228.jpg 344w, https:\/\/www.stadler-schuhe.at\/wp-content\/uploads\/2020\/02\/logovibram-1536x1018.jpg 1536w, https:\/\/www.stadler-schuhe.at\/wp-content\/uploads\/2020\/02\/logovibram-468x310.jpg 468w, https:\/\/www.stadler-schuhe.at\/wp-content\/uploads\/2020\/02\/logovibram-936x620.jpg 936w\" sizes=\"auto, (max-width: 68px) 100vw, 68px\" \/><\/a><a href=\"https:\/\/www.stadler-schuhe.at\/wp-content\/uploads\/2022\/11\/sympatex_lettering_4c_darkblue-scaled.jpg\"> \u00a0<img loading=\"lazy\" decoding=\"async\" class=\"alignnone wp-image-40007\" src=\"https:\/\/www.stadler-schuhe.at\/wp-content\/uploads\/2022\/11\/sympatex_lettering_4c_darkblue-scaled.jpg\" alt=\"Ausschnitt eines blauen Schilds mit wei\u00dfer Schrift, ideal f\u00fcr Stadler Schuhe in W\u00f6rgl.\" width=\"100\" height=\"25\" srcset=\"https:\/\/www.stadler-schuhe.at\/wp-content\/uploads\/2022\/11\/sympatex_lettering_4c_darkblue-scaled.jpg 2000w, https:\/\/www.stadler-schuhe.at\/wp-content\/uploads\/2022\/11\/sympatex_lettering_4c_darkblue-scaled-500x125.jpg 500w, https:\/\/www.stadler-schuhe.at\/wp-content\/uploads\/2022\/11\/sympatex_lettering_4c_darkblue-scaled-64x16.jpg 64w, https:\/\/www.stadler-schuhe.at\/wp-content\/uploads\/2022\/11\/sympatex_lettering_4c_darkblue-300x75.jpg 300w, https:\/\/www.stadler-schuhe.at\/wp-content\/uploads\/2022\/11\/sympatex_lettering_4c_darkblue-1024x256.jpg 1024w, https:\/\/www.stadler-schuhe.at\/wp-content\/uploads\/2022\/11\/sympatex_lettering_4c_darkblue-768x192.jpg 768w, https:\/\/www.stadler-schuhe.at\/wp-content\/uploads\/2022\/11\/sympatex_lettering_4c_darkblue-1536x384.jpg 1536w, https:\/\/www.stadler-schuhe.at\/wp-content\/uploads\/2022\/11\/sympatex_lettering_4c_darkblue-2048x512.jpg 2048w, https:\/\/www.stadler-schuhe.at\/wp-content\/uploads\/2022\/11\/sympatex_lettering_4c_darkblue-468x117.jpg 468w, https:\/\/www.stadler-schuhe.at\/wp-content\/uploads\/2022\/11\/sympatex_lettering_4c_darkblue-936x234.jpg 936w\" sizes=\"auto, (max-width: 100px) 100vw, 100px\" \/><\/a><\/p>\n<hr>\n<p><img loading=\"lazy\" decoding=\"async\" width=\"1640\" height=\"289\" class=\"alignnone wp-image-37075\" src=\"https:\/\/www.stadler-schuhe.at\/wp-content\/uploads\/2021\/11\/grossentabelle.jpg\" alt=\"Gr\u00f6\u00dfentabelle mit Schuhgr\u00f6\u00dfen, ideal f\u00fcr Stadler Schuhe in W\u00f6rgl, zeigt verschiedene EU-Gr\u00f6\u00dfen und Zwischengr\u00f6\u00dfen zur optimalen Auswahl von passendem Schuhwerk.\" srcset=\"https:\/\/www.stadler-schuhe.at\/wp-content\/uploads\/2021\/11\/grossentabelle.jpg 1640w, https:\/\/www.stadler-schuhe.at\/wp-content\/uploads\/2021\/11\/grossentabelle-500x88.jpg 500w, https:\/\/www.stadler-schuhe.at\/wp-content\/uploads\/2021\/11\/grossentabelle-64x11.jpg 64w, https:\/\/www.stadler-schuhe.at\/wp-content\/uploads\/2021\/11\/grossentabelle-300x53.jpg 300w, https:\/\/www.stadler-schuhe.at\/wp-content\/uploads\/2021\/11\/grossentabelle-1024x180.jpg 1024w, https:\/\/www.stadler-schuhe.at\/wp-content\/uploads\/2021\/11\/grossentabelle-768x135.jpg 768w, https:\/\/www.stadler-schuhe.at\/wp-content\/uploads\/2021\/11\/grossentabelle-1536x271.jpg 1536w, https:\/\/www.stadler-schuhe.at\/wp-content\/uploads\/2021\/11\/grossentabelle-468x82.jpg 468w, https:\/\/www.stadler-schuhe.at\/wp-content\/uploads\/2021\/11\/grossentabelle-936x165.jpg 936w\" sizes=\"auto, (max-width: 1640px) 100vw, 1640px\" \/><\/p>","protected":false},"featured_media":62434,"comment_status":"open","ping_status":"closed","template":"","meta":[],"product_brand":[],"product_cat":[259],"product_tag":[274,4845,984,979],"class_list":{"0":"post-62353","1":"product","2":"type-product","3":"status-publish","4":"has-post-thumbnail","6":"product_cat-winter","7":"product_tag-lammfell-2","8":"product_tag-stubai","9":"product_tag-winter-alpine-lifestyle","10":"product_tag-winterschuhe","11":"pa_farbe-nero","12":"pa_fussbett-tiroler-walk-komfort-wechselfussbett","13":"pa_futtermaterial-tiroler-walk-sympatex-membrane","14":"pa_groessen-903","15":"pa_groessen-904","16":"pa_groessen-905","17":"pa_groessen-906","18":"pa_groessen-907","19":"pa_groessen-908","20":"pa_groessen-909","21":"pa_groessen-910","22":"pa_groessen-917","23":"pa_groessen-890","24":"pa_groessen-891","25":"pa_groessen-892","26":"pa_groessen-893","27":"pa_groessen-895","28":"pa_groessen-896","29":"pa_groessen-897","30":"pa_groessen-898","31":"pa_groessen-899","32":"pa_groessen-900","33":"pa_groessen-901","34":"pa_groessen-902","35":"pa_obermaterial-veloursleder-loden","36":"pa_sohle-vibram-wintersohle-gummimischung-mit-silberpartikel-eva-daempfungskeil","38":"first","39":"instock","40":"taxable","41":"shipping-taxable","42":"purchasable","43":"product-type-variable","44":"wvs-archive-product-wrapper"},"_links":{"self":[{"href":"https:\/\/www.stadler-schuhe.at\/en\/wp-json\/wp\/v2\/product\/62353","targetHints":{"allow":["GET"]}}],"collection":[{"href":"https:\/\/www.stadler-schuhe.at\/en\/wp-json\/wp\/v2\/product"}],"about":[{"href":"https:\/\/www.stadler-schuhe.at\/en\/wp-json\/wp\/v2\/types\/product"}],"replies":[{"embeddable":true,"href":"https:\/\/www.stadler-schuhe.at\/en\/wp-json\/wp\/v2\/comments?post=62353"}],"wp:featuredmedia":[{"embeddable":true,"href":"https:\/\/www.stadler-schuhe.at\/en\/wp-json\/wp\/v2\/media\/62434"}],"wp:attachment":[{"href":"https:\/\/www.stadler-schuhe.at\/en\/wp-json\/wp\/v2\/media?parent=62353"}],"wp:term":[{"taxonomy":"product_brand","embeddable":true,"href":"https:\/\/www.stadler-schuhe.at\/en\/wp-json\/wp\/v2\/product_brand?post=62353"},{"taxonomy":"product_cat","embeddable":true,"href":"https:\/\/www.stadler-schuhe.at\/en\/wp-json\/wp\/v2\/product_cat?post=62353"},{"taxonomy":"product_tag","embeddable":true,"href":"https:\/\/www.stadler-schuhe.at\/en\/wp-json\/wp\/v2\/product_tag?post=62353"}],"curies":[{"name":"wp","href":"https:\/\/api.w.org\/{rel}","templated":true}]}}