{"id":61907,"date":"2025-10-10T10:49:05","date_gmt":"2025-10-10T08:49:05","guid":{"rendered":"https:\/\/www.stadler-schuhe.at\/?post_type=product&#038;p=61907"},"modified":"2026-04-11T13:26:13","modified_gmt":"2026-04-11T11:26:13","slug":"innsbruck-trend","status":"publish","type":"product","link":"https:\/\/www.stadler-schuhe.at\/en\/schuhe\/damen\/innsbruck-trend\/","title":{"rendered":"Innsbruck Trend"},"content":{"rendered":"","protected":false},"excerpt":{"rendered":"<p><img loading=\"lazy\" decoding=\"async\" class=\"alignnone size-full wp-image-8103\" src=\"https:\/\/www.stadler-schuhe.at\/wp-content\/uploads\/2015\/03\/vibram_logo.jpg\" alt=\"Vibram\" width=\"77\" height=\"50\" srcset=\"https:\/\/www.stadler-schuhe.at\/wp-content\/uploads\/2015\/03\/vibram_logo.jpg 77w, https:\/\/www.stadler-schuhe.at\/wp-content\/uploads\/2015\/03\/vibram_logo-64x42.jpg 64w\" sizes=\"auto, (max-width: 77px) 100vw, 77px\" \/>\u00a0 <a href=\"https:\/\/www.stadler-schuhe.at\/wp-content\/uploads\/2015\/03\/chromfrei.jpg\"><img loading=\"lazy\" decoding=\"async\" class=\"alignnone size-full wp-image-11669\" src=\"https:\/\/www.stadler-schuhe.at\/wp-content\/uploads\/2015\/03\/chromfrei.jpg\" alt=\"Stadler Schuhe W\u00f6rgl Logo mit braunem Leder-Symbol und Text \u201eFutterleder chromfrei\u201c, ideal f\u00fcr hochwertige, umweltfreundliche Schuhe aus W\u00f6rgl.\" width=\"75\" height=\"80\" srcset=\"https:\/\/www.stadler-schuhe.at\/wp-content\/uploads\/2015\/03\/chromfrei.jpg 75w, https:\/\/www.stadler-schuhe.at\/wp-content\/uploads\/2015\/03\/chromfrei-64x68.jpg 64w\" sizes=\"auto, (max-width: 75px) 100vw, 75px\" \/><\/a><\/p>\n<hr>\n<p><img loading=\"lazy\" decoding=\"async\" width=\"1640\" height=\"289\" class=\"alignnone wp-image-37075\" src=\"https:\/\/www.stadler-schuhe.at\/wp-content\/uploads\/2021\/11\/grossentabelle.jpg\" alt=\"Gr\u00f6\u00dfentabelle mit Schuhgr\u00f6\u00dfen, ideal f\u00fcr Stadler Schuhe in W\u00f6rgl, zeigt verschiedene EU-Gr\u00f6\u00dfen und Zwischengr\u00f6\u00dfen zur optimalen Auswahl von passendem Schuhwerk.\" srcset=\"https:\/\/www.stadler-schuhe.at\/wp-content\/uploads\/2021\/11\/grossentabelle.jpg 1640w, https:\/\/www.stadler-schuhe.at\/wp-content\/uploads\/2021\/11\/grossentabelle-500x88.jpg 500w, https:\/\/www.stadler-schuhe.at\/wp-content\/uploads\/2021\/11\/grossentabelle-64x11.jpg 64w, https:\/\/www.stadler-schuhe.at\/wp-content\/uploads\/2021\/11\/grossentabelle-300x53.jpg 300w, https:\/\/www.stadler-schuhe.at\/wp-content\/uploads\/2021\/11\/grossentabelle-1024x180.jpg 1024w, https:\/\/www.stadler-schuhe.at\/wp-content\/uploads\/2021\/11\/grossentabelle-768x135.jpg 768w, https:\/\/www.stadler-schuhe.at\/wp-content\/uploads\/2021\/11\/grossentabelle-1536x271.jpg 1536w, https:\/\/www.stadler-schuhe.at\/wp-content\/uploads\/2021\/11\/grossentabelle-468x82.jpg 468w, https:\/\/www.stadler-schuhe.at\/wp-content\/uploads\/2021\/11\/grossentabelle-936x165.jpg 936w\" sizes=\"auto, (max-width: 1640px) 100vw, 1640px\" \/><\/p>","protected":false},"featured_media":61983,"comment_status":"open","ping_status":"closed","template":"","meta":[],"product_brand":[],"product_cat":[691,692],"product_tag":[454,455,467,393,395,512,511,334,4836,186],"class_list":{"0":"post-61907","1":"product","2":"type-product","3":"status-publish","4":"has-post-thumbnail","6":"product_cat-damen","7":"product_cat-herren","8":"product_tag-allroundschuhe","9":"product_tag-freizeitschuhe","10":"product_tag-innsbruck","11":"product_tag-schuhe","12":"product_tag-schuhe-oesterreich","13":"product_tag-schuhe-tirol","14":"product_tag-stadler","15":"product_tag-stadler-schuhe","16":"product_tag-trend","17":"product_tag-walker","18":"pa_farbe-chianti","19":"pa_farbe-cognac","20":"pa_farbe-offwhite","21":"pa_farbe-ozean","22":"pa_farbe-tuerkis","23":"pa_fussbett-komfort-wechselfussbett","24":"pa_futtermaterial-rinderlederfutter-chromfrei","25":"pa_groessen-903","26":"pa_groessen-904","27":"pa_groessen-905","28":"pa_groessen-906","29":"pa_groessen-907","30":"pa_groessen-908","31":"pa_groessen-909","32":"pa_groessen-910","33":"pa_groessen-890","34":"pa_groessen-891","35":"pa_groessen-892","36":"pa_groessen-893","37":"pa_groessen-895","38":"pa_groessen-896","39":"pa_groessen-897","40":"pa_groessen-898","41":"pa_groessen-899","42":"pa_groessen-900","43":"pa_groessen-901","44":"pa_groessen-902","45":"pa_obermaterial-nubukleder","46":"pa_sohle-vibram-pagoda-gummisohle-eva","48":"first","49":"instock","50":"taxable","51":"shipping-taxable","52":"purchasable","53":"product-type-variable","54":"wvs-archive-product-wrapper"},"_links":{"self":[{"href":"https:\/\/www.stadler-schuhe.at\/en\/wp-json\/wp\/v2\/product\/61907","targetHints":{"allow":["GET"]}}],"collection":[{"href":"https:\/\/www.stadler-schuhe.at\/en\/wp-json\/wp\/v2\/product"}],"about":[{"href":"https:\/\/www.stadler-schuhe.at\/en\/wp-json\/wp\/v2\/types\/product"}],"replies":[{"embeddable":true,"href":"https:\/\/www.stadler-schuhe.at\/en\/wp-json\/wp\/v2\/comments?post=61907"}],"wp:featuredmedia":[{"embeddable":true,"href":"https:\/\/www.stadler-schuhe.at\/en\/wp-json\/wp\/v2\/media\/61983"}],"wp:attachment":[{"href":"https:\/\/www.stadler-schuhe.at\/en\/wp-json\/wp\/v2\/media?parent=61907"}],"wp:term":[{"taxonomy":"product_brand","embeddable":true,"href":"https:\/\/www.stadler-schuhe.at\/en\/wp-json\/wp\/v2\/product_brand?post=61907"},{"taxonomy":"product_cat","embeddable":true,"href":"https:\/\/www.stadler-schuhe.at\/en\/wp-json\/wp\/v2\/product_cat?post=61907"},{"taxonomy":"product_tag","embeddable":true,"href":"https:\/\/www.stadler-schuhe.at\/en\/wp-json\/wp\/v2\/product_tag?post=61907"}],"curies":[{"name":"wp","href":"https:\/\/api.w.org\/{rel}","templated":true}]}}