{"id":59630,"date":"2024-08-01T10:50:37","date_gmt":"2024-08-01T08:50:37","guid":{"rendered":"https:\/\/www.stadler-schuhe.at\/?post_type=product&#038;p=59630"},"modified":"2026-04-11T13:26:14","modified_gmt":"2026-04-11T11:26:14","slug":"schwendau-mid-lederfutter","status":"publish","type":"product","link":"https:\/\/www.stadler-schuhe.at\/en\/schuhe\/outdoor\/schwendau-mid-lederfutter\/","title":{"rendered":"Schwendau MID leather lining"},"content":{"rendered":"","protected":false},"excerpt":{"rendered":"<p><a href=\"https:\/\/www.stadler-schuhe.at\/wp-content\/uploads\/2014\/05\/luftpolster.jpg\"><img loading=\"lazy\" decoding=\"async\" class=\"alignnone size-full wp-image-7694\" src=\"https:\/\/www.stadler-schuhe.at\/wp-content\/uploads\/2014\/05\/luftpolster.jpg\" alt=\"Stadler Schuhe W\u00f6rgl Luftpolster Symbol, stilisierte Wolke in Blau und Wei\u00df, steht f\u00fcr bequeme und komfortable Schuhe mit Polsterung.\" width=\"71\" height=\"64\" srcset=\"https:\/\/www.stadler-schuhe.at\/wp-content\/uploads\/2014\/05\/luftpolster.jpg 71w, https:\/\/www.stadler-schuhe.at\/wp-content\/uploads\/2014\/05\/luftpolster-64x58.jpg 64w\" sizes=\"auto, (max-width: 71px) 100vw, 71px\" \/><\/a> \u00a0 <a href=\"https:\/\/www.stadler-schuhe.at\/wp-content\/uploads\/2015\/03\/davos.jpg\"><img loading=\"lazy\" decoding=\"async\" class=\"alignnone size-full wp-image-8199\" src=\"https:\/\/www.stadler-schuhe.at\/wp-content\/uploads\/2015\/03\/davos.jpg\" alt=\"Orangefarbenes Davos-Logo mit wei\u00dfem \u201eD\u201c. Ideal f\u00fcr Stadler Schuhe in W\u00f6rgl. Modernes, ansprechendes Design, passend f\u00fcr Schuhgesch\u00e4fte und Markenpr\u00e4sentationen.\" width=\"45\" height=\"50\"><\/a>\u00a0 <a href=\"https:\/\/www.stadler-schuhe.at\/wp-content\/uploads\/2015\/03\/chromfrei.jpg\"><img loading=\"lazy\" decoding=\"async\" class=\"alignnone size-full wp-image-11669\" src=\"https:\/\/www.stadler-schuhe.at\/wp-content\/uploads\/2015\/03\/chromfrei.jpg\" alt=\"Stadler Schuhe W\u00f6rgl Logo mit braunem Leder-Symbol und Text \u201eFutterleder chromfrei\u201c, ideal f\u00fcr hochwertige, umweltfreundliche Schuhe aus W\u00f6rgl.\" width=\"75\" height=\"80\" srcset=\"https:\/\/www.stadler-schuhe.at\/wp-content\/uploads\/2015\/03\/chromfrei.jpg 75w, https:\/\/www.stadler-schuhe.at\/wp-content\/uploads\/2015\/03\/chromfrei-64x68.jpg 64w\" sizes=\"auto, (max-width: 75px) 100vw, 75px\" \/><\/a><\/p>\n<hr>\n<p><img loading=\"lazy\" decoding=\"async\" width=\"1640\" height=\"289\" class=\"alignnone wp-image-37075\" src=\"https:\/\/www.stadler-schuhe.at\/wp-content\/uploads\/2021\/11\/grossentabelle.jpg\" alt=\"Gr\u00f6\u00dfentabelle mit Schuhgr\u00f6\u00dfen, ideal f\u00fcr Stadler Schuhe in W\u00f6rgl, zeigt verschiedene EU-Gr\u00f6\u00dfen und Zwischengr\u00f6\u00dfen zur optimalen Auswahl von passendem Schuhwerk.\" srcset=\"https:\/\/www.stadler-schuhe.at\/wp-content\/uploads\/2021\/11\/grossentabelle.jpg 1640w, https:\/\/www.stadler-schuhe.at\/wp-content\/uploads\/2021\/11\/grossentabelle-500x88.jpg 500w, https:\/\/www.stadler-schuhe.at\/wp-content\/uploads\/2021\/11\/grossentabelle-64x11.jpg 64w, https:\/\/www.stadler-schuhe.at\/wp-content\/uploads\/2021\/11\/grossentabelle-300x53.jpg 300w, https:\/\/www.stadler-schuhe.at\/wp-content\/uploads\/2021\/11\/grossentabelle-1024x180.jpg 1024w, https:\/\/www.stadler-schuhe.at\/wp-content\/uploads\/2021\/11\/grossentabelle-768x135.jpg 768w, https:\/\/www.stadler-schuhe.at\/wp-content\/uploads\/2021\/11\/grossentabelle-1536x271.jpg 1536w, https:\/\/www.stadler-schuhe.at\/wp-content\/uploads\/2021\/11\/grossentabelle-468x82.jpg 468w, https:\/\/www.stadler-schuhe.at\/wp-content\/uploads\/2021\/11\/grossentabelle-936x165.jpg 936w\" sizes=\"auto, (max-width: 1640px) 100vw, 1640px\" \/><\/p>","protected":false},"featured_media":59676,"comment_status":"open","ping_status":"closed","template":"","meta":[],"product_brand":[],"product_cat":[103],"product_tag":[454,455,467,4814,393,395,512,4813,511,334,4797,186],"class_list":{"0":"post-59630","1":"product","2":"type-product","3":"status-publish","4":"has-post-thumbnail","6":"product_cat-outdoor","7":"product_tag-allroundschuhe","8":"product_tag-freizeitschuhe","9":"product_tag-innsbruck","10":"product_tag-outdoor","11":"product_tag-schuhe","12":"product_tag-schuhe-oesterreich","13":"product_tag-schuhe-tirol","14":"product_tag-schwendau","15":"product_tag-stadler","16":"product_tag-stadler-schuhe","17":"product_tag-traunsee","18":"product_tag-walker","19":"pa_farbe-blau","20":"pa_farbe-grau","21":"pa_farbe-mint","22":"pa_farbe-rot","23":"pa_farbe-sand","24":"pa_fussbett-komfort-wechselfussbett","25":"pa_futtermaterial-rinderlederfutter-chromfrei","26":"pa_groessen-903","27":"pa_groessen-904","28":"pa_groessen-905","29":"pa_groessen-906","30":"pa_groessen-907","31":"pa_groessen-908","32":"pa_groessen-909","33":"pa_groessen-910","34":"pa_groessen-917","35":"pa_groessen-890","36":"pa_groessen-891","37":"pa_groessen-892","38":"pa_groessen-893","39":"pa_groessen-895","40":"pa_groessen-896","41":"pa_groessen-897","42":"pa_groessen-898","43":"pa_groessen-899","44":"pa_groessen-900","45":"pa_groessen-901","46":"pa_groessen-902","47":"pa_obermaterial-velourleder-textil","48":"pa_sohle-vibram-pepe-gummi-leicht-pu","50":"first","51":"instock","52":"taxable","53":"shipping-taxable","54":"purchasable","55":"product-type-variable","56":"wvs-archive-product-wrapper"},"_links":{"self":[{"href":"https:\/\/www.stadler-schuhe.at\/en\/wp-json\/wp\/v2\/product\/59630","targetHints":{"allow":["GET"]}}],"collection":[{"href":"https:\/\/www.stadler-schuhe.at\/en\/wp-json\/wp\/v2\/product"}],"about":[{"href":"https:\/\/www.stadler-schuhe.at\/en\/wp-json\/wp\/v2\/types\/product"}],"replies":[{"embeddable":true,"href":"https:\/\/www.stadler-schuhe.at\/en\/wp-json\/wp\/v2\/comments?post=59630"}],"wp:featuredmedia":[{"embeddable":true,"href":"https:\/\/www.stadler-schuhe.at\/en\/wp-json\/wp\/v2\/media\/59676"}],"wp:attachment":[{"href":"https:\/\/www.stadler-schuhe.at\/en\/wp-json\/wp\/v2\/media?parent=59630"}],"wp:term":[{"taxonomy":"product_brand","embeddable":true,"href":"https:\/\/www.stadler-schuhe.at\/en\/wp-json\/wp\/v2\/product_brand?post=59630"},{"taxonomy":"product_cat","embeddable":true,"href":"https:\/\/www.stadler-schuhe.at\/en\/wp-json\/wp\/v2\/product_cat?post=59630"},{"taxonomy":"product_tag","embeddable":true,"href":"https:\/\/www.stadler-schuhe.at\/en\/wp-json\/wp\/v2\/product_tag?post=59630"}],"curies":[{"name":"wp","href":"https:\/\/api.w.org\/{rel}","templated":true}]}}