{"id":57898,"date":"2023-10-03T13:03:57","date_gmt":"2023-10-03T11:03:57","guid":{"rendered":"https:\/\/www.stadler-schuhe.at\/?post_type=product&#038;p=57898"},"modified":"2026-04-11T13:26:10","modified_gmt":"2026-04-11T11:26:10","slug":"lorenz-lammfell","status":"publish","type":"product","link":"https:\/\/www.stadler-schuhe.at\/en\/schuhe\/winter\/lorenz-lammfell\/","title":{"rendered":"Lorenz Lambskin"},"content":{"rendered":"","protected":false},"excerpt":{"rendered":"<p><img loading=\"lazy\" decoding=\"async\" class=\"alignnone wp-image-35708\" src=\"https:\/\/www.stadler-schuhe.at\/wp-content\/uploads\/2021\/09\/echtes_leder.jpg\" alt=\"Echtes Leder Symbol, ideale Wahl f\u00fcr Stadler Schuhe in W\u00f6rgl, hochwertiges Naturmaterial f\u00fcr langlebige und komfortable Schuhe.\" width=\"50\" height=\"55\" srcset=\"https:\/\/www.stadler-schuhe.at\/wp-content\/uploads\/2021\/09\/echtes_leder.jpg 600w, https:\/\/www.stadler-schuhe.at\/wp-content\/uploads\/2021\/09\/echtes_leder-500x554.jpg 500w, https:\/\/www.stadler-schuhe.at\/wp-content\/uploads\/2021\/09\/echtes_leder-64x71.jpg 64w, https:\/\/www.stadler-schuhe.at\/wp-content\/uploads\/2021\/09\/echtes_leder-271x300.jpg 271w, https:\/\/www.stadler-schuhe.at\/wp-content\/uploads\/2021\/09\/echtes_leder-422x468.jpg 422w\" sizes=\"auto, (max-width: 50px) 100vw, 50px\" \/>\u00a0 <img loading=\"lazy\" decoding=\"async\" class=\"alignnone size-full wp-image-8199\" src=\"https:\/\/www.stadler-schuhe.at\/wp-content\/uploads\/2015\/03\/davos.jpg\" alt=\"Orangefarbenes Davos-Logo mit wei\u00dfem \u201eD\u201c. Ideal f\u00fcr Stadler Schuhe in W\u00f6rgl. Modernes, ansprechendes Design, passend f\u00fcr Schuhgesch\u00e4fte und Markenpr\u00e4sentationen.\" width=\"45\" height=\"50\">\u00a0 <img loading=\"lazy\" decoding=\"async\" class=\"alignnone wp-image-34102\" src=\"https:\/\/www.stadler-schuhe.at\/wp-content\/uploads\/2020\/11\/tiroler-walk.jpg\" alt=\"Logo von Tiroler Walk mit stilisiertem Wollkn\u00e4uel, ideal f\u00fcr Stadler Schuhe in W\u00f6rgl, modernes Design, hochwertige Materialien und traditionelle Handwerkskunst aus Tirol.\" width=\"50\" height=\"58\" srcset=\"https:\/\/www.stadler-schuhe.at\/wp-content\/uploads\/2020\/11\/tiroler-walk.jpg 709w, https:\/\/www.stadler-schuhe.at\/wp-content\/uploads\/2020\/11\/tiroler-walk-500x583.jpg 500w, https:\/\/www.stadler-schuhe.at\/wp-content\/uploads\/2020\/11\/tiroler-walk-64x75.jpg 64w, https:\/\/www.stadler-schuhe.at\/wp-content\/uploads\/2020\/11\/tiroler-walk-257x300.jpg 257w, https:\/\/www.stadler-schuhe.at\/wp-content\/uploads\/2020\/11\/tiroler-walk-401x468.jpg 401w\" sizes=\"auto, (max-width: 50px) 100vw, 50px\" \/>\u00a0 <img loading=\"lazy\" decoding=\"async\" class=\"alignnone size-full wp-image-7815\" src=\"https:\/\/www.stadler-schuhe.at\/wp-content\/uploads\/2014\/11\/luft.jpg\" alt=\"Stadler Schuhe Luftpolster Symbol in Wolkenform, ideal f\u00fcr bequeme Schuhe in W\u00f6rgl.\" width=\"53\" height=\"56\" srcset=\"https:\/\/www.stadler-schuhe.at\/wp-content\/uploads\/2014\/11\/luft.jpg 53w, https:\/\/www.stadler-schuhe.at\/wp-content\/uploads\/2014\/11\/luft-600x633.jpg 600w\" sizes=\"auto, (max-width: 53px) 100vw, 53px\" \/><\/p>\n<hr>\n<p><img loading=\"lazy\" decoding=\"async\" width=\"1640\" height=\"289\" class=\"alignnone wp-image-37075\" src=\"https:\/\/www.stadler-schuhe.at\/wp-content\/uploads\/2021\/11\/grossentabelle.jpg\" alt=\"Gr\u00f6\u00dfentabelle mit Schuhgr\u00f6\u00dfen, ideal f\u00fcr Stadler Schuhe in W\u00f6rgl, zeigt verschiedene EU-Gr\u00f6\u00dfen und Zwischengr\u00f6\u00dfen zur optimalen Auswahl von passendem Schuhwerk.\" srcset=\"https:\/\/www.stadler-schuhe.at\/wp-content\/uploads\/2021\/11\/grossentabelle.jpg 1640w, https:\/\/www.stadler-schuhe.at\/wp-content\/uploads\/2021\/11\/grossentabelle-500x88.jpg 500w, https:\/\/www.stadler-schuhe.at\/wp-content\/uploads\/2021\/11\/grossentabelle-64x11.jpg 64w, https:\/\/www.stadler-schuhe.at\/wp-content\/uploads\/2021\/11\/grossentabelle-300x53.jpg 300w, https:\/\/www.stadler-schuhe.at\/wp-content\/uploads\/2021\/11\/grossentabelle-1024x180.jpg 1024w, https:\/\/www.stadler-schuhe.at\/wp-content\/uploads\/2021\/11\/grossentabelle-768x135.jpg 768w, https:\/\/www.stadler-schuhe.at\/wp-content\/uploads\/2021\/11\/grossentabelle-1536x271.jpg 1536w, https:\/\/www.stadler-schuhe.at\/wp-content\/uploads\/2021\/11\/grossentabelle-468x82.jpg 468w, https:\/\/www.stadler-schuhe.at\/wp-content\/uploads\/2021\/11\/grossentabelle-936x165.jpg 936w\" sizes=\"auto, (max-width: 1640px) 100vw, 1640px\" \/><\/p>\n<p><span style=\"color: #005a9a;\">Shoes with high-quality lambskin lining tend to run a little small \u2013 therefore, order this model half a size larger than usual!<\/span><\/p>","protected":false},"featured_media":57953,"comment_status":"open","ping_status":"closed","template":"","meta":[],"product_brand":[],"product_cat":[259],"product_tag":[4789,274,984,979],"class_list":{"0":"post-57898","1":"product","2":"type-product","3":"status-publish","4":"has-post-thumbnail","6":"product_cat-winter","7":"product_tag-hintertux","8":"product_tag-lammfell-2","9":"product_tag-winter-alpine-lifestyle","10":"product_tag-winterschuhe","11":"pa_farbe-bison","12":"pa_farbe-marmor","13":"pa_fussbett-lammfell-komfort-wechselfussbett","14":"pa_futtermaterial-echtes-lammfell-chromfrei","15":"pa_groessen-903","16":"pa_groessen-904","17":"pa_groessen-905","18":"pa_groessen-906","19":"pa_groessen-907","20":"pa_groessen-908","21":"pa_groessen-909","22":"pa_groessen-910","23":"pa_groessen-890","24":"pa_groessen-891","25":"pa_groessen-892","26":"pa_groessen-893","27":"pa_groessen-895","28":"pa_groessen-896","29":"pa_groessen-897","30":"pa_groessen-898","31":"pa_groessen-899","32":"pa_groessen-900","33":"pa_groessen-901","34":"pa_groessen-902","35":"pa_obermaterial-nubukleder-double-face-marmor","36":"pa_obermaterial-pull-up-rindleder-double-face-bison","37":"pa_sohle-tirol-tr-luftpolster","39":"first","40":"instock","41":"taxable","42":"shipping-taxable","43":"purchasable","44":"product-type-variable","45":"wvs-archive-product-wrapper"},"_links":{"self":[{"href":"https:\/\/www.stadler-schuhe.at\/en\/wp-json\/wp\/v2\/product\/57898","targetHints":{"allow":["GET"]}}],"collection":[{"href":"https:\/\/www.stadler-schuhe.at\/en\/wp-json\/wp\/v2\/product"}],"about":[{"href":"https:\/\/www.stadler-schuhe.at\/en\/wp-json\/wp\/v2\/types\/product"}],"replies":[{"embeddable":true,"href":"https:\/\/www.stadler-schuhe.at\/en\/wp-json\/wp\/v2\/comments?post=57898"}],"wp:featuredmedia":[{"embeddable":true,"href":"https:\/\/www.stadler-schuhe.at\/en\/wp-json\/wp\/v2\/media\/57953"}],"wp:attachment":[{"href":"https:\/\/www.stadler-schuhe.at\/en\/wp-json\/wp\/v2\/media?parent=57898"}],"wp:term":[{"taxonomy":"product_brand","embeddable":true,"href":"https:\/\/www.stadler-schuhe.at\/en\/wp-json\/wp\/v2\/product_brand?post=57898"},{"taxonomy":"product_cat","embeddable":true,"href":"https:\/\/www.stadler-schuhe.at\/en\/wp-json\/wp\/v2\/product_cat?post=57898"},{"taxonomy":"product_tag","embeddable":true,"href":"https:\/\/www.stadler-schuhe.at\/en\/wp-json\/wp\/v2\/product_tag?post=57898"}],"curies":[{"name":"wp","href":"https:\/\/api.w.org\/{rel}","templated":true}]}}