{"id":53077,"date":"2023-05-11T11:00:00","date_gmt":"2023-05-11T09:00:00","guid":{"rendered":"https:\/\/www.stadler-schuhe.at\/?post_type=product&#038;p=53077"},"modified":"2026-04-11T13:26:11","modified_gmt":"2026-04-11T11:26:11","slug":"hechtsee-sympatex","status":"publish","type":"product","link":"https:\/\/www.stadler-schuhe.at\/en\/schuhe\/outdoor\/hechtsee-sympatex\/","title":{"rendered":"Hechtsee Sympatex"},"content":{"rendered":"","protected":false},"excerpt":{"rendered":"<p><img loading=\"lazy\" decoding=\"async\" class=\"alignnone wp-image-40007\" src=\"https:\/\/www.stadler-schuhe.at\/wp-content\/uploads\/2022\/11\/sympatex_lettering_4c_darkblue-scaled.jpg\" alt=\"Ausschnitt eines blauen Schilds mit wei\u00dfer Schrift, ideal f\u00fcr Stadler Schuhe in W\u00f6rgl.\" width=\"77\" height=\"20\" srcset=\"https:\/\/www.stadler-schuhe.at\/wp-content\/uploads\/2022\/11\/sympatex_lettering_4c_darkblue-scaled.jpg 2000w, https:\/\/www.stadler-schuhe.at\/wp-content\/uploads\/2022\/11\/sympatex_lettering_4c_darkblue-scaled-500x125.jpg 500w, https:\/\/www.stadler-schuhe.at\/wp-content\/uploads\/2022\/11\/sympatex_lettering_4c_darkblue-scaled-64x16.jpg 64w, https:\/\/www.stadler-schuhe.at\/wp-content\/uploads\/2022\/11\/sympatex_lettering_4c_darkblue-300x75.jpg 300w, https:\/\/www.stadler-schuhe.at\/wp-content\/uploads\/2022\/11\/sympatex_lettering_4c_darkblue-1024x256.jpg 1024w, https:\/\/www.stadler-schuhe.at\/wp-content\/uploads\/2022\/11\/sympatex_lettering_4c_darkblue-768x192.jpg 768w, https:\/\/www.stadler-schuhe.at\/wp-content\/uploads\/2022\/11\/sympatex_lettering_4c_darkblue-1536x384.jpg 1536w, https:\/\/www.stadler-schuhe.at\/wp-content\/uploads\/2022\/11\/sympatex_lettering_4c_darkblue-2048x512.jpg 2048w, https:\/\/www.stadler-schuhe.at\/wp-content\/uploads\/2022\/11\/sympatex_lettering_4c_darkblue-468x117.jpg 468w, https:\/\/www.stadler-schuhe.at\/wp-content\/uploads\/2022\/11\/sympatex_lettering_4c_darkblue-936x234.jpg 936w\" sizes=\"auto, (max-width: 77px) 100vw, 77px\" \/>\u00a0 <img loading=\"lazy\" decoding=\"async\" class=\"alignnone wp-image-23864\" src=\"https:\/\/www.stadler-schuhe.at\/wp-content\/uploads\/2020\/02\/logovibram.jpg\" alt=\"Vibram-Logo auf gelbem Hintergrund, geeignet f\u00fcr hochwertige Stadler Schuhe in W\u00f6rgl.\" width=\"54\" height=\"36\" srcset=\"https:\/\/www.stadler-schuhe.at\/wp-content\/uploads\/2020\/02\/logovibram.jpg 1920w, https:\/\/www.stadler-schuhe.at\/wp-content\/uploads\/2020\/02\/logovibram-500x331.jpg 500w, https:\/\/www.stadler-schuhe.at\/wp-content\/uploads\/2020\/02\/logovibram-64x42.jpg 64w, https:\/\/www.stadler-schuhe.at\/wp-content\/uploads\/2020\/02\/logovibram-300x199.jpg 300w, https:\/\/www.stadler-schuhe.at\/wp-content\/uploads\/2020\/02\/logovibram-1024x678.jpg 1024w, https:\/\/www.stadler-schuhe.at\/wp-content\/uploads\/2020\/02\/logovibram-768x509.jpg 768w, https:\/\/www.stadler-schuhe.at\/wp-content\/uploads\/2020\/02\/logovibram-344x228.jpg 344w, https:\/\/www.stadler-schuhe.at\/wp-content\/uploads\/2020\/02\/logovibram-1536x1018.jpg 1536w, https:\/\/www.stadler-schuhe.at\/wp-content\/uploads\/2020\/02\/logovibram-468x310.jpg 468w, https:\/\/www.stadler-schuhe.at\/wp-content\/uploads\/2020\/02\/logovibram-936x620.jpg 936w\" sizes=\"auto, (max-width: 54px) 100vw, 54px\" \/><\/p>\n<hr>\n<p><img loading=\"lazy\" decoding=\"async\" width=\"1640\" height=\"289\" class=\"alignnone wp-image-37075\" src=\"https:\/\/www.stadler-schuhe.at\/wp-content\/uploads\/2021\/11\/grossentabelle.jpg\" alt=\"Gr\u00f6\u00dfentabelle mit Schuhgr\u00f6\u00dfen, ideal f\u00fcr Stadler Schuhe in W\u00f6rgl, zeigt verschiedene EU-Gr\u00f6\u00dfen und Zwischengr\u00f6\u00dfen zur optimalen Auswahl von passendem Schuhwerk.\" srcset=\"https:\/\/www.stadler-schuhe.at\/wp-content\/uploads\/2021\/11\/grossentabelle.jpg 1640w, https:\/\/www.stadler-schuhe.at\/wp-content\/uploads\/2021\/11\/grossentabelle-500x88.jpg 500w, https:\/\/www.stadler-schuhe.at\/wp-content\/uploads\/2021\/11\/grossentabelle-64x11.jpg 64w, https:\/\/www.stadler-schuhe.at\/wp-content\/uploads\/2021\/11\/grossentabelle-300x53.jpg 300w, https:\/\/www.stadler-schuhe.at\/wp-content\/uploads\/2021\/11\/grossentabelle-1024x180.jpg 1024w, https:\/\/www.stadler-schuhe.at\/wp-content\/uploads\/2021\/11\/grossentabelle-768x135.jpg 768w, https:\/\/www.stadler-schuhe.at\/wp-content\/uploads\/2021\/11\/grossentabelle-1536x271.jpg 1536w, https:\/\/www.stadler-schuhe.at\/wp-content\/uploads\/2021\/11\/grossentabelle-468x82.jpg 468w, https:\/\/www.stadler-schuhe.at\/wp-content\/uploads\/2021\/11\/grossentabelle-936x165.jpg 936w\" sizes=\"auto, (max-width: 1640px) 100vw, 1640px\" \/><\/p>","protected":false},"featured_media":53226,"comment_status":"open","ping_status":"closed","template":"","meta":[],"product_brand":[],"product_cat":[103],"product_tag":[454,455,4763,393,395,512,511,334,186],"class_list":{"0":"post-53077","1":"product","2":"type-product","3":"status-publish","4":"has-post-thumbnail","6":"product_cat-outdoor","7":"product_tag-allroundschuhe","8":"product_tag-freizeitschuhe","9":"product_tag-hechtsee","10":"product_tag-schuhe","11":"product_tag-schuhe-oesterreich","12":"product_tag-schuhe-tirol","13":"product_tag-stadler","14":"product_tag-stadler-schuhe","15":"product_tag-walker","16":"pa_farbe-blau","17":"pa_farbe-blau-grau","18":"pa_farbe-grau","19":"pa_farbe-mint","20":"pa_farbe-rosso","21":"pa_farbe-rot","22":"pa_farbe-taupe","23":"pa_fussbett-komfort-wechselfussbett","24":"pa_futtermaterial-sympatex-high-2-out","25":"pa_groessen-903","26":"pa_groessen-904","27":"pa_groessen-905","28":"pa_groessen-906","29":"pa_groessen-907","30":"pa_groessen-908","31":"pa_groessen-909","32":"pa_groessen-910","33":"pa_groessen-917","34":"pa_groessen-890","35":"pa_groessen-891","36":"pa_groessen-892","37":"pa_groessen-893","38":"pa_groessen-895","39":"pa_groessen-896","40":"pa_groessen-897","41":"pa_groessen-898","42":"pa_groessen-899","43":"pa_groessen-900","44":"pa_groessen-901","45":"pa_groessen-902","46":"pa_obermaterial-velourleder-textil","47":"pa_sohle-vibram-highspeed-gummi-eva-keil","49":"first","50":"instock","51":"taxable","52":"shipping-taxable","53":"purchasable","54":"product-type-variable","55":"wvs-archive-product-wrapper"},"_links":{"self":[{"href":"https:\/\/www.stadler-schuhe.at\/en\/wp-json\/wp\/v2\/product\/53077","targetHints":{"allow":["GET"]}}],"collection":[{"href":"https:\/\/www.stadler-schuhe.at\/en\/wp-json\/wp\/v2\/product"}],"about":[{"href":"https:\/\/www.stadler-schuhe.at\/en\/wp-json\/wp\/v2\/types\/product"}],"replies":[{"embeddable":true,"href":"https:\/\/www.stadler-schuhe.at\/en\/wp-json\/wp\/v2\/comments?post=53077"}],"wp:featuredmedia":[{"embeddable":true,"href":"https:\/\/www.stadler-schuhe.at\/en\/wp-json\/wp\/v2\/media\/53226"}],"wp:attachment":[{"href":"https:\/\/www.stadler-schuhe.at\/en\/wp-json\/wp\/v2\/media?parent=53077"}],"wp:term":[{"taxonomy":"product_brand","embeddable":true,"href":"https:\/\/www.stadler-schuhe.at\/en\/wp-json\/wp\/v2\/product_brand?post=53077"},{"taxonomy":"product_cat","embeddable":true,"href":"https:\/\/www.stadler-schuhe.at\/en\/wp-json\/wp\/v2\/product_cat?post=53077"},{"taxonomy":"product_tag","embeddable":true,"href":"https:\/\/www.stadler-schuhe.at\/en\/wp-json\/wp\/v2\/product_tag?post=53077"}],"curies":[{"name":"wp","href":"https:\/\/api.w.org\/{rel}","templated":true}]}}