{"id":52628,"date":"2023-05-11T08:21:58","date_gmt":"2023-05-11T06:21:58","guid":{"rendered":"https:\/\/www.stadler-schuhe.at\/?post_type=product&#038;p=52628"},"modified":"2026-04-11T13:26:13","modified_gmt":"2026-04-11T11:26:13","slug":"mattsee","status":"publish","type":"product","link":"https:\/\/www.stadler-schuhe.at\/en\/schuhe\/trachtenschuhe\/mattsee\/","title":{"rendered":"Mattsee"},"content":{"rendered":"","protected":false},"excerpt":{"rendered":"<p><img loading=\"lazy\" decoding=\"async\" class=\"alignnone wp-image-23854\" src=\"https:\/\/www.stadler-schuhe.at\/wp-content\/uploads\/2020\/02\/logo-chromfrei-213x300.jpg\" alt=\"Chromfrei Leder Logo\" width=\"35\" height=\"50\" srcset=\"https:\/\/www.stadler-schuhe.at\/wp-content\/uploads\/2020\/02\/logo-chromfrei-213x300.jpg 213w, https:\/\/www.stadler-schuhe.at\/wp-content\/uploads\/2020\/02\/logo-chromfrei-64x90.jpg 64w, https:\/\/www.stadler-schuhe.at\/wp-content\/uploads\/2020\/02\/logo-chromfrei-162x228.jpg 162w, https:\/\/www.stadler-schuhe.at\/wp-content\/uploads\/2020\/02\/logo-chromfrei.jpg 241w\" sizes=\"auto, (max-width: 35px) 100vw, 35px\" \/>\u00a0\u00a0 <img loading=\"lazy\" decoding=\"async\" class=\"alignnone size-full wp-image-8102\" src=\"https:\/\/www.stadler-schuhe.at\/wp-content\/uploads\/2015\/03\/luftpolster_logo.jpg\" alt=\"Stadler Schuhe W\u00f6rgl Logo mit stilisierter Wolke, darunter Schrift Luftpolster, modernes Design f\u00fcr bequeme Schuhe.\" width=\"67\" height=\"50\" srcset=\"https:\/\/www.stadler-schuhe.at\/wp-content\/uploads\/2015\/03\/luftpolster_logo.jpg 67w, https:\/\/www.stadler-schuhe.at\/wp-content\/uploads\/2015\/03\/luftpolster_logo-64x48.jpg 64w, https:\/\/www.stadler-schuhe.at\/wp-content\/uploads\/2015\/03\/luftpolster_logo-600x447.jpg 600w\" sizes=\"auto, (max-width: 67px) 100vw, 67px\" \/><\/p>\n<hr>\n<p><img loading=\"lazy\" decoding=\"async\" width=\"1640\" height=\"289\" class=\"alignnone wp-image-37075\" src=\"https:\/\/www.stadler-schuhe.at\/wp-content\/uploads\/2021\/11\/grossentabelle.jpg\" alt=\"Gr\u00f6\u00dfentabelle mit Schuhgr\u00f6\u00dfen, ideal f\u00fcr Stadler Schuhe in W\u00f6rgl, zeigt verschiedene EU-Gr\u00f6\u00dfen und Zwischengr\u00f6\u00dfen zur optimalen Auswahl von passendem Schuhwerk.\" srcset=\"https:\/\/www.stadler-schuhe.at\/wp-content\/uploads\/2021\/11\/grossentabelle.jpg 1640w, https:\/\/www.stadler-schuhe.at\/wp-content\/uploads\/2021\/11\/grossentabelle-500x88.jpg 500w, https:\/\/www.stadler-schuhe.at\/wp-content\/uploads\/2021\/11\/grossentabelle-64x11.jpg 64w, https:\/\/www.stadler-schuhe.at\/wp-content\/uploads\/2021\/11\/grossentabelle-300x53.jpg 300w, https:\/\/www.stadler-schuhe.at\/wp-content\/uploads\/2021\/11\/grossentabelle-1024x180.jpg 1024w, https:\/\/www.stadler-schuhe.at\/wp-content\/uploads\/2021\/11\/grossentabelle-768x135.jpg 768w, https:\/\/www.stadler-schuhe.at\/wp-content\/uploads\/2021\/11\/grossentabelle-1536x271.jpg 1536w, https:\/\/www.stadler-schuhe.at\/wp-content\/uploads\/2021\/11\/grossentabelle-468x82.jpg 468w, https:\/\/www.stadler-schuhe.at\/wp-content\/uploads\/2021\/11\/grossentabelle-936x165.jpg 936w\" sizes=\"auto, (max-width: 1640px) 100vw, 1640px\" \/><\/p>","protected":false},"featured_media":52653,"comment_status":"open","ping_status":"closed","template":"","meta":[],"product_brand":[],"product_cat":[691,692,203],"product_tag":[4760,4761,4759,395,512,334],"class_list":{"0":"post-52628","1":"product","2":"type-product","3":"status-publish","4":"has-post-thumbnail","6":"product_cat-damen","7":"product_cat-herren","8":"product_cat-trachtenschuhe","9":"product_tag-damenschuhe","10":"product_tag-herrenschuhe","11":"product_tag-mattsee","12":"product_tag-schuhe-oesterreich","13":"product_tag-schuhe-tirol","14":"product_tag-stadler-schuhe","15":"pa_farbe-agave","16":"pa_farbe-ahorn","17":"pa_farbe-chianti","18":"pa_farbe-denim","19":"pa_farbe-fels","20":"pa_farbe-kastanie","21":"pa_farbe-kiesel","22":"pa_farbe-offwhite","23":"pa_farbe-offwhite-braun","24":"pa_farbe-smaragd","25":"pa_fussbett-komfort-wechselfussbett","26":"pa_futtermaterial-rinderlederfutter-chromfrei","27":"pa_groessen-903","28":"pa_groessen-904","29":"pa_groessen-905","30":"pa_groessen-906","31":"pa_groessen-907","32":"pa_groessen-908","33":"pa_groessen-890","34":"pa_groessen-891","35":"pa_groessen-892","36":"pa_groessen-893","37":"pa_groessen-895","38":"pa_groessen-896","39":"pa_groessen-897","40":"pa_groessen-898","41":"pa_groessen-899","42":"pa_groessen-900","43":"pa_groessen-901","44":"pa_groessen-902","45":"pa_obermaterial-hirschleder-ahorn-kiesel-fels","46":"pa_obermaterial-nubukleder-agave-chianti-denim-offwhite-offwhite-braun-smaragd","47":"pa_obermaterial-pull-up-rinderleder-kastanie","48":"pa_sohle-vibram-melany-weiche-flexible-gummisohle-eva-daempfung","50":"first","51":"instock","52":"taxable","53":"shipping-taxable","54":"purchasable","55":"product-type-variable","56":"wvs-archive-product-wrapper"},"_links":{"self":[{"href":"https:\/\/www.stadler-schuhe.at\/en\/wp-json\/wp\/v2\/product\/52628","targetHints":{"allow":["GET"]}}],"collection":[{"href":"https:\/\/www.stadler-schuhe.at\/en\/wp-json\/wp\/v2\/product"}],"about":[{"href":"https:\/\/www.stadler-schuhe.at\/en\/wp-json\/wp\/v2\/types\/product"}],"replies":[{"embeddable":true,"href":"https:\/\/www.stadler-schuhe.at\/en\/wp-json\/wp\/v2\/comments?post=52628"}],"wp:featuredmedia":[{"embeddable":true,"href":"https:\/\/www.stadler-schuhe.at\/en\/wp-json\/wp\/v2\/media\/52653"}],"wp:attachment":[{"href":"https:\/\/www.stadler-schuhe.at\/en\/wp-json\/wp\/v2\/media?parent=52628"}],"wp:term":[{"taxonomy":"product_brand","embeddable":true,"href":"https:\/\/www.stadler-schuhe.at\/en\/wp-json\/wp\/v2\/product_brand?post=52628"},{"taxonomy":"product_cat","embeddable":true,"href":"https:\/\/www.stadler-schuhe.at\/en\/wp-json\/wp\/v2\/product_cat?post=52628"},{"taxonomy":"product_tag","embeddable":true,"href":"https:\/\/www.stadler-schuhe.at\/en\/wp-json\/wp\/v2\/product_tag?post=52628"}],"curies":[{"name":"wp","href":"https:\/\/api.w.org\/{rel}","templated":true}]}}