{"id":40610,"date":"2022-11-24T11:48:29","date_gmt":"2022-11-24T10:48:29","guid":{"rendered":"https:\/\/www.stadler-schuhe.at\/?post_type=product&#038;p=40610"},"modified":"2026-04-11T13:26:09","modified_gmt":"2026-04-11T11:26:09","slug":"bichlach-walk","status":"publish","type":"product","link":"https:\/\/www.stadler-schuhe.at\/en\/schuhe\/winter\/bichlach-walk\/","title":{"rendered":"Bichlach Walk"},"content":{"rendered":"","protected":false},"excerpt":{"rendered":"<p><img loading=\"lazy\" decoding=\"async\" class=\"alignnone wp-image-35708\" src=\"https:\/\/www.stadler-schuhe.at\/wp-content\/uploads\/2021\/09\/echtes_leder.jpg\" alt=\"Echtes Leder Symbol, ideale Wahl f\u00fcr Stadler Schuhe in W\u00f6rgl, hochwertiges Naturmaterial f\u00fcr langlebige und komfortable Schuhe.\" width=\"50\" height=\"55\" srcset=\"https:\/\/www.stadler-schuhe.at\/wp-content\/uploads\/2021\/09\/echtes_leder.jpg 600w, https:\/\/www.stadler-schuhe.at\/wp-content\/uploads\/2021\/09\/echtes_leder-500x554.jpg 500w, https:\/\/www.stadler-schuhe.at\/wp-content\/uploads\/2021\/09\/echtes_leder-64x71.jpg 64w, https:\/\/www.stadler-schuhe.at\/wp-content\/uploads\/2021\/09\/echtes_leder-271x300.jpg 271w, https:\/\/www.stadler-schuhe.at\/wp-content\/uploads\/2021\/09\/echtes_leder-422x468.jpg 422w\" sizes=\"auto, (max-width: 50px) 100vw, 50px\" \/>\u00a0 <img loading=\"lazy\" decoding=\"async\" class=\"alignnone size-full wp-image-8199\" src=\"https:\/\/www.stadler-schuhe.at\/wp-content\/uploads\/2015\/03\/davos.jpg\" alt=\"Orangefarbenes Davos-Logo mit wei\u00dfem \u201eD\u201c. Ideal f\u00fcr Stadler Schuhe in W\u00f6rgl. Modernes, ansprechendes Design, passend f\u00fcr Schuhgesch\u00e4fte und Markenpr\u00e4sentationen.\" width=\"45\" height=\"50\">\u00a0 <img loading=\"lazy\" decoding=\"async\" class=\"alignnone wp-image-34102\" src=\"https:\/\/www.stadler-schuhe.at\/wp-content\/uploads\/2020\/11\/tiroler-walk.jpg\" alt=\"Logo von Tiroler Walk mit stilisiertem Wollkn\u00e4uel, ideal f\u00fcr Stadler Schuhe in W\u00f6rgl, modernes Design, hochwertige Materialien und traditionelle Handwerkskunst aus Tirol.\" width=\"50\" height=\"58\" srcset=\"https:\/\/www.stadler-schuhe.at\/wp-content\/uploads\/2020\/11\/tiroler-walk.jpg 709w, https:\/\/www.stadler-schuhe.at\/wp-content\/uploads\/2020\/11\/tiroler-walk-500x583.jpg 500w, https:\/\/www.stadler-schuhe.at\/wp-content\/uploads\/2020\/11\/tiroler-walk-64x75.jpg 64w, https:\/\/www.stadler-schuhe.at\/wp-content\/uploads\/2020\/11\/tiroler-walk-257x300.jpg 257w, https:\/\/www.stadler-schuhe.at\/wp-content\/uploads\/2020\/11\/tiroler-walk-401x468.jpg 401w\" sizes=\"auto, (max-width: 50px) 100vw, 50px\" \/>\u00a0 <img loading=\"lazy\" decoding=\"async\" class=\"alignnone size-full wp-image-7815\" src=\"https:\/\/www.stadler-schuhe.at\/wp-content\/uploads\/2014\/11\/luft.jpg\" alt=\"Stadler Schuhe Luftpolster Symbol in Wolkenform, ideal f\u00fcr bequeme Schuhe in W\u00f6rgl.\" width=\"53\" height=\"56\" srcset=\"https:\/\/www.stadler-schuhe.at\/wp-content\/uploads\/2014\/11\/luft.jpg 53w, https:\/\/www.stadler-schuhe.at\/wp-content\/uploads\/2014\/11\/luft-600x633.jpg 600w\" sizes=\"auto, (max-width: 53px) 100vw, 53px\" \/><\/p>\n<hr>\n<p><img loading=\"lazy\" decoding=\"async\" width=\"1640\" height=\"289\" class=\"alignnone wp-image-37075\" src=\"https:\/\/www.stadler-schuhe.at\/wp-content\/uploads\/2021\/11\/grossentabelle.jpg\" alt=\"Gr\u00f6\u00dfentabelle mit Schuhgr\u00f6\u00dfen, ideal f\u00fcr Stadler Schuhe in W\u00f6rgl, zeigt verschiedene EU-Gr\u00f6\u00dfen und Zwischengr\u00f6\u00dfen zur optimalen Auswahl von passendem Schuhwerk.\" srcset=\"https:\/\/www.stadler-schuhe.at\/wp-content\/uploads\/2021\/11\/grossentabelle.jpg 1640w, https:\/\/www.stadler-schuhe.at\/wp-content\/uploads\/2021\/11\/grossentabelle-500x88.jpg 500w, https:\/\/www.stadler-schuhe.at\/wp-content\/uploads\/2021\/11\/grossentabelle-64x11.jpg 64w, https:\/\/www.stadler-schuhe.at\/wp-content\/uploads\/2021\/11\/grossentabelle-300x53.jpg 300w, https:\/\/www.stadler-schuhe.at\/wp-content\/uploads\/2021\/11\/grossentabelle-1024x180.jpg 1024w, https:\/\/www.stadler-schuhe.at\/wp-content\/uploads\/2021\/11\/grossentabelle-768x135.jpg 768w, https:\/\/www.stadler-schuhe.at\/wp-content\/uploads\/2021\/11\/grossentabelle-1536x271.jpg 1536w, https:\/\/www.stadler-schuhe.at\/wp-content\/uploads\/2021\/11\/grossentabelle-468x82.jpg 468w, https:\/\/www.stadler-schuhe.at\/wp-content\/uploads\/2021\/11\/grossentabelle-936x165.jpg 936w\" sizes=\"auto, (max-width: 1640px) 100vw, 1640px\" \/><\/p>\n<p><span style=\"color: #005a9a;\">Shoes with high-quality lambskin lining tend to run a little small \u2013 therefore, order this model half a size larger than usual!<\/span><\/p>","protected":false},"featured_media":40571,"comment_status":"open","ping_status":"closed","template":"","meta":[],"product_brand":[],"product_cat":[259],"product_tag":[274,981,982,984,979],"class_list":{"0":"post-40610","1":"product","2":"type-product","3":"status-publish","4":"has-post-thumbnail","6":"product_cat-winter","7":"product_tag-lammfell-2","8":"product_tag-mondsee","9":"product_tag-mondsee-lady","10":"product_tag-winter-alpine-lifestyle","11":"product_tag-winterschuhe","12":"pa_farbe-blau","13":"pa_farbe-moor","14":"pa_fussbett-lammfell-komfort-wechselfussbett","15":"pa_futtermaterial-tiroler-walk","16":"pa_groessen-903","17":"pa_groessen-904","18":"pa_groessen-905","19":"pa_groessen-906","20":"pa_groessen-907","21":"pa_groessen-908","22":"pa_groessen-909","23":"pa_groessen-910","24":"pa_groessen-917","25":"pa_groessen-896","26":"pa_groessen-897","27":"pa_groessen-898","28":"pa_groessen-899","29":"pa_groessen-900","30":"pa_groessen-901","31":"pa_groessen-902","32":"pa_obermaterial-veloursleder","33":"pa_sohle-davos-running-gummi-eva-keil","35":"first","36":"instock","37":"taxable","38":"shipping-taxable","39":"purchasable","40":"product-type-variable","41":"wvs-archive-product-wrapper"},"_links":{"self":[{"href":"https:\/\/www.stadler-schuhe.at\/en\/wp-json\/wp\/v2\/product\/40610","targetHints":{"allow":["GET"]}}],"collection":[{"href":"https:\/\/www.stadler-schuhe.at\/en\/wp-json\/wp\/v2\/product"}],"about":[{"href":"https:\/\/www.stadler-schuhe.at\/en\/wp-json\/wp\/v2\/types\/product"}],"replies":[{"embeddable":true,"href":"https:\/\/www.stadler-schuhe.at\/en\/wp-json\/wp\/v2\/comments?post=40610"}],"wp:featuredmedia":[{"embeddable":true,"href":"https:\/\/www.stadler-schuhe.at\/en\/wp-json\/wp\/v2\/media\/40571"}],"wp:attachment":[{"href":"https:\/\/www.stadler-schuhe.at\/en\/wp-json\/wp\/v2\/media?parent=40610"}],"wp:term":[{"taxonomy":"product_brand","embeddable":true,"href":"https:\/\/www.stadler-schuhe.at\/en\/wp-json\/wp\/v2\/product_brand?post=40610"},{"taxonomy":"product_cat","embeddable":true,"href":"https:\/\/www.stadler-schuhe.at\/en\/wp-json\/wp\/v2\/product_cat?post=40610"},{"taxonomy":"product_tag","embeddable":true,"href":"https:\/\/www.stadler-schuhe.at\/en\/wp-json\/wp\/v2\/product_tag?post=40610"}],"curies":[{"name":"wp","href":"https:\/\/api.w.org\/{rel}","templated":true}]}}