{"id":39989,"date":"2022-11-09T09:59:46","date_gmt":"2022-11-09T08:59:46","guid":{"rendered":"https:\/\/www.stadler-schuhe.at\/?post_type=product&#038;p=39989"},"modified":"2026-04-11T13:26:14","modified_gmt":"2026-04-11T11:26:14","slug":"schwoich","status":"publish","type":"product","link":"https:\/\/www.stadler-schuhe.at\/en\/schuhe\/winter\/schwoich\/","title":{"rendered":"Schwoich"},"content":{"rendered":"","protected":false},"excerpt":{"rendered":"<p><img loading=\"lazy\" decoding=\"async\" class=\"alignnone wp-image-34102\" src=\"https:\/\/www.stadler-schuhe.at\/wp-content\/uploads\/2020\/11\/tiroler-walk.jpg\" alt=\"Logo von Tiroler Walk mit stilisiertem Wollkn\u00e4uel, ideal f\u00fcr Stadler Schuhe in W\u00f6rgl, modernes Design, hochwertige Materialien und traditionelle Handwerkskunst aus Tirol.\" width=\"35\" height=\"41\" srcset=\"https:\/\/www.stadler-schuhe.at\/wp-content\/uploads\/2020\/11\/tiroler-walk.jpg 709w, https:\/\/www.stadler-schuhe.at\/wp-content\/uploads\/2020\/11\/tiroler-walk-500x583.jpg 500w, https:\/\/www.stadler-schuhe.at\/wp-content\/uploads\/2020\/11\/tiroler-walk-64x75.jpg 64w, https:\/\/www.stadler-schuhe.at\/wp-content\/uploads\/2020\/11\/tiroler-walk-257x300.jpg 257w, https:\/\/www.stadler-schuhe.at\/wp-content\/uploads\/2020\/11\/tiroler-walk-401x468.jpg 401w\" sizes=\"auto, (max-width: 35px) 100vw, 35px\" \/>\u00a0 <img loading=\"lazy\" decoding=\"async\" class=\"alignnone size-full wp-image-7814\" src=\"https:\/\/www.stadler-schuhe.at\/wp-content\/uploads\/2014\/11\/lamm.jpg\" alt=\"Pixeliges Schaf, Symbol f\u00fcr echte Lammfellprodukte bei Stadler Schuhe in W\u00f6rgl.\" width=\"45\" height=\"56\">\u00a0 <img loading=\"lazy\" decoding=\"async\" class=\"alignnone wp-image-35708\" src=\"https:\/\/www.stadler-schuhe.at\/wp-content\/uploads\/2021\/09\/echtes_leder.jpg\" alt=\"Echtes Leder Symbol, ideale Wahl f\u00fcr Stadler Schuhe in W\u00f6rgl, hochwertiges Naturmaterial f\u00fcr langlebige und komfortable Schuhe.\" width=\"35\" height=\"39\" srcset=\"https:\/\/www.stadler-schuhe.at\/wp-content\/uploads\/2021\/09\/echtes_leder.jpg 600w, https:\/\/www.stadler-schuhe.at\/wp-content\/uploads\/2021\/09\/echtes_leder-500x554.jpg 500w, https:\/\/www.stadler-schuhe.at\/wp-content\/uploads\/2021\/09\/echtes_leder-64x71.jpg 64w, https:\/\/www.stadler-schuhe.at\/wp-content\/uploads\/2021\/09\/echtes_leder-271x300.jpg 271w, https:\/\/www.stadler-schuhe.at\/wp-content\/uploads\/2021\/09\/echtes_leder-422x468.jpg 422w\" sizes=\"auto, (max-width: 35px) 100vw, 35px\" \/>\u00a0 <img loading=\"lazy\" decoding=\"async\" class=\"alignnone wp-image-40007\" src=\"https:\/\/www.stadler-schuhe.at\/wp-content\/uploads\/2022\/11\/sympatex_lettering_4c_darkblue-scaled.jpg\" alt=\"Ausschnitt eines blauen Schilds mit wei\u00dfer Schrift, ideal f\u00fcr Stadler Schuhe in W\u00f6rgl.\" width=\"96\" height=\"24\" srcset=\"https:\/\/www.stadler-schuhe.at\/wp-content\/uploads\/2022\/11\/sympatex_lettering_4c_darkblue-scaled.jpg 2000w, https:\/\/www.stadler-schuhe.at\/wp-content\/uploads\/2022\/11\/sympatex_lettering_4c_darkblue-scaled-500x125.jpg 500w, https:\/\/www.stadler-schuhe.at\/wp-content\/uploads\/2022\/11\/sympatex_lettering_4c_darkblue-scaled-64x16.jpg 64w, https:\/\/www.stadler-schuhe.at\/wp-content\/uploads\/2022\/11\/sympatex_lettering_4c_darkblue-300x75.jpg 300w, https:\/\/www.stadler-schuhe.at\/wp-content\/uploads\/2022\/11\/sympatex_lettering_4c_darkblue-1024x256.jpg 1024w, https:\/\/www.stadler-schuhe.at\/wp-content\/uploads\/2022\/11\/sympatex_lettering_4c_darkblue-768x192.jpg 768w, https:\/\/www.stadler-schuhe.at\/wp-content\/uploads\/2022\/11\/sympatex_lettering_4c_darkblue-1536x384.jpg 1536w, https:\/\/www.stadler-schuhe.at\/wp-content\/uploads\/2022\/11\/sympatex_lettering_4c_darkblue-2048x512.jpg 2048w, https:\/\/www.stadler-schuhe.at\/wp-content\/uploads\/2022\/11\/sympatex_lettering_4c_darkblue-468x117.jpg 468w, https:\/\/www.stadler-schuhe.at\/wp-content\/uploads\/2022\/11\/sympatex_lettering_4c_darkblue-936x234.jpg 936w\" sizes=\"auto, (max-width: 96px) 100vw, 96px\" \/>\u00a0 <img loading=\"lazy\" decoding=\"async\" class=\"alignnone wp-image-8102\" src=\"https:\/\/www.stadler-schuhe.at\/wp-content\/uploads\/2015\/03\/luftpolster_logo.jpg\" alt=\"Stadler Schuhe W\u00f6rgl Logo mit stilisierter Wolke, darunter Schrift Luftpolster, modernes Design f\u00fcr bequeme Schuhe.\" width=\"54\" height=\"40\" srcset=\"https:\/\/www.stadler-schuhe.at\/wp-content\/uploads\/2015\/03\/luftpolster_logo.jpg 67w, https:\/\/www.stadler-schuhe.at\/wp-content\/uploads\/2015\/03\/luftpolster_logo-64x48.jpg 64w, https:\/\/www.stadler-schuhe.at\/wp-content\/uploads\/2015\/03\/luftpolster_logo-600x447.jpg 600w\" sizes=\"auto, (max-width: 54px) 100vw, 54px\" \/> \u00a0 <img loading=\"lazy\" decoding=\"async\" class=\"alignnone wp-image-23864\" src=\"https:\/\/www.stadler-schuhe.at\/wp-content\/uploads\/2020\/02\/logovibram.jpg\" alt=\"Vibram-Logo auf gelbem Hintergrund, geeignet f\u00fcr hochwertige Stadler Schuhe in W\u00f6rgl.\" width=\"53\" height=\"35\" srcset=\"https:\/\/www.stadler-schuhe.at\/wp-content\/uploads\/2020\/02\/logovibram.jpg 1920w, https:\/\/www.stadler-schuhe.at\/wp-content\/uploads\/2020\/02\/logovibram-500x331.jpg 500w, https:\/\/www.stadler-schuhe.at\/wp-content\/uploads\/2020\/02\/logovibram-64x42.jpg 64w, https:\/\/www.stadler-schuhe.at\/wp-content\/uploads\/2020\/02\/logovibram-300x199.jpg 300w, https:\/\/www.stadler-schuhe.at\/wp-content\/uploads\/2020\/02\/logovibram-1024x678.jpg 1024w, https:\/\/www.stadler-schuhe.at\/wp-content\/uploads\/2020\/02\/logovibram-768x509.jpg 768w, https:\/\/www.stadler-schuhe.at\/wp-content\/uploads\/2020\/02\/logovibram-344x228.jpg 344w, https:\/\/www.stadler-schuhe.at\/wp-content\/uploads\/2020\/02\/logovibram-1536x1018.jpg 1536w, https:\/\/www.stadler-schuhe.at\/wp-content\/uploads\/2020\/02\/logovibram-468x310.jpg 468w, https:\/\/www.stadler-schuhe.at\/wp-content\/uploads\/2020\/02\/logovibram-936x620.jpg 936w\" sizes=\"auto, (max-width: 53px) 100vw, 53px\" \/>\u00a0<\/p>\n<hr>\n<p><img loading=\"lazy\" decoding=\"async\" width=\"1640\" height=\"289\" class=\"alignnone wp-image-37075\" src=\"https:\/\/www.stadler-schuhe.at\/wp-content\/uploads\/2021\/11\/grossentabelle.jpg\" alt=\"Gr\u00f6\u00dfentabelle mit Schuhgr\u00f6\u00dfen, ideal f\u00fcr Stadler Schuhe in W\u00f6rgl, zeigt verschiedene EU-Gr\u00f6\u00dfen und Zwischengr\u00f6\u00dfen zur optimalen Auswahl von passendem Schuhwerk.\" srcset=\"https:\/\/www.stadler-schuhe.at\/wp-content\/uploads\/2021\/11\/grossentabelle.jpg 1640w, https:\/\/www.stadler-schuhe.at\/wp-content\/uploads\/2021\/11\/grossentabelle-500x88.jpg 500w, https:\/\/www.stadler-schuhe.at\/wp-content\/uploads\/2021\/11\/grossentabelle-64x11.jpg 64w, https:\/\/www.stadler-schuhe.at\/wp-content\/uploads\/2021\/11\/grossentabelle-300x53.jpg 300w, https:\/\/www.stadler-schuhe.at\/wp-content\/uploads\/2021\/11\/grossentabelle-1024x180.jpg 1024w, https:\/\/www.stadler-schuhe.at\/wp-content\/uploads\/2021\/11\/grossentabelle-768x135.jpg 768w, https:\/\/www.stadler-schuhe.at\/wp-content\/uploads\/2021\/11\/grossentabelle-1536x271.jpg 1536w, https:\/\/www.stadler-schuhe.at\/wp-content\/uploads\/2021\/11\/grossentabelle-468x82.jpg 468w, https:\/\/www.stadler-schuhe.at\/wp-content\/uploads\/2021\/11\/grossentabelle-936x165.jpg 936w\" sizes=\"auto, (max-width: 1640px) 100vw, 1640px\" \/><\/p>","protected":false},"featured_media":40010,"comment_status":"open","ping_status":"closed","template":"","meta":[],"product_brand":[],"product_cat":[259],"product_tag":[304,288],"class_list":{"0":"post-39989","1":"product","2":"type-product","3":"status-publish","4":"has-post-thumbnail","6":"product_cat-winter","7":"product_tag-schwoich","8":"product_tag-winterschuh","9":"pa_farbe-blau","10":"pa_farbe-cognac","11":"pa_farbe-moor","12":"pa_farbe-nero","13":"pa_farbe-sand","14":"pa_fussbett-lammfell-komfort-wechselfussbett","15":"pa_futtermaterial-echtes-lammfell-sympatex","16":"pa_groessen-903","17":"pa_groessen-904","18":"pa_groessen-905","19":"pa_groessen-906","20":"pa_groessen-907","21":"pa_groessen-908","22":"pa_groessen-909","23":"pa_groessen-910","24":"pa_groessen-917","25":"pa_groessen-890","26":"pa_groessen-891","27":"pa_groessen-892","28":"pa_groessen-893","29":"pa_groessen-895","30":"pa_groessen-896","31":"pa_groessen-897","32":"pa_groessen-898","33":"pa_groessen-899","34":"pa_groessen-900","35":"pa_groessen-901","36":"pa_groessen-902","37":"pa_obermaterial-tiroler-walk","38":"pa_obermaterial-veloursleder","39":"pa_sohle-gummisohle-mit-silberpartikel-eva-keil","41":"first","42":"instock","43":"taxable","44":"shipping-taxable","45":"purchasable","46":"product-type-variable","47":"wvs-archive-product-wrapper"},"_links":{"self":[{"href":"https:\/\/www.stadler-schuhe.at\/en\/wp-json\/wp\/v2\/product\/39989","targetHints":{"allow":["GET"]}}],"collection":[{"href":"https:\/\/www.stadler-schuhe.at\/en\/wp-json\/wp\/v2\/product"}],"about":[{"href":"https:\/\/www.stadler-schuhe.at\/en\/wp-json\/wp\/v2\/types\/product"}],"replies":[{"embeddable":true,"href":"https:\/\/www.stadler-schuhe.at\/en\/wp-json\/wp\/v2\/comments?post=39989"}],"wp:featuredmedia":[{"embeddable":true,"href":"https:\/\/www.stadler-schuhe.at\/en\/wp-json\/wp\/v2\/media\/40010"}],"wp:attachment":[{"href":"https:\/\/www.stadler-schuhe.at\/en\/wp-json\/wp\/v2\/media?parent=39989"}],"wp:term":[{"taxonomy":"product_brand","embeddable":true,"href":"https:\/\/www.stadler-schuhe.at\/en\/wp-json\/wp\/v2\/product_brand?post=39989"},{"taxonomy":"product_cat","embeddable":true,"href":"https:\/\/www.stadler-schuhe.at\/en\/wp-json\/wp\/v2\/product_cat?post=39989"},{"taxonomy":"product_tag","embeddable":true,"href":"https:\/\/www.stadler-schuhe.at\/en\/wp-json\/wp\/v2\/product_tag?post=39989"}],"curies":[{"name":"wp","href":"https:\/\/api.w.org\/{rel}","templated":true}]}}