{"id":37307,"date":"2022-03-02T09:52:46","date_gmt":"2022-03-02T07:52:46","guid":{"rendered":"https:\/\/www.stadler-schuhe.at\/?post_type=product&#038;p=37307"},"modified":"2026-04-04T01:22:42","modified_gmt":"2026-04-03T23:22:42","slug":"ebbs-ii-ebbs-ii-sympatex","status":"publish","type":"product","link":"https:\/\/www.stadler-schuhe.at\/en\/schuhe\/wandern\/ebbs-ii-ebbs-ii-sympatex\/","title":{"rendered":"EBBS II \/ EBBS II Sympatex"},"content":{"rendered":"","protected":false},"excerpt":{"rendered":"<p><img loading=\"lazy\" decoding=\"async\" class=\"alignnone size-full wp-image-8157\" src=\"https:\/\/www.stadler-schuhe.at\/wp-content\/uploads\/2014\/05\/a1.jpg\" alt=\"Gr\u00fcnes Quadrat mit wei\u00dfem Buchstaben A, Symbol verbunden mit Stadler Schuhe in W\u00f6rgl, steht f\u00fcr hochwertige Schuhmode und exzellenten Service.\" width=\"26\" height=\"50\">\u00a0 \u00a0<img loading=\"lazy\" decoding=\"async\" class=\"alignnone size-full wp-image-8101\" src=\"https:\/\/www.stadler-schuhe.at\/wp-content\/uploads\/2015\/03\/echtleder_logo.jpg\" alt=\"Stadler Schuhe W\u00f6rgl, echtes Leder-Futter, Qualit\u00e4tszeichen auf beigefarbenem Hintergrund.\" width=\"34\" height=\"50\">\u00a0 \u00a0<img loading=\"lazy\" decoding=\"async\" class=\"alignnone size-full wp-image-8103\" src=\"https:\/\/www.stadler-schuhe.at\/wp-content\/uploads\/2015\/03\/vibram_logo.jpg\" alt=\"Vibram\" width=\"77\" height=\"50\" srcset=\"https:\/\/www.stadler-schuhe.at\/wp-content\/uploads\/2015\/03\/vibram_logo.jpg 77w, https:\/\/www.stadler-schuhe.at\/wp-content\/uploads\/2015\/03\/vibram_logo-64x42.jpg 64w\" sizes=\"auto, (max-width: 77px) 100vw, 77px\" \/>\u00a0 \u00a0<img loading=\"lazy\" decoding=\"async\" class=\"alignnone size-full wp-image-8151\" src=\"https:\/\/www.stadler-schuhe.at\/wp-content\/uploads\/2014\/05\/sympatex_logo.jpg\" alt=\"Sympatex Logo, hochwertige Materialien f\u00fcr Stadler Schuhe in W\u00f6rgl, modernes Design, innovative Schuhtechnologie f\u00fcr Komfort und Stil.\" width=\"67\" height=\"50\" srcset=\"https:\/\/www.stadler-schuhe.at\/wp-content\/uploads\/2014\/05\/sympatex_logo.jpg 67w, https:\/\/www.stadler-schuhe.at\/wp-content\/uploads\/2014\/05\/sympatex_logo-64x48.jpg 64w\" sizes=\"auto, (max-width: 67px) 100vw, 67px\" \/><\/p>\n<hr>\n<p><img loading=\"lazy\" decoding=\"async\" width=\"1640\" height=\"289\" class=\"alignnone wp-image-37075\" src=\"https:\/\/www.stadler-schuhe.at\/wp-content\/uploads\/2021\/11\/grossentabelle.jpg\" alt=\"Gr\u00f6\u00dfentabelle mit Schuhgr\u00f6\u00dfen, ideal f\u00fcr Stadler Schuhe in W\u00f6rgl, zeigt verschiedene EU-Gr\u00f6\u00dfen und Zwischengr\u00f6\u00dfen zur optimalen Auswahl von passendem Schuhwerk.\" srcset=\"https:\/\/www.stadler-schuhe.at\/wp-content\/uploads\/2021\/11\/grossentabelle.jpg 1640w, https:\/\/www.stadler-schuhe.at\/wp-content\/uploads\/2021\/11\/grossentabelle-500x88.jpg 500w, https:\/\/www.stadler-schuhe.at\/wp-content\/uploads\/2021\/11\/grossentabelle-64x11.jpg 64w, https:\/\/www.stadler-schuhe.at\/wp-content\/uploads\/2021\/11\/grossentabelle-300x53.jpg 300w, https:\/\/www.stadler-schuhe.at\/wp-content\/uploads\/2021\/11\/grossentabelle-1024x180.jpg 1024w, https:\/\/www.stadler-schuhe.at\/wp-content\/uploads\/2021\/11\/grossentabelle-768x135.jpg 768w, https:\/\/www.stadler-schuhe.at\/wp-content\/uploads\/2021\/11\/grossentabelle-1536x271.jpg 1536w, https:\/\/www.stadler-schuhe.at\/wp-content\/uploads\/2021\/11\/grossentabelle-468x82.jpg 468w, https:\/\/www.stadler-schuhe.at\/wp-content\/uploads\/2021\/11\/grossentabelle-936x165.jpg 936w\" sizes=\"auto, (max-width: 1640px) 100vw, 1640px\" \/><\/p>","protected":false},"featured_media":37431,"comment_status":"open","ping_status":"closed","template":"","meta":[],"product_brand":[],"product_cat":[451],"product_tag":[454,131,458,455,393,395,398,396,394,334],"class_list":{"0":"post-37307","1":"product","2":"type-product","3":"status-publish","4":"has-post-thumbnail","6":"product_cat-wandern","7":"product_tag-allroundschuhe","8":"product_tag-ebbs","9":"product_tag-ebbs-sympatex","10":"product_tag-freizeitschuhe","11":"product_tag-schuhe","12":"product_tag-schuhe-oesterreich","13":"product_tag-schuhe-wandern","14":"product_tag-schuhe-wien","15":"product_tag-stadler-oesterreich","16":"product_tag-stadler-schuhe","17":"pa_farbe-granit","18":"pa_farbe-stahlblau","19":"pa_farbe-trueffel","20":"pa_fussbett-komfort-wechselfussbett","21":"pa_futtermaterial-rindlederfutter","22":"pa_futtermaterial-sympatex-high-2-out","23":"pa_groessen-903","24":"pa_groessen-904","25":"pa_groessen-905","26":"pa_groessen-906","27":"pa_groessen-907","28":"pa_groessen-908","29":"pa_groessen-909","30":"pa_groessen-910","31":"pa_groessen-895","32":"pa_groessen-896","33":"pa_groessen-897","34":"pa_groessen-898","35":"pa_groessen-899","36":"pa_groessen-900","37":"pa_groessen-901","38":"pa_groessen-902","39":"pa_obermaterial-nubukleder","40":"pa_sohle-vibram-fuga","42":"first","43":"instock","44":"taxable","45":"shipping-taxable","46":"purchasable","47":"product-type-variable","48":"wvs-archive-product-wrapper"},"_links":{"self":[{"href":"https:\/\/www.stadler-schuhe.at\/en\/wp-json\/wp\/v2\/product\/37307","targetHints":{"allow":["GET"]}}],"collection":[{"href":"https:\/\/www.stadler-schuhe.at\/en\/wp-json\/wp\/v2\/product"}],"about":[{"href":"https:\/\/www.stadler-schuhe.at\/en\/wp-json\/wp\/v2\/types\/product"}],"replies":[{"embeddable":true,"href":"https:\/\/www.stadler-schuhe.at\/en\/wp-json\/wp\/v2\/comments?post=37307"}],"wp:featuredmedia":[{"embeddable":true,"href":"https:\/\/www.stadler-schuhe.at\/en\/wp-json\/wp\/v2\/media\/37431"}],"wp:attachment":[{"href":"https:\/\/www.stadler-schuhe.at\/en\/wp-json\/wp\/v2\/media?parent=37307"}],"wp:term":[{"taxonomy":"product_brand","embeddable":true,"href":"https:\/\/www.stadler-schuhe.at\/en\/wp-json\/wp\/v2\/product_brand?post=37307"},{"taxonomy":"product_cat","embeddable":true,"href":"https:\/\/www.stadler-schuhe.at\/en\/wp-json\/wp\/v2\/product_cat?post=37307"},{"taxonomy":"product_tag","embeddable":true,"href":"https:\/\/www.stadler-schuhe.at\/en\/wp-json\/wp\/v2\/product_tag?post=37307"}],"curies":[{"name":"wp","href":"https:\/\/api.w.org\/{rel}","templated":true}]}}