{"id":36714,"date":"2021-11-25T10:37:05","date_gmt":"2021-11-25T08:37:05","guid":{"rendered":"https:\/\/www.stadler-schuhe.at\/?post_type=product&#038;p=36714"},"modified":"2026-04-16T04:51:07","modified_gmt":"2026-04-16T02:51:07","slug":"goetzens-goetzens-sympatex","status":"publish","type":"product","link":"https:\/\/www.stadler-schuhe.at\/en\/schuhe\/wandern\/goetzens-goetzens-sympatex\/","title":{"rendered":"G\u00f6tzens \/ G\u00f6tzens Sympatex"},"content":{"rendered":"","protected":false},"excerpt":{"rendered":"<p>\u00a0\u00a0 <img loading=\"lazy\" decoding=\"async\" class=\"alignnone wp-image-8103\" src=\"https:\/\/www.stadler-schuhe.at\/wp-content\/uploads\/2015\/03\/vibram_logo.jpg\" alt=\"Vibram\" width=\"50\" height=\"32\" srcset=\"https:\/\/www.stadler-schuhe.at\/wp-content\/uploads\/2015\/03\/vibram_logo.jpg 77w, https:\/\/www.stadler-schuhe.at\/wp-content\/uploads\/2015\/03\/vibram_logo-64x42.jpg 64w\" sizes=\"auto, (max-width: 50px) 100vw, 50px\" \/> \u00a0\u00a0 <img loading=\"lazy\" decoding=\"async\" class=\"alignnone wp-image-8101 size-full\" src=\"https:\/\/www.stadler-schuhe.at\/wp-content\/uploads\/2015\/03\/echtleder_logo.jpg\" alt=\"Stadler Schuhe W\u00f6rgl, echtes Leder-Futter, Qualit\u00e4tszeichen auf beigefarbenem Hintergrund.\" width=\"34\" height=\"50\"> \u00a0\u00a0 <img loading=\"lazy\" decoding=\"async\" class=\"alignnone wp-image-23868\" src=\"https:\/\/www.stadler-schuhe.at\/wp-content\/uploads\/2020\/02\/sympatex-neu.jpg\" alt=\"Sympatex-Logo mit modernem Design, pr\u00e4sentiert von Stadler Schuhe in W\u00f6rgl, hochwertige Materialien und Innovation f\u00fcr Komfort und Stil bei jedem Wetter.\" width=\"50\" height=\"24\" srcset=\"https:\/\/www.stadler-schuhe.at\/wp-content\/uploads\/2020\/02\/sympatex-neu.jpg 828w, https:\/\/www.stadler-schuhe.at\/wp-content\/uploads\/2020\/02\/sympatex-neu-500x245.jpg 500w, https:\/\/www.stadler-schuhe.at\/wp-content\/uploads\/2020\/02\/sympatex-neu-64x31.jpg 64w, https:\/\/www.stadler-schuhe.at\/wp-content\/uploads\/2020\/02\/sympatex-neu-300x147.jpg 300w, https:\/\/www.stadler-schuhe.at\/wp-content\/uploads\/2020\/02\/sympatex-neu-768x376.jpg 768w, https:\/\/www.stadler-schuhe.at\/wp-content\/uploads\/2020\/02\/sympatex-neu-466x228.jpg 466w, https:\/\/www.stadler-schuhe.at\/wp-content\/uploads\/2020\/02\/sympatex-neu-468x229.jpg 468w\" sizes=\"auto, (max-width: 50px) 100vw, 50px\" \/><\/p>\n<hr>\n<p><img loading=\"lazy\" decoding=\"async\" width=\"1640\" height=\"289\" class=\"alignnone wp-image-37075\" src=\"https:\/\/www.stadler-schuhe.at\/wp-content\/uploads\/2021\/11\/grossentabelle.jpg\" alt=\"Gr\u00f6\u00dfentabelle mit Schuhgr\u00f6\u00dfen, ideal f\u00fcr Stadler Schuhe in W\u00f6rgl, zeigt verschiedene EU-Gr\u00f6\u00dfen und Zwischengr\u00f6\u00dfen zur optimalen Auswahl von passendem Schuhwerk.\" srcset=\"https:\/\/www.stadler-schuhe.at\/wp-content\/uploads\/2021\/11\/grossentabelle.jpg 1640w, https:\/\/www.stadler-schuhe.at\/wp-content\/uploads\/2021\/11\/grossentabelle-500x88.jpg 500w, https:\/\/www.stadler-schuhe.at\/wp-content\/uploads\/2021\/11\/grossentabelle-64x11.jpg 64w, https:\/\/www.stadler-schuhe.at\/wp-content\/uploads\/2021\/11\/grossentabelle-300x53.jpg 300w, https:\/\/www.stadler-schuhe.at\/wp-content\/uploads\/2021\/11\/grossentabelle-1024x180.jpg 1024w, https:\/\/www.stadler-schuhe.at\/wp-content\/uploads\/2021\/11\/grossentabelle-768x135.jpg 768w, https:\/\/www.stadler-schuhe.at\/wp-content\/uploads\/2021\/11\/grossentabelle-1536x271.jpg 1536w, https:\/\/www.stadler-schuhe.at\/wp-content\/uploads\/2021\/11\/grossentabelle-468x82.jpg 468w, https:\/\/www.stadler-schuhe.at\/wp-content\/uploads\/2021\/11\/grossentabelle-936x165.jpg 936w\" sizes=\"auto, (max-width: 1640px) 100vw, 1640px\" \/><\/p>","protected":false},"featured_media":36799,"comment_status":"open","ping_status":"closed","template":"","meta":[],"product_brand":[],"product_cat":[451],"product_tag":[436,1035,393,395,398,396,394,334],"class_list":{"0":"post-36714","1":"product","2":"type-product","3":"status-publish","4":"has-post-thumbnail","6":"product_cat-wandern","7":"product_tag-bergschuhe","8":"product_tag-goetzens","9":"product_tag-schuhe","10":"product_tag-schuhe-oesterreich","11":"product_tag-schuhe-wandern","12":"product_tag-schuhe-wien","13":"product_tag-stadler-oesterreich","14":"product_tag-stadler-schuhe","15":"pa_farbe-nero","16":"pa_farbe-nuss","17":"pa_fussbett-komfort-wechselfussbett","18":"pa_futtermaterial-rinderlederfutter-chromfrei","19":"pa_futtermaterial-sympatex-high-2-out","20":"pa_groessen-903","21":"pa_groessen-904","22":"pa_groessen-905","23":"pa_groessen-906","24":"pa_groessen-907","25":"pa_groessen-908","26":"pa_groessen-909","27":"pa_groessen-910","28":"pa_groessen-917","29":"pa_groessen-890","30":"pa_groessen-891","31":"pa_groessen-892","32":"pa_groessen-893","33":"pa_groessen-895","34":"pa_groessen-896","35":"pa_groessen-897","36":"pa_groessen-898","37":"pa_groessen-899","38":"pa_groessen-900","39":"pa_groessen-901","40":"pa_groessen-902","41":"pa_obermaterial-nubukleder","42":"pa_obermaterial-pull-up-rindleder","43":"pa_sohle-vibram-fuora-gummi-evapur-keil","45":"first","46":"outofstock","47":"taxable","48":"shipping-taxable","49":"product-type-variable","50":"wvs-archive-product-wrapper"},"_links":{"self":[{"href":"https:\/\/www.stadler-schuhe.at\/en\/wp-json\/wp\/v2\/product\/36714","targetHints":{"allow":["GET"]}}],"collection":[{"href":"https:\/\/www.stadler-schuhe.at\/en\/wp-json\/wp\/v2\/product"}],"about":[{"href":"https:\/\/www.stadler-schuhe.at\/en\/wp-json\/wp\/v2\/types\/product"}],"replies":[{"embeddable":true,"href":"https:\/\/www.stadler-schuhe.at\/en\/wp-json\/wp\/v2\/comments?post=36714"}],"wp:featuredmedia":[{"embeddable":true,"href":"https:\/\/www.stadler-schuhe.at\/en\/wp-json\/wp\/v2\/media\/36799"}],"wp:attachment":[{"href":"https:\/\/www.stadler-schuhe.at\/en\/wp-json\/wp\/v2\/media?parent=36714"}],"wp:term":[{"taxonomy":"product_brand","embeddable":true,"href":"https:\/\/www.stadler-schuhe.at\/en\/wp-json\/wp\/v2\/product_brand?post=36714"},{"taxonomy":"product_cat","embeddable":true,"href":"https:\/\/www.stadler-schuhe.at\/en\/wp-json\/wp\/v2\/product_cat?post=36714"},{"taxonomy":"product_tag","embeddable":true,"href":"https:\/\/www.stadler-schuhe.at\/en\/wp-json\/wp\/v2\/product_tag?post=36714"}],"curies":[{"name":"wp","href":"https:\/\/api.w.org\/{rel}","templated":true}]}}