{"id":36279,"date":"2021-11-23T11:51:51","date_gmt":"2021-11-23T09:51:51","guid":{"rendered":"https:\/\/www.stadler-schuhe.at\/?post_type=product&#038;p=36279"},"modified":"2026-04-11T13:26:16","modified_gmt":"2026-04-11T11:26:16","slug":"hall-lady","status":"publish","type":"product","link":"https:\/\/www.stadler-schuhe.at\/en\/schuhe\/damen\/hall-lady\/","title":{"rendered":"Hall Lady \/ Hall Lady SympaTex"},"content":{"rendered":"","protected":false},"excerpt":{"rendered":"<p>\u00a0\u00a0 <img loading=\"lazy\" decoding=\"async\" class=\"alignnone size-full wp-image-8102\" src=\"https:\/\/www.stadler-schuhe.at\/wp-content\/uploads\/2015\/03\/luftpolster_logo.jpg\" alt=\"Stadler Schuhe W\u00f6rgl Logo mit stilisierter Wolke, darunter Schrift Luftpolster, modernes Design f\u00fcr bequeme Schuhe.\" width=\"67\" height=\"50\" srcset=\"https:\/\/www.stadler-schuhe.at\/wp-content\/uploads\/2015\/03\/luftpolster_logo.jpg 67w, https:\/\/www.stadler-schuhe.at\/wp-content\/uploads\/2015\/03\/luftpolster_logo-64x48.jpg 64w, https:\/\/www.stadler-schuhe.at\/wp-content\/uploads\/2015\/03\/luftpolster_logo-600x447.jpg 600w\" sizes=\"auto, (max-width: 67px) 100vw, 67px\" \/>\u00a0 \u00a0<img loading=\"lazy\" decoding=\"async\" class=\"alignnone size-full wp-image-8199\" src=\"https:\/\/www.stadler-schuhe.at\/wp-content\/uploads\/2015\/03\/davos.jpg\" alt=\"Orangefarbenes Davos-Logo mit wei\u00dfem \u201eD\u201c. Ideal f\u00fcr Stadler Schuhe in W\u00f6rgl. Modernes, ansprechendes Design, passend f\u00fcr Schuhgesch\u00e4fte und Markenpr\u00e4sentationen.\" width=\"45\" height=\"50\"> \u00a0\u00a0 <a href=\"https:\/\/www.stadler-schuhe.at\/wp-content\/uploads\/2020\/02\/logo-chromfrei.jpg\"><img loading=\"lazy\" decoding=\"async\" class=\"alignnone wp-image-23854\" src=\"https:\/\/www.stadler-schuhe.at\/wp-content\/uploads\/2020\/02\/logo-chromfrei-213x300.jpg\" alt=\"Chromfrei Leder Logo\" width=\"51\" height=\"72\" srcset=\"https:\/\/www.stadler-schuhe.at\/wp-content\/uploads\/2020\/02\/logo-chromfrei-213x300.jpg 213w, https:\/\/www.stadler-schuhe.at\/wp-content\/uploads\/2020\/02\/logo-chromfrei-64x90.jpg 64w, https:\/\/www.stadler-schuhe.at\/wp-content\/uploads\/2020\/02\/logo-chromfrei-162x228.jpg 162w, https:\/\/www.stadler-schuhe.at\/wp-content\/uploads\/2020\/02\/logo-chromfrei.jpg 241w\" sizes=\"auto, (max-width: 51px) 100vw, 51px\" \/><\/a><\/p>\n<hr>\n<p><img loading=\"lazy\" decoding=\"async\" width=\"1640\" height=\"289\" class=\"alignnone wp-image-37075\" src=\"https:\/\/www.stadler-schuhe.at\/wp-content\/uploads\/2021\/11\/grossentabelle.jpg\" alt=\"Gr\u00f6\u00dfentabelle mit Schuhgr\u00f6\u00dfen, ideal f\u00fcr Stadler Schuhe in W\u00f6rgl, zeigt verschiedene EU-Gr\u00f6\u00dfen und Zwischengr\u00f6\u00dfen zur optimalen Auswahl von passendem Schuhwerk.\" srcset=\"https:\/\/www.stadler-schuhe.at\/wp-content\/uploads\/2021\/11\/grossentabelle.jpg 1640w, https:\/\/www.stadler-schuhe.at\/wp-content\/uploads\/2021\/11\/grossentabelle-500x88.jpg 500w, https:\/\/www.stadler-schuhe.at\/wp-content\/uploads\/2021\/11\/grossentabelle-64x11.jpg 64w, https:\/\/www.stadler-schuhe.at\/wp-content\/uploads\/2021\/11\/grossentabelle-300x53.jpg 300w, https:\/\/www.stadler-schuhe.at\/wp-content\/uploads\/2021\/11\/grossentabelle-1024x180.jpg 1024w, https:\/\/www.stadler-schuhe.at\/wp-content\/uploads\/2021\/11\/grossentabelle-768x135.jpg 768w, https:\/\/www.stadler-schuhe.at\/wp-content\/uploads\/2021\/11\/grossentabelle-1536x271.jpg 1536w, https:\/\/www.stadler-schuhe.at\/wp-content\/uploads\/2021\/11\/grossentabelle-468x82.jpg 468w, https:\/\/www.stadler-schuhe.at\/wp-content\/uploads\/2021\/11\/grossentabelle-936x165.jpg 936w\" sizes=\"auto, (max-width: 1640px) 100vw, 1640px\" \/><\/p>","protected":false},"featured_media":36300,"comment_status":"open","ping_status":"closed","template":"","meta":[],"product_brand":[],"product_cat":[691],"product_tag":[1002,406,455,1003,334],"class_list":{"0":"post-36279","1":"product","2":"type-product","3":"status-publish","4":"has-post-thumbnail","6":"product_cat-damen","7":"product_tag-damen","8":"product_tag-freizeitschuh","9":"product_tag-freizeitschuhe","10":"product_tag-lifestyle-damen","11":"product_tag-stadler-schuhe","12":"pa_farbe-haselnuss","13":"pa_farbe-sand","14":"pa_farbe-stahlblau","15":"pa_fussbett-komfort-wechselfussbett","16":"pa_futtermaterial-rindlederfutter-chromfrei","17":"pa_futtermaterial-sympatex-high-2-out","18":"pa_groessen-890","19":"pa_groessen-891","20":"pa_groessen-892","21":"pa_groessen-893","22":"pa_groessen-895","23":"pa_groessen-896","24":"pa_groessen-897","25":"pa_groessen-898","26":"pa_groessen-899","27":"pa_groessen-900","28":"pa_groessen-901","29":"pa_obermaterial-nubukleder","30":"pa_sohle-vibram-fuga","32":"first","33":"instock","34":"taxable","35":"shipping-taxable","36":"purchasable","37":"product-type-variable","38":"wvs-archive-product-wrapper"},"_links":{"self":[{"href":"https:\/\/www.stadler-schuhe.at\/en\/wp-json\/wp\/v2\/product\/36279","targetHints":{"allow":["GET"]}}],"collection":[{"href":"https:\/\/www.stadler-schuhe.at\/en\/wp-json\/wp\/v2\/product"}],"about":[{"href":"https:\/\/www.stadler-schuhe.at\/en\/wp-json\/wp\/v2\/types\/product"}],"replies":[{"embeddable":true,"href":"https:\/\/www.stadler-schuhe.at\/en\/wp-json\/wp\/v2\/comments?post=36279"}],"wp:featuredmedia":[{"embeddable":true,"href":"https:\/\/www.stadler-schuhe.at\/en\/wp-json\/wp\/v2\/media\/36300"}],"wp:attachment":[{"href":"https:\/\/www.stadler-schuhe.at\/en\/wp-json\/wp\/v2\/media?parent=36279"}],"wp:term":[{"taxonomy":"product_brand","embeddable":true,"href":"https:\/\/www.stadler-schuhe.at\/en\/wp-json\/wp\/v2\/product_brand?post=36279"},{"taxonomy":"product_cat","embeddable":true,"href":"https:\/\/www.stadler-schuhe.at\/en\/wp-json\/wp\/v2\/product_cat?post=36279"},{"taxonomy":"product_tag","embeddable":true,"href":"https:\/\/www.stadler-schuhe.at\/en\/wp-json\/wp\/v2\/product_tag?post=36279"}],"curies":[{"name":"wp","href":"https:\/\/api.w.org\/{rel}","templated":true}]}}