{"id":36180,"date":"2021-11-23T10:54:48","date_gmt":"2021-11-23T08:54:48","guid":{"rendered":"https:\/\/www.stadler-schuhe.at\/?post_type=product&#038;p=36180"},"modified":"2026-04-11T13:26:15","modified_gmt":"2026-04-11T11:26:15","slug":"seegrube-ice","status":"publish","type":"product","link":"https:\/\/www.stadler-schuhe.at\/en\/schuhe\/winter\/seegrube-ice\/","title":{"rendered":"Seegrube ICE"},"content":{"rendered":"","protected":false},"excerpt":{"rendered":"<p><img loading=\"lazy\" decoding=\"async\" class=\"alignnone size-full wp-image-7814\" src=\"https:\/\/www.stadler-schuhe.at\/wp-content\/uploads\/2014\/11\/lamm.jpg\" alt=\"Pixeliges Schaf, Symbol f\u00fcr echte Lammfellprodukte bei Stadler Schuhe in W\u00f6rgl.\" width=\"45\" height=\"56\">\u00a0\u00a0<img loading=\"lazy\" decoding=\"async\" class=\"alignnone wp-image-35708\" src=\"https:\/\/www.stadler-schuhe.at\/wp-content\/uploads\/2021\/09\/echtes_leder.jpg\" alt=\"Echtes Leder Symbol, ideale Wahl f\u00fcr Stadler Schuhe in W\u00f6rgl, hochwertiges Naturmaterial f\u00fcr langlebige und komfortable Schuhe.\" width=\"40\" height=\"46\">\u00a0 \u00a0<img loading=\"lazy\" decoding=\"async\" class=\"alignnone wp-image-8102 size-full\" src=\"https:\/\/www.stadler-schuhe.at\/wp-content\/uploads\/2015\/03\/luftpolster_logo.jpg\" alt=\"Stadler Schuhe W\u00f6rgl Logo mit stilisierter Wolke, darunter Schrift Luftpolster, modernes Design f\u00fcr bequeme Schuhe.\" width=\"67\" height=\"50\" srcset=\"https:\/\/www.stadler-schuhe.at\/wp-content\/uploads\/2015\/03\/luftpolster_logo.jpg 67w, https:\/\/www.stadler-schuhe.at\/wp-content\/uploads\/2015\/03\/luftpolster_logo-64x48.jpg 64w, https:\/\/www.stadler-schuhe.at\/wp-content\/uploads\/2015\/03\/luftpolster_logo-600x447.jpg 600w\" sizes=\"auto, (max-width: 67px) 100vw, 67px\" \/> \u00a0 <img loading=\"lazy\" decoding=\"async\" class=\"alignnone wp-image-23864\" src=\"https:\/\/www.stadler-schuhe.at\/wp-content\/uploads\/2020\/02\/logovibram.jpg\" alt=\"Vibram-Logo auf gelbem Hintergrund, geeignet f\u00fcr hochwertige Stadler Schuhe in W\u00f6rgl.\" width=\"50\" height=\"33\" srcset=\"https:\/\/www.stadler-schuhe.at\/wp-content\/uploads\/2020\/02\/logovibram.jpg 1920w, https:\/\/www.stadler-schuhe.at\/wp-content\/uploads\/2020\/02\/logovibram-500x331.jpg 500w, https:\/\/www.stadler-schuhe.at\/wp-content\/uploads\/2020\/02\/logovibram-64x42.jpg 64w, https:\/\/www.stadler-schuhe.at\/wp-content\/uploads\/2020\/02\/logovibram-300x199.jpg 300w, https:\/\/www.stadler-schuhe.at\/wp-content\/uploads\/2020\/02\/logovibram-1024x678.jpg 1024w, https:\/\/www.stadler-schuhe.at\/wp-content\/uploads\/2020\/02\/logovibram-768x509.jpg 768w, https:\/\/www.stadler-schuhe.at\/wp-content\/uploads\/2020\/02\/logovibram-344x228.jpg 344w, https:\/\/www.stadler-schuhe.at\/wp-content\/uploads\/2020\/02\/logovibram-1536x1018.jpg 1536w, https:\/\/www.stadler-schuhe.at\/wp-content\/uploads\/2020\/02\/logovibram-468x310.jpg 468w, https:\/\/www.stadler-schuhe.at\/wp-content\/uploads\/2020\/02\/logovibram-936x620.jpg 936w\" sizes=\"auto, (max-width: 50px) 100vw, 50px\" \/><\/p>\n<hr>\n<p><img loading=\"lazy\" decoding=\"async\" width=\"1640\" height=\"289\" class=\"alignnone wp-image-37075\" src=\"https:\/\/www.stadler-schuhe.at\/wp-content\/uploads\/2021\/11\/grossentabelle.jpg\" alt=\"Gr\u00f6\u00dfentabelle mit Schuhgr\u00f6\u00dfen, ideal f\u00fcr Stadler Schuhe in W\u00f6rgl, zeigt verschiedene EU-Gr\u00f6\u00dfen und Zwischengr\u00f6\u00dfen zur optimalen Auswahl von passendem Schuhwerk.\" srcset=\"https:\/\/www.stadler-schuhe.at\/wp-content\/uploads\/2021\/11\/grossentabelle.jpg 1640w, https:\/\/www.stadler-schuhe.at\/wp-content\/uploads\/2021\/11\/grossentabelle-500x88.jpg 500w, https:\/\/www.stadler-schuhe.at\/wp-content\/uploads\/2021\/11\/grossentabelle-64x11.jpg 64w, https:\/\/www.stadler-schuhe.at\/wp-content\/uploads\/2021\/11\/grossentabelle-300x53.jpg 300w, https:\/\/www.stadler-schuhe.at\/wp-content\/uploads\/2021\/11\/grossentabelle-1024x180.jpg 1024w, https:\/\/www.stadler-schuhe.at\/wp-content\/uploads\/2021\/11\/grossentabelle-768x135.jpg 768w, https:\/\/www.stadler-schuhe.at\/wp-content\/uploads\/2021\/11\/grossentabelle-1536x271.jpg 1536w, https:\/\/www.stadler-schuhe.at\/wp-content\/uploads\/2021\/11\/grossentabelle-468x82.jpg 468w, https:\/\/www.stadler-schuhe.at\/wp-content\/uploads\/2021\/11\/grossentabelle-936x165.jpg 936w\" sizes=\"auto, (max-width: 1640px) 100vw, 1640px\" \/><\/p>","protected":false},"featured_media":36221,"comment_status":"open","ping_status":"closed","template":"","meta":[],"product_brand":[],"product_cat":[706,259],"product_tag":[274,1031,984,979],"class_list":{"0":"post-36180","1":"product","2":"type-product","3":"status-publish","4":"has-post-thumbnail","6":"product_cat-stiefel","7":"product_cat-winter","8":"product_tag-lammfell-2","9":"product_tag-seegrube","10":"product_tag-winter-alpine-lifestyle","11":"product_tag-winterschuhe","12":"pa_farbe-ecru","13":"pa_farbe-nero","14":"pa_farbe-noisette","15":"pa_farbe-oliv","16":"pa_fussbett-lammfell-komfort-wechselfussbett","17":"pa_futtermaterial-echtes-lammfell","18":"pa_groessen-903","19":"pa_groessen-904","20":"pa_groessen-905","21":"pa_groessen-906","22":"pa_groessen-907","23":"pa_groessen-908","24":"pa_groessen-890","25":"pa_groessen-891","26":"pa_groessen-892","27":"pa_groessen-893","28":"pa_groessen-895","29":"pa_groessen-896","30":"pa_groessen-897","31":"pa_groessen-898","32":"pa_groessen-899","33":"pa_groessen-900","34":"pa_groessen-901","35":"pa_groessen-902","36":"pa_obermaterial-doubleface-veloursleder","37":"pa_sohle-vibram-fuga-ice","39":"first","40":"instock","41":"taxable","42":"shipping-taxable","43":"purchasable","44":"product-type-variable","45":"wvs-archive-product-wrapper"},"_links":{"self":[{"href":"https:\/\/www.stadler-schuhe.at\/en\/wp-json\/wp\/v2\/product\/36180","targetHints":{"allow":["GET"]}}],"collection":[{"href":"https:\/\/www.stadler-schuhe.at\/en\/wp-json\/wp\/v2\/product"}],"about":[{"href":"https:\/\/www.stadler-schuhe.at\/en\/wp-json\/wp\/v2\/types\/product"}],"replies":[{"embeddable":true,"href":"https:\/\/www.stadler-schuhe.at\/en\/wp-json\/wp\/v2\/comments?post=36180"}],"wp:featuredmedia":[{"embeddable":true,"href":"https:\/\/www.stadler-schuhe.at\/en\/wp-json\/wp\/v2\/media\/36221"}],"wp:attachment":[{"href":"https:\/\/www.stadler-schuhe.at\/en\/wp-json\/wp\/v2\/media?parent=36180"}],"wp:term":[{"taxonomy":"product_brand","embeddable":true,"href":"https:\/\/www.stadler-schuhe.at\/en\/wp-json\/wp\/v2\/product_brand?post=36180"},{"taxonomy":"product_cat","embeddable":true,"href":"https:\/\/www.stadler-schuhe.at\/en\/wp-json\/wp\/v2\/product_cat?post=36180"},{"taxonomy":"product_tag","embeddable":true,"href":"https:\/\/www.stadler-schuhe.at\/en\/wp-json\/wp\/v2\/product_tag?post=36180"}],"curies":[{"name":"wp","href":"https:\/\/api.w.org\/{rel}","templated":true}]}}