{"id":35728,"date":"2021-09-23T14:07:40","date_gmt":"2021-09-23T12:07:40","guid":{"rendered":"https:\/\/www.stadler-schuhe.at\/?post_type=product&#038;p=35728"},"modified":"2026-04-11T13:26:12","modified_gmt":"2026-04-11T11:26:12","slug":"chelsea-winterfell","status":"publish","type":"product","link":"https:\/\/www.stadler-schuhe.at\/en\/schuhe\/winter\/chelsea-winterfell\/","title":{"rendered":"Chelsea sheepskin"},"content":{"rendered":"","protected":false},"excerpt":{"rendered":"<p><img loading=\"lazy\" decoding=\"async\" class=\"alignnone wp-image-35708\" src=\"https:\/\/www.stadler-schuhe.at\/wp-content\/uploads\/2021\/09\/echtes_leder-271x300.jpg\" alt=\"\" width=\"45\" height=\"50\" srcset=\"https:\/\/www.stadler-schuhe.at\/wp-content\/uploads\/2021\/09\/echtes_leder-271x300.jpg 271w, https:\/\/www.stadler-schuhe.at\/wp-content\/uploads\/2021\/09\/echtes_leder-500x554.jpg 500w, https:\/\/www.stadler-schuhe.at\/wp-content\/uploads\/2021\/09\/echtes_leder-64x71.jpg 64w, https:\/\/www.stadler-schuhe.at\/wp-content\/uploads\/2021\/09\/echtes_leder-422x468.jpg 422w, https:\/\/www.stadler-schuhe.at\/wp-content\/uploads\/2021\/09\/echtes_leder.jpg 600w\" sizes=\"auto, (max-width: 45px) 100vw, 45px\" \/> \u00a0 <img loading=\"lazy\" decoding=\"async\" class=\"alignnone wp-image-7814 size-full\" src=\"https:\/\/www.stadler-schuhe.at\/wp-content\/uploads\/2014\/11\/lamm.jpg\" alt=\"Pixeliges Schaf, Symbol f\u00fcr echte Lammfellprodukte bei Stadler Schuhe in W\u00f6rgl.\" width=\"45\" height=\"56\">\u00a0\u00a0 <img loading=\"lazy\" decoding=\"async\" class=\"alignnone size-full wp-image-8102\" src=\"https:\/\/www.stadler-schuhe.at\/wp-content\/uploads\/2015\/03\/luftpolster_logo.jpg\" alt=\"Stadler Schuhe W\u00f6rgl Logo mit stilisierter Wolke, darunter Schrift Luftpolster, modernes Design f\u00fcr bequeme Schuhe.\" width=\"67\" height=\"50\" srcset=\"https:\/\/www.stadler-schuhe.at\/wp-content\/uploads\/2015\/03\/luftpolster_logo.jpg 67w, https:\/\/www.stadler-schuhe.at\/wp-content\/uploads\/2015\/03\/luftpolster_logo-64x48.jpg 64w, https:\/\/www.stadler-schuhe.at\/wp-content\/uploads\/2015\/03\/luftpolster_logo-600x447.jpg 600w\" sizes=\"auto, (max-width: 67px) 100vw, 67px\" \/> \u00a0 <img loading=\"lazy\" decoding=\"async\" class=\"alignnone wp-image-23840\" src=\"https:\/\/www.stadler-schuhe.at\/wp-content\/uploads\/2020\/02\/logo_davos-1-150x150-1.png\" alt=\"Davos Logo, orange Hintergrund, bekannt f\u00fcr Gummiprodukte seit 1955, ideal f\u00fcr Stadler Schuhe in W\u00f6rgl, hochwertige Schuhsohlen und Innovation in Schuhtechnik.\" width=\"50\" height=\"50\" srcset=\"https:\/\/www.stadler-schuhe.at\/wp-content\/uploads\/2020\/02\/logo_davos-1-150x150-1.png 150w, https:\/\/www.stadler-schuhe.at\/wp-content\/uploads\/2020\/02\/logo_davos-1-150x150-1-100x100.png 100w, https:\/\/www.stadler-schuhe.at\/wp-content\/uploads\/2020\/02\/logo_davos-1-150x150-1-64x64.png 64w, https:\/\/www.stadler-schuhe.at\/wp-content\/uploads\/2020\/02\/logo_davos-1-150x150-1-60x60.png 60w\" sizes=\"auto, (max-width: 50px) 100vw, 50px\" \/>\u00a0<\/p>\n<hr>\n<p><img loading=\"lazy\" decoding=\"async\" width=\"1640\" height=\"289\" class=\"alignnone wp-image-37075\" src=\"https:\/\/www.stadler-schuhe.at\/wp-content\/uploads\/2021\/11\/grossentabelle.jpg\" alt=\"Gr\u00f6\u00dfentabelle mit Schuhgr\u00f6\u00dfen, ideal f\u00fcr Stadler Schuhe in W\u00f6rgl, zeigt verschiedene EU-Gr\u00f6\u00dfen und Zwischengr\u00f6\u00dfen zur optimalen Auswahl von passendem Schuhwerk.\" srcset=\"https:\/\/www.stadler-schuhe.at\/wp-content\/uploads\/2021\/11\/grossentabelle.jpg 1640w, https:\/\/www.stadler-schuhe.at\/wp-content\/uploads\/2021\/11\/grossentabelle-500x88.jpg 500w, https:\/\/www.stadler-schuhe.at\/wp-content\/uploads\/2021\/11\/grossentabelle-64x11.jpg 64w, https:\/\/www.stadler-schuhe.at\/wp-content\/uploads\/2021\/11\/grossentabelle-300x53.jpg 300w, https:\/\/www.stadler-schuhe.at\/wp-content\/uploads\/2021\/11\/grossentabelle-1024x180.jpg 1024w, https:\/\/www.stadler-schuhe.at\/wp-content\/uploads\/2021\/11\/grossentabelle-768x135.jpg 768w, https:\/\/www.stadler-schuhe.at\/wp-content\/uploads\/2021\/11\/grossentabelle-1536x271.jpg 1536w, https:\/\/www.stadler-schuhe.at\/wp-content\/uploads\/2021\/11\/grossentabelle-468x82.jpg 468w, https:\/\/www.stadler-schuhe.at\/wp-content\/uploads\/2021\/11\/grossentabelle-936x165.jpg 936w\" sizes=\"auto, (max-width: 1640px) 100vw, 1640px\" \/><\/p>\n<p><span style=\"color: #005a9a;\">Shoes with high-quality lambskin lining tend to run a little small \u2013 therefore, order this model half a size larger than usual!<\/span><\/p>","protected":false},"featured_media":35747,"comment_status":"open","ping_status":"closed","template":"","meta":[],"product_brand":[],"product_cat":[706,259],"product_tag":[1020,334,979,1023,1022],"class_list":{"0":"post-35728","1":"product","2":"type-product","3":"status-publish","4":"has-post-thumbnail","6":"product_cat-stiefel","7":"product_cat-winter","8":"product_tag-chelsea","9":"product_tag-stadler-schuhe","10":"product_tag-winterschuhe","11":"product_tag-winterschuhe-oesterreich","12":"product_tag-winterschuhe-tirol","13":"pa_farbe-fango","14":"pa_farbe-haselnuss","15":"pa_farbe-marmor","16":"pa_farbe-nero","17":"pa_farbe-smaragd","18":"pa_farbe-stahlblau","19":"pa_fussbett-komfort-wechselfussbett","20":"pa_futtermaterial-echtes-lammfell","21":"pa_groessen-903","22":"pa_groessen-904","23":"pa_groessen-905","24":"pa_groessen-906","25":"pa_groessen-907","26":"pa_groessen-908","27":"pa_groessen-890","28":"pa_groessen-891","29":"pa_groessen-892","30":"pa_groessen-893","31":"pa_groessen-895","32":"pa_groessen-896","33":"pa_groessen-897","34":"pa_groessen-898","35":"pa_groessen-899","36":"pa_groessen-900","37":"pa_groessen-901","38":"pa_groessen-902","39":"pa_obermaterial-nubukleder","40":"pa_sohle-davos-contact-ice","42":"first","43":"instock","44":"taxable","45":"shipping-taxable","46":"purchasable","47":"product-type-variable","48":"wvs-archive-product-wrapper"},"_links":{"self":[{"href":"https:\/\/www.stadler-schuhe.at\/en\/wp-json\/wp\/v2\/product\/35728","targetHints":{"allow":["GET"]}}],"collection":[{"href":"https:\/\/www.stadler-schuhe.at\/en\/wp-json\/wp\/v2\/product"}],"about":[{"href":"https:\/\/www.stadler-schuhe.at\/en\/wp-json\/wp\/v2\/types\/product"}],"replies":[{"embeddable":true,"href":"https:\/\/www.stadler-schuhe.at\/en\/wp-json\/wp\/v2\/comments?post=35728"}],"wp:featuredmedia":[{"embeddable":true,"href":"https:\/\/www.stadler-schuhe.at\/en\/wp-json\/wp\/v2\/media\/35747"}],"wp:attachment":[{"href":"https:\/\/www.stadler-schuhe.at\/en\/wp-json\/wp\/v2\/media?parent=35728"}],"wp:term":[{"taxonomy":"product_brand","embeddable":true,"href":"https:\/\/www.stadler-schuhe.at\/en\/wp-json\/wp\/v2\/product_brand?post=35728"},{"taxonomy":"product_cat","embeddable":true,"href":"https:\/\/www.stadler-schuhe.at\/en\/wp-json\/wp\/v2\/product_cat?post=35728"},{"taxonomy":"product_tag","embeddable":true,"href":"https:\/\/www.stadler-schuhe.at\/en\/wp-json\/wp\/v2\/product_tag?post=35728"}],"curies":[{"name":"wp","href":"https:\/\/api.w.org\/{rel}","templated":true}]}}