{"id":33956,"date":"2020-11-24T12:33:03","date_gmt":"2020-11-24T10:33:03","guid":{"rendered":"https:\/\/www.stadler-schuhe.at\/?post_type=product&#038;p=33956"},"modified":"2026-04-11T13:26:16","modified_gmt":"2026-04-11T11:26:16","slug":"kramsach-walk","status":"publish","type":"product","link":"https:\/\/www.stadler-schuhe.at\/en\/schuhe\/winter\/kramsach-walk\/","title":{"rendered":"Kramsach Walk"},"content":{"rendered":"","protected":false},"excerpt":{"rendered":"<p><img loading=\"lazy\" decoding=\"async\" class=\"alignnone wp-image-34102\" src=\"https:\/\/www.stadler-schuhe.at\/wp-content\/uploads\/2020\/11\/tiroler-walk.jpg\" alt=\"Logo von Tiroler Walk mit stilisiertem Wollkn\u00e4uel, ideal f\u00fcr Stadler Schuhe in W\u00f6rgl, modernes Design, hochwertige Materialien und traditionelle Handwerkskunst aus Tirol.\" width=\"50\" height=\"58\" srcset=\"https:\/\/www.stadler-schuhe.at\/wp-content\/uploads\/2020\/11\/tiroler-walk.jpg 709w, https:\/\/www.stadler-schuhe.at\/wp-content\/uploads\/2020\/11\/tiroler-walk-500x583.jpg 500w, https:\/\/www.stadler-schuhe.at\/wp-content\/uploads\/2020\/11\/tiroler-walk-64x75.jpg 64w, https:\/\/www.stadler-schuhe.at\/wp-content\/uploads\/2020\/11\/tiroler-walk-257x300.jpg 257w, https:\/\/www.stadler-schuhe.at\/wp-content\/uploads\/2020\/11\/tiroler-walk-401x468.jpg 401w\" sizes=\"auto, (max-width: 50px) 100vw, 50px\" \/> \u00a0 <img loading=\"lazy\" decoding=\"async\" class=\"alignnone wp-image-7358 size-full\" src=\"https:\/\/www.stadler-schuhe.at\/wp-content\/uploads\/2014\/05\/vibram.jpg\" alt=\"Gelbes Vibram-Logo, hochwertige Sohlen f\u00fcr Stadler Schuhe in W\u00f6rgl, ideal f\u00fcr Langlebigkeit und Komfort bei Wanderschuhen und Outdoor-Schuhen.\" width=\"71\" height=\"64\" srcset=\"https:\/\/www.stadler-schuhe.at\/wp-content\/uploads\/2014\/05\/vibram.jpg 71w, https:\/\/www.stadler-schuhe.at\/wp-content\/uploads\/2014\/05\/vibram-64x58.jpg 64w\" sizes=\"auto, (max-width: 71px) 100vw, 71px\" \/>\u00a0 <img loading=\"lazy\" decoding=\"async\" class=\"alignnone size-full wp-image-7815\" src=\"https:\/\/www.stadler-schuhe.at\/wp-content\/uploads\/2014\/11\/luft.jpg\" alt=\"Stadler Schuhe Luftpolster Symbol in Wolkenform, ideal f\u00fcr bequeme Schuhe in W\u00f6rgl.\" width=\"53\" height=\"56\" srcset=\"https:\/\/www.stadler-schuhe.at\/wp-content\/uploads\/2014\/11\/luft.jpg 53w, https:\/\/www.stadler-schuhe.at\/wp-content\/uploads\/2014\/11\/luft-600x633.jpg 600w\" sizes=\"auto, (max-width: 53px) 100vw, 53px\" \/>\u00a0<img loading=\"lazy\" decoding=\"async\" class=\"alignnone size-full wp-image-7816\" src=\"https:\/\/www.stadler-schuhe.at\/wp-content\/uploads\/2014\/11\/sympa.jpg\" alt=\"Logo mit blau-rotem Dreieck und Schriftzug, ideal f\u00fcr Stadler Schuhe in W\u00f6rgl. Hochwertiges Design, modernes Branding f\u00fcr Schuhgesch\u00e4ft in W\u00f6rgl.\" width=\"53\" height=\"56\" srcset=\"https:\/\/www.stadler-schuhe.at\/wp-content\/uploads\/2014\/11\/sympa.jpg 53w, https:\/\/www.stadler-schuhe.at\/wp-content\/uploads\/2014\/11\/sympa-600x633.jpg 600w\" sizes=\"auto, (max-width: 53px) 100vw, 53px\" \/><\/p>\n<hr>\n<p><img loading=\"lazy\" decoding=\"async\" width=\"1640\" height=\"289\" class=\"alignnone wp-image-37075\" src=\"https:\/\/www.stadler-schuhe.at\/wp-content\/uploads\/2021\/11\/grossentabelle.jpg\" alt=\"Gr\u00f6\u00dfentabelle mit Schuhgr\u00f6\u00dfen, ideal f\u00fcr Stadler Schuhe in W\u00f6rgl, zeigt verschiedene EU-Gr\u00f6\u00dfen und Zwischengr\u00f6\u00dfen zur optimalen Auswahl von passendem Schuhwerk.\" srcset=\"https:\/\/www.stadler-schuhe.at\/wp-content\/uploads\/2021\/11\/grossentabelle.jpg 1640w, https:\/\/www.stadler-schuhe.at\/wp-content\/uploads\/2021\/11\/grossentabelle-500x88.jpg 500w, https:\/\/www.stadler-schuhe.at\/wp-content\/uploads\/2021\/11\/grossentabelle-64x11.jpg 64w, https:\/\/www.stadler-schuhe.at\/wp-content\/uploads\/2021\/11\/grossentabelle-300x53.jpg 300w, https:\/\/www.stadler-schuhe.at\/wp-content\/uploads\/2021\/11\/grossentabelle-1024x180.jpg 1024w, https:\/\/www.stadler-schuhe.at\/wp-content\/uploads\/2021\/11\/grossentabelle-768x135.jpg 768w, https:\/\/www.stadler-schuhe.at\/wp-content\/uploads\/2021\/11\/grossentabelle-1536x271.jpg 1536w, https:\/\/www.stadler-schuhe.at\/wp-content\/uploads\/2021\/11\/grossentabelle-468x82.jpg 468w, https:\/\/www.stadler-schuhe.at\/wp-content\/uploads\/2021\/11\/grossentabelle-936x165.jpg 936w\" sizes=\"auto, (max-width: 1640px) 100vw, 1640px\" \/><\/p>","protected":false},"featured_media":33863,"comment_status":"open","ping_status":"closed","template":"","meta":[],"product_brand":[],"product_cat":[259],"product_tag":[990,991,980,979],"class_list":{"0":"post-33956","1":"product","2":"type-product","3":"status-publish","4":"has-post-thumbnail","6":"product_cat-winter","7":"product_tag-kramsach","8":"product_tag-kramsach-walk","9":"product_tag-unisex","10":"product_tag-winterschuhe","11":"pa_farbe-anthrazit","12":"pa_farbe-blau","13":"pa_farbe-braun","14":"pa_farbe-chassis","15":"pa_fussbett-tiroler-walk-komfort-fussbett","16":"pa_futtermaterial-tiroler-walk-sympatex","17":"pa_groessen-903","18":"pa_groessen-904","19":"pa_groessen-905","20":"pa_groessen-906","21":"pa_groessen-907","22":"pa_groessen-908","23":"pa_groessen-909","24":"pa_groessen-910","25":"pa_groessen-890","26":"pa_groessen-891","27":"pa_groessen-892","28":"pa_groessen-893","29":"pa_groessen-895","30":"pa_groessen-896","31":"pa_groessen-897","32":"pa_groessen-898","33":"pa_groessen-899","34":"pa_groessen-900","35":"pa_groessen-901","36":"pa_groessen-902","37":"pa_obermaterial-tiroler-walk","38":"pa_obermaterial-verloursleder","39":"pa_sohle-vibram-fuga-ice","41":"first","42":"instock","43":"featured","44":"taxable","45":"shipping-taxable","46":"purchasable","47":"product-type-variable","48":"wvs-archive-product-wrapper"},"_links":{"self":[{"href":"https:\/\/www.stadler-schuhe.at\/en\/wp-json\/wp\/v2\/product\/33956","targetHints":{"allow":["GET"]}}],"collection":[{"href":"https:\/\/www.stadler-schuhe.at\/en\/wp-json\/wp\/v2\/product"}],"about":[{"href":"https:\/\/www.stadler-schuhe.at\/en\/wp-json\/wp\/v2\/types\/product"}],"replies":[{"embeddable":true,"href":"https:\/\/www.stadler-schuhe.at\/en\/wp-json\/wp\/v2\/comments?post=33956"}],"wp:featuredmedia":[{"embeddable":true,"href":"https:\/\/www.stadler-schuhe.at\/en\/wp-json\/wp\/v2\/media\/33863"}],"wp:attachment":[{"href":"https:\/\/www.stadler-schuhe.at\/en\/wp-json\/wp\/v2\/media?parent=33956"}],"wp:term":[{"taxonomy":"product_brand","embeddable":true,"href":"https:\/\/www.stadler-schuhe.at\/en\/wp-json\/wp\/v2\/product_brand?post=33956"},{"taxonomy":"product_cat","embeddable":true,"href":"https:\/\/www.stadler-schuhe.at\/en\/wp-json\/wp\/v2\/product_cat?post=33956"},{"taxonomy":"product_tag","embeddable":true,"href":"https:\/\/www.stadler-schuhe.at\/en\/wp-json\/wp\/v2\/product_tag?post=33956"}],"curies":[{"name":"wp","href":"https:\/\/api.w.org\/{rel}","templated":true}]}}