{"id":33779,"date":"2020-10-12T15:16:20","date_gmt":"2020-10-12T13:16:20","guid":{"rendered":"https:\/\/www.stadler-schuhe.at\/?post_type=product&#038;p=33779"},"modified":"2026-04-11T13:26:17","modified_gmt":"2026-04-11T11:26:17","slug":"mondsee-lammfell","status":"publish","type":"product","link":"https:\/\/www.stadler-schuhe.at\/en\/schuhe\/winter\/mondsee-lammfell\/","title":{"rendered":"Mondsee Lammfell"},"content":{"rendered":"","protected":false},"excerpt":{"rendered":"<p><img loading=\"lazy\" decoding=\"async\" class=\"alignnone size-full wp-image-7814\" src=\"https:\/\/www.stadler-schuhe.at\/wp-content\/uploads\/2014\/11\/lamm.jpg\" alt=\"Pixeliges Schaf, Symbol f\u00fcr echte Lammfellprodukte bei Stadler Schuhe in W\u00f6rgl.\" width=\"45\" height=\"56\">\u00a0\u00a0<img loading=\"lazy\" decoding=\"async\" class=\"alignnone size-full wp-image-8199\" src=\"https:\/\/www.stadler-schuhe.at\/wp-content\/uploads\/2015\/03\/davos.jpg\" alt=\"Orangefarbenes Davos-Logo mit wei\u00dfem \u201eD\u201c. Ideal f\u00fcr Stadler Schuhe in W\u00f6rgl. Modernes, ansprechendes Design, passend f\u00fcr Schuhgesch\u00e4fte und Markenpr\u00e4sentationen.\" width=\"45\" height=\"50\">\u00a0 \u00a0<img loading=\"lazy\" decoding=\"async\" class=\"alignnone size-full wp-image-11588\" src=\"https:\/\/www.stadler-schuhe.at\/wp-content\/uploads\/2014\/11\/supergrip.jpg\" alt='Logo mit dem Text \"SUPERGRIP\", ideal f\u00fcr Schuhsohlen bei Stadler Schuhe in W\u00f6rgl, bekannt f\u00fcr hochwertige, rutschfeste Schuhmode und professionelle Beratung.' width=\"200\" height=\"18\" srcset=\"https:\/\/www.stadler-schuhe.at\/wp-content\/uploads\/2014\/11\/supergrip.jpg 200w, https:\/\/www.stadler-schuhe.at\/wp-content\/uploads\/2014\/11\/supergrip-64x6.jpg 64w, https:\/\/www.stadler-schuhe.at\/wp-content\/uploads\/2014\/11\/supergrip-600x54.jpg 600w\" sizes=\"auto, (max-width: 200px) 100vw, 200px\" \/><\/p>\n<hr>\n<p><img loading=\"lazy\" decoding=\"async\" width=\"1640\" height=\"289\" class=\"alignnone wp-image-37075\" src=\"https:\/\/www.stadler-schuhe.at\/wp-content\/uploads\/2021\/11\/grossentabelle.jpg\" alt=\"Gr\u00f6\u00dfentabelle mit Schuhgr\u00f6\u00dfen, ideal f\u00fcr Stadler Schuhe in W\u00f6rgl, zeigt verschiedene EU-Gr\u00f6\u00dfen und Zwischengr\u00f6\u00dfen zur optimalen Auswahl von passendem Schuhwerk.\" srcset=\"https:\/\/www.stadler-schuhe.at\/wp-content\/uploads\/2021\/11\/grossentabelle.jpg 1640w, https:\/\/www.stadler-schuhe.at\/wp-content\/uploads\/2021\/11\/grossentabelle-500x88.jpg 500w, https:\/\/www.stadler-schuhe.at\/wp-content\/uploads\/2021\/11\/grossentabelle-64x11.jpg 64w, https:\/\/www.stadler-schuhe.at\/wp-content\/uploads\/2021\/11\/grossentabelle-300x53.jpg 300w, https:\/\/www.stadler-schuhe.at\/wp-content\/uploads\/2021\/11\/grossentabelle-1024x180.jpg 1024w, https:\/\/www.stadler-schuhe.at\/wp-content\/uploads\/2021\/11\/grossentabelle-768x135.jpg 768w, https:\/\/www.stadler-schuhe.at\/wp-content\/uploads\/2021\/11\/grossentabelle-1536x271.jpg 1536w, https:\/\/www.stadler-schuhe.at\/wp-content\/uploads\/2021\/11\/grossentabelle-468x82.jpg 468w, https:\/\/www.stadler-schuhe.at\/wp-content\/uploads\/2021\/11\/grossentabelle-936x165.jpg 936w\" sizes=\"auto, (max-width: 1640px) 100vw, 1640px\" \/><\/p>\n<p><span style=\"color: #005a9a;\">Shoes with high-quality lambskin lining tend to run a little small \u2013 therefore, order this model half a size larger than usual!<\/span><\/p>","protected":false},"featured_media":33764,"comment_status":"open","ping_status":"closed","template":"","meta":[],"product_brand":[],"product_cat":[259],"product_tag":[274,981,984,979],"class_list":{"0":"post-33779","1":"product","2":"type-product","3":"status-publish","4":"has-post-thumbnail","6":"product_cat-winter","7":"product_tag-lammfell-2","8":"product_tag-mondsee","9":"product_tag-winter-alpine-lifestyle","10":"product_tag-winterschuhe","11":"pa_farbe-baltic","12":"pa_farbe-nero","13":"pa_farbe-noisette","14":"pa_fussbett-lammfell-komfort-wechselfussbett","15":"pa_futtermaterial-echtes-lammfell-chromfrei","16":"pa_groessen-903","17":"pa_groessen-904","18":"pa_groessen-905","19":"pa_groessen-906","20":"pa_groessen-907","21":"pa_groessen-908","22":"pa_groessen-896","23":"pa_groessen-897","24":"pa_groessen-898","25":"pa_groessen-899","26":"pa_groessen-900","27":"pa_groessen-901","28":"pa_groessen-902","29":"pa_obermaterial-velourleder-mit-antikeffekt","30":"pa_sohle-vibram-perla-gummisole-megagrip-ice-mit-silberpartikeln","32":"first","33":"instock","34":"featured","35":"taxable","36":"shipping-taxable","37":"purchasable","38":"product-type-variable","39":"wvs-archive-product-wrapper"},"_links":{"self":[{"href":"https:\/\/www.stadler-schuhe.at\/en\/wp-json\/wp\/v2\/product\/33779","targetHints":{"allow":["GET"]}}],"collection":[{"href":"https:\/\/www.stadler-schuhe.at\/en\/wp-json\/wp\/v2\/product"}],"about":[{"href":"https:\/\/www.stadler-schuhe.at\/en\/wp-json\/wp\/v2\/types\/product"}],"replies":[{"embeddable":true,"href":"https:\/\/www.stadler-schuhe.at\/en\/wp-json\/wp\/v2\/comments?post=33779"}],"wp:featuredmedia":[{"embeddable":true,"href":"https:\/\/www.stadler-schuhe.at\/en\/wp-json\/wp\/v2\/media\/33764"}],"wp:attachment":[{"href":"https:\/\/www.stadler-schuhe.at\/en\/wp-json\/wp\/v2\/media?parent=33779"}],"wp:term":[{"taxonomy":"product_brand","embeddable":true,"href":"https:\/\/www.stadler-schuhe.at\/en\/wp-json\/wp\/v2\/product_brand?post=33779"},{"taxonomy":"product_cat","embeddable":true,"href":"https:\/\/www.stadler-schuhe.at\/en\/wp-json\/wp\/v2\/product_cat?post=33779"},{"taxonomy":"product_tag","embeddable":true,"href":"https:\/\/www.stadler-schuhe.at\/en\/wp-json\/wp\/v2\/product_tag?post=33779"}],"curies":[{"name":"wp","href":"https:\/\/api.w.org\/{rel}","templated":true}]}}