{"id":26505,"date":"2020-04-08T13:00:55","date_gmt":"2020-04-08T11:00:55","guid":{"rendered":"https:\/\/www.stadler-schuhe.at\/?post_type=product&#038;p=26505"},"modified":"2026-04-11T13:26:12","modified_gmt":"2026-04-11T11:26:12","slug":"innsbruck-lady","status":"publish","type":"product","link":"https:\/\/www.stadler-schuhe.at\/en\/schuhe\/damen\/innsbruck-lady\/","title":{"rendered":"Innsbruck Lady"},"content":{"rendered":"","protected":false},"excerpt":{"rendered":"<p><img loading=\"lazy\" decoding=\"async\" class=\"alignnone size-full wp-image-8103\" src=\"https:\/\/www.stadler-schuhe.at\/wp-content\/uploads\/2015\/03\/vibram_logo.jpg\" alt=\"Vibram\" width=\"77\" height=\"50\" srcset=\"https:\/\/www.stadler-schuhe.at\/wp-content\/uploads\/2015\/03\/vibram_logo.jpg 77w, https:\/\/www.stadler-schuhe.at\/wp-content\/uploads\/2015\/03\/vibram_logo-64x42.jpg 64w\" sizes=\"auto, (max-width: 77px) 100vw, 77px\" \/>\u00a0 <a href=\"https:\/\/www.stadler-schuhe.at\/wp-content\/uploads\/2015\/03\/chromfrei.jpg\"><img loading=\"lazy\" decoding=\"async\" class=\"alignnone size-full wp-image-11669\" src=\"https:\/\/www.stadler-schuhe.at\/wp-content\/uploads\/2015\/03\/chromfrei.jpg\" alt=\"Stadler Schuhe W\u00f6rgl Logo mit braunem Leder-Symbol und Text \u201eFutterleder chromfrei\u201c, ideal f\u00fcr hochwertige, umweltfreundliche Schuhe aus W\u00f6rgl.\" width=\"75\" height=\"80\" srcset=\"https:\/\/www.stadler-schuhe.at\/wp-content\/uploads\/2015\/03\/chromfrei.jpg 75w, https:\/\/www.stadler-schuhe.at\/wp-content\/uploads\/2015\/03\/chromfrei-64x68.jpg 64w\" sizes=\"auto, (max-width: 75px) 100vw, 75px\" \/>\u00a0\u00a0 <\/a><a href=\"https:\/\/www.stadler-schuhe.at\/wp-content\/uploads\/2014\/05\/luftpolster.jpg\"><img loading=\"lazy\" decoding=\"async\" class=\"alignnone size-full wp-image-7694\" src=\"https:\/\/www.stadler-schuhe.at\/wp-content\/uploads\/2014\/05\/luftpolster.jpg\" alt=\"Stadler Schuhe W\u00f6rgl Luftpolster Symbol, stilisierte Wolke in Blau und Wei\u00df, steht f\u00fcr bequeme und komfortable Schuhe mit Polsterung.\" width=\"71\" height=\"64\" srcset=\"https:\/\/www.stadler-schuhe.at\/wp-content\/uploads\/2014\/05\/luftpolster.jpg 71w, https:\/\/www.stadler-schuhe.at\/wp-content\/uploads\/2014\/05\/luftpolster-64x58.jpg 64w\" sizes=\"auto, (max-width: 71px) 100vw, 71px\" \/><\/a><\/p>\n<hr>\n<p><img loading=\"lazy\" decoding=\"async\" width=\"1640\" height=\"289\" class=\"alignnone wp-image-37075\" src=\"https:\/\/www.stadler-schuhe.at\/wp-content\/uploads\/2021\/11\/grossentabelle.jpg\" alt=\"Gr\u00f6\u00dfentabelle mit Schuhgr\u00f6\u00dfen, ideal f\u00fcr Stadler Schuhe in W\u00f6rgl, zeigt verschiedene EU-Gr\u00f6\u00dfen und Zwischengr\u00f6\u00dfen zur optimalen Auswahl von passendem Schuhwerk.\" srcset=\"https:\/\/www.stadler-schuhe.at\/wp-content\/uploads\/2021\/11\/grossentabelle.jpg 1640w, https:\/\/www.stadler-schuhe.at\/wp-content\/uploads\/2021\/11\/grossentabelle-500x88.jpg 500w, https:\/\/www.stadler-schuhe.at\/wp-content\/uploads\/2021\/11\/grossentabelle-64x11.jpg 64w, https:\/\/www.stadler-schuhe.at\/wp-content\/uploads\/2021\/11\/grossentabelle-300x53.jpg 300w, https:\/\/www.stadler-schuhe.at\/wp-content\/uploads\/2021\/11\/grossentabelle-1024x180.jpg 1024w, https:\/\/www.stadler-schuhe.at\/wp-content\/uploads\/2021\/11\/grossentabelle-768x135.jpg 768w, https:\/\/www.stadler-schuhe.at\/wp-content\/uploads\/2021\/11\/grossentabelle-1536x271.jpg 1536w, https:\/\/www.stadler-schuhe.at\/wp-content\/uploads\/2021\/11\/grossentabelle-468x82.jpg 468w, https:\/\/www.stadler-schuhe.at\/wp-content\/uploads\/2021\/11\/grossentabelle-936x165.jpg 936w\" sizes=\"auto, (max-width: 1640px) 100vw, 1640px\" \/><\/p>","protected":false},"featured_media":26506,"comment_status":"open","ping_status":"closed","template":"","meta":[],"product_brand":[],"product_cat":[691],"product_tag":[454,455,467,393,395,512,511,334,186],"class_list":{"0":"post-26505","1":"product","2":"type-product","3":"status-publish","4":"has-post-thumbnail","6":"product_cat-damen","7":"product_tag-allroundschuhe","8":"product_tag-freizeitschuhe","9":"product_tag-innsbruck","10":"product_tag-schuhe","11":"product_tag-schuhe-oesterreich","12":"product_tag-schuhe-tirol","13":"product_tag-stadler","14":"product_tag-stadler-schuhe","15":"product_tag-walker","16":"pa_farbe-ash-beere","17":"pa_farbe-blau","18":"pa_farbe-fango","19":"pa_farbe-fumo","20":"pa_farbe-graublau","21":"pa_farbe-marmor","22":"pa_farbe-nero","23":"pa_farbe-nuss","24":"pa_farbe-sand","25":"pa_farbe-saphier","26":"pa_farbe-smaragd","27":"pa_farbe-stahlblau","28":"pa_farbe-trueffel","29":"pa_fussbett-komfort-wechselfussbett","30":"pa_futtermaterial-rinderlederfutter-chromfrei","31":"pa_groessen-890","32":"pa_groessen-891","33":"pa_groessen-892","34":"pa_groessen-893","35":"pa_groessen-895","36":"pa_groessen-896","37":"pa_groessen-897","38":"pa_groessen-898","39":"pa_groessen-899","40":"pa_groessen-900","41":"pa_groessen-901","42":"pa_obermaterial-nubukleder-fangi-fumo-graublau-sand-marmor-smaragd-stahlblau","43":"pa_obermaterial-pull-up-rindleder-nuss","44":"pa_sohle-vibram-axis-gummi-eva-keil","46":"first","47":"instock","48":"taxable","49":"shipping-taxable","50":"purchasable","51":"product-type-variable","52":"wvs-archive-product-wrapper"},"_links":{"self":[{"href":"https:\/\/www.stadler-schuhe.at\/en\/wp-json\/wp\/v2\/product\/26505","targetHints":{"allow":["GET"]}}],"collection":[{"href":"https:\/\/www.stadler-schuhe.at\/en\/wp-json\/wp\/v2\/product"}],"about":[{"href":"https:\/\/www.stadler-schuhe.at\/en\/wp-json\/wp\/v2\/types\/product"}],"replies":[{"embeddable":true,"href":"https:\/\/www.stadler-schuhe.at\/en\/wp-json\/wp\/v2\/comments?post=26505"}],"wp:featuredmedia":[{"embeddable":true,"href":"https:\/\/www.stadler-schuhe.at\/en\/wp-json\/wp\/v2\/media\/26506"}],"wp:attachment":[{"href":"https:\/\/www.stadler-schuhe.at\/en\/wp-json\/wp\/v2\/media?parent=26505"}],"wp:term":[{"taxonomy":"product_brand","embeddable":true,"href":"https:\/\/www.stadler-schuhe.at\/en\/wp-json\/wp\/v2\/product_brand?post=26505"},{"taxonomy":"product_cat","embeddable":true,"href":"https:\/\/www.stadler-schuhe.at\/en\/wp-json\/wp\/v2\/product_cat?post=26505"},{"taxonomy":"product_tag","embeddable":true,"href":"https:\/\/www.stadler-schuhe.at\/en\/wp-json\/wp\/v2\/product_tag?post=26505"}],"curies":[{"name":"wp","href":"https:\/\/api.w.org\/{rel}","templated":true}]}}