{"id":13869,"date":"2018-06-20T13:59:24","date_gmt":"2018-06-20T11:59:24","guid":{"rendered":"https:\/\/www.stadler-schuhe.at\/?post_type=product&#038;p=13869"},"modified":"2026-04-04T01:23:27","modified_gmt":"2026-04-03T23:23:27","slug":"zellberg-ii","status":"publish","type":"product","link":"https:\/\/www.stadler-schuhe.at\/en\/schuhe\/trail-trekking\/zellberg-ii\/","title":{"rendered":"ZELLBERG II"},"content":{"rendered":"","protected":false},"excerpt":{"rendered":"<p><a href=\"https:\/\/www.stadler-schuhe.at\/wp-content\/uploads\/2014\/05\/b.jpg\"><img loading=\"lazy\" decoding=\"async\" class=\"alignnone wp-image-8152\" src=\"https:\/\/www.stadler-schuhe.at\/wp-content\/uploads\/2014\/05\/b-300x300.jpg\" alt=\"Der \u00bbklassische\u00ab Trekkingschuh f\u00fcr l\u00e4ngere Wander- und Bergtouren auf ausgebauten Steigen auch abseits befestigter Wege im freien Gel\u00e4nde.\" width=\"26\" height=\"50\" srcset=\"https:\/\/www.stadler-schuhe.at\/wp-content\/uploads\/2014\/05\/b-600x1153.jpg 600w, https:\/\/www.stadler-schuhe.at\/wp-content\/uploads\/2014\/05\/b.jpg 26w\" sizes=\"auto, (max-width: 26px) 100vw, 26px\" \/><\/a>\u00a0 \u00a0<img loading=\"lazy\" decoding=\"async\" class=\"alignnone size-full wp-image-8103\" src=\"https:\/\/www.stadler-schuhe.at\/wp-content\/uploads\/2015\/03\/vibram_logo.jpg\" alt=\"Vibram\" width=\"77\" height=\"50\" srcset=\"https:\/\/www.stadler-schuhe.at\/wp-content\/uploads\/2015\/03\/vibram_logo.jpg 77w, https:\/\/www.stadler-schuhe.at\/wp-content\/uploads\/2015\/03\/vibram_logo-64x42.jpg 64w\" sizes=\"auto, (max-width: 77px) 100vw, 77px\" \/>\u00a0 \u00a0<img loading=\"lazy\" decoding=\"async\" class=\"alignnone size-full wp-image-8161\" src=\"https:\/\/www.stadler-schuhe.at\/wp-content\/uploads\/2014\/05\/echt_leder_sympatex.jpg\" alt=\"Stadler Schuhe W\u00f6rgl Logo mit modernem Design, geeignet f\u00fcr hochwertige Schuhe in W\u00f6rgl. Ideal f\u00fcr Modebewusste, die Qualit\u00e4t und Stil bei Stadler Schuhe suchen.\" width=\"127\" height=\"50\" srcset=\"https:\/\/www.stadler-schuhe.at\/wp-content\/uploads\/2014\/05\/echt_leder_sympatex.jpg 127w, https:\/\/www.stadler-schuhe.at\/wp-content\/uploads\/2014\/05\/echt_leder_sympatex-64x25.jpg 64w\" sizes=\"auto, (max-width: 127px) 100vw, 127px\" \/><\/p>\n<hr>\n<p><img loading=\"lazy\" decoding=\"async\" width=\"1640\" height=\"289\" class=\"alignnone wp-image-37075\" src=\"https:\/\/www.stadler-schuhe.at\/wp-content\/uploads\/2021\/11\/grossentabelle.jpg\" alt=\"Gr\u00f6\u00dfentabelle mit Schuhgr\u00f6\u00dfen, ideal f\u00fcr Stadler Schuhe in W\u00f6rgl, zeigt verschiedene EU-Gr\u00f6\u00dfen und Zwischengr\u00f6\u00dfen zur optimalen Auswahl von passendem Schuhwerk.\" srcset=\"https:\/\/www.stadler-schuhe.at\/wp-content\/uploads\/2021\/11\/grossentabelle.jpg 1640w, https:\/\/www.stadler-schuhe.at\/wp-content\/uploads\/2021\/11\/grossentabelle-500x88.jpg 500w, https:\/\/www.stadler-schuhe.at\/wp-content\/uploads\/2021\/11\/grossentabelle-64x11.jpg 64w, https:\/\/www.stadler-schuhe.at\/wp-content\/uploads\/2021\/11\/grossentabelle-300x53.jpg 300w, https:\/\/www.stadler-schuhe.at\/wp-content\/uploads\/2021\/11\/grossentabelle-1024x180.jpg 1024w, https:\/\/www.stadler-schuhe.at\/wp-content\/uploads\/2021\/11\/grossentabelle-768x135.jpg 768w, https:\/\/www.stadler-schuhe.at\/wp-content\/uploads\/2021\/11\/grossentabelle-1536x271.jpg 1536w, https:\/\/www.stadler-schuhe.at\/wp-content\/uploads\/2021\/11\/grossentabelle-468x82.jpg 468w, https:\/\/www.stadler-schuhe.at\/wp-content\/uploads\/2021\/11\/grossentabelle-936x165.jpg 936w\" sizes=\"auto, (max-width: 1640px) 100vw, 1640px\" \/><\/p>","protected":false},"featured_media":13871,"comment_status":"open","ping_status":"closed","template":"","meta":[],"product_brand":[],"product_cat":[115],"product_tag":[399,393,395,398,396,394,334,397,116],"class_list":{"0":"post-13869","1":"product","2":"type-product","3":"status-publish","4":"has-post-thumbnail","6":"product_cat-trail-trekking","7":"product_tag-bergtouren","8":"product_tag-schuhe","9":"product_tag-schuhe-oesterreich","10":"product_tag-schuhe-wandern","11":"product_tag-schuhe-wien","12":"product_tag-stadler-oesterreich","13":"product_tag-stadler-schuhe","14":"product_tag-trekkingschuh","15":"product_tag-zellberg-g","16":"pa_farbe-nero-apfel","17":"pa_farbe-nero-cyan","18":"pa_fussbett-komfort-wechselfussbett","19":"pa_futtermaterial-rindleder-sympatex","20":"pa_groessen-903","21":"pa_groessen-904","22":"pa_groessen-905","23":"pa_groessen-906","24":"pa_groessen-907","25":"pa_groessen-908","26":"pa_groessen-909","27":"pa_groessen-910","28":"pa_groessen-917","29":"pa_groessen-890","30":"pa_groessen-891","31":"pa_groessen-892","32":"pa_groessen-893","33":"pa_groessen-895","34":"pa_groessen-896","35":"pa_groessen-897","36":"pa_groessen-898","37":"pa_groessen-899","38":"pa_groessen-900","39":"pa_groessen-901","40":"pa_groessen-902","41":"pa_obermaterial-veloursleder-gummi-stosskappe","42":"pa_sohle-vibram-fuora-gummi-evapur-keil","44":"first","45":"outofstock","46":"taxable","47":"shipping-taxable","48":"product-type-variable","49":"wvs-archive-product-wrapper"},"_links":{"self":[{"href":"https:\/\/www.stadler-schuhe.at\/en\/wp-json\/wp\/v2\/product\/13869","targetHints":{"allow":["GET"]}}],"collection":[{"href":"https:\/\/www.stadler-schuhe.at\/en\/wp-json\/wp\/v2\/product"}],"about":[{"href":"https:\/\/www.stadler-schuhe.at\/en\/wp-json\/wp\/v2\/types\/product"}],"replies":[{"embeddable":true,"href":"https:\/\/www.stadler-schuhe.at\/en\/wp-json\/wp\/v2\/comments?post=13869"}],"wp:featuredmedia":[{"embeddable":true,"href":"https:\/\/www.stadler-schuhe.at\/en\/wp-json\/wp\/v2\/media\/13871"}],"wp:attachment":[{"href":"https:\/\/www.stadler-schuhe.at\/en\/wp-json\/wp\/v2\/media?parent=13869"}],"wp:term":[{"taxonomy":"product_brand","embeddable":true,"href":"https:\/\/www.stadler-schuhe.at\/en\/wp-json\/wp\/v2\/product_brand?post=13869"},{"taxonomy":"product_cat","embeddable":true,"href":"https:\/\/www.stadler-schuhe.at\/en\/wp-json\/wp\/v2\/product_cat?post=13869"},{"taxonomy":"product_tag","embeddable":true,"href":"https:\/\/www.stadler-schuhe.at\/en\/wp-json\/wp\/v2\/product_tag?post=13869"}],"curies":[{"name":"wp","href":"https:\/\/api.w.org\/{rel}","templated":true}]}}