{"id":8446,"date":"2015-04-27T13:58:45","date_gmt":"2015-04-27T11:58:45","guid":{"rendered":"https:\/\/www.stadler-schuhe.at\/?page_id=8446"},"modified":"2021-07-06T10:08:46","modified_gmt":"2021-07-06T08:08:46","slug":"tiroler-schuhmanufaktur-stadler","status":"publish","type":"page","link":"https:\/\/www.stadler-schuhe.at\/en\/tiroler-schuhmanufaktur-stadler\/","title":{"rendered":"Product details"},"content":{"rendered":"<div class=\"wpb-content-wrapper\">\n<div  data-mk-stretch-content=\"true\" class=\"wpb_row vc_row vc_row-fluid jupiter-donut- mk-fullwidth-false  attched-false     js-master-row  mk-grid\">\n\t\t\t\t\n<div class=\"vc_col-sm-6 wpb_column column_container  jupiter-donut- _ jupiter-donut-height-full\">\n\t\n<div id=\"text-block-2\" class=\"mk-text-block  jupiter-donut-\">\n\n\t\n\t<p style=\"text-align: center;\">Open-toed shoe<\/p>\n\n\t<div class=\"clearboth\"><\/div>\n<\/div>\n\n\n\t<div  class=\"wpb_single_image wpb_content_element vc_align_left wpb_content_element\">\n\t\t\n\t\t<figure class=\"wpb_wrapper vc_figure\">\n\t\t\t<div class=\"vc_single_image-wrapper   vc_box_border_grey\"><img loading=\"lazy\" decoding=\"async\" width=\"842\" height=\"595\" src=\"https:\/\/www.stadler-schuhe.at\/wp-content\/uploads\/2015\/04\/Halbschuh23a.jpg\" class=\"vc_single_image-img attachment-full wvs-archive-product-image\" alt=\"Stadler Schuhe Schnittbild, zeigt hochwertige Materialien und Aufbau, perfekte Passform und Komfort, erh\u00e4ltlich bei Stadler Schuhe in W\u00f6rgl. Ideal f\u00fcr anspruchsvolle Fu\u00dfgesundheit und Stil.\" title=\"Tyrolean shoe manufacturer\" srcset=\"https:\/\/www.stadler-schuhe.at\/wp-content\/uploads\/2015\/04\/Halbschuh23a.jpg 842w, https:\/\/www.stadler-schuhe.at\/wp-content\/uploads\/2015\/04\/Halbschuh23a-500x353.jpg 500w, https:\/\/www.stadler-schuhe.at\/wp-content\/uploads\/2015\/04\/Halbschuh23a-64x45.jpg 64w\" sizes=\"auto, (max-width: 842px) 100vw, 842px\" itemprop=\"image\" \/><\/div>\n\t\t<\/figure>\n\t<\/div>\n<\/div>\n\n<div class=\"vc_col-sm-6 wpb_column column_container  jupiter-donut- _ jupiter-donut-height-full\">\n\t\n<div id=\"text-block-4\" class=\"mk-text-block  jupiter-donut-\">\n\n\t\n\t<p style=\"text-align: center;\">Open shoe<\/p>\n\n\t<div class=\"clearboth\"><\/div>\n<\/div>\n\n\n\t<div  class=\"wpb_single_image wpb_content_element vc_align_left wpb_content_element\">\n\t\t\n\t\t<figure class=\"wpb_wrapper vc_figure\">\n\t\t\t<div class=\"vc_single_image-wrapper   vc_box_border_grey\"><img loading=\"lazy\" decoding=\"async\" width=\"800\" height=\"800\" src=\"https:\/\/www.stadler-schuhe.at\/wp-content\/uploads\/2015\/04\/schuh_vorne_offen31.jpg\" class=\"vc_single_image-img attachment-full wvs-archive-product-image\" alt=\"Querschnitt eines Stadler Schuhe aus W\u00f6rgl mit detaillierter Beschriftung der einzelnen Schuhbestandteile und Materialien, ideal f\u00fcr Komfort und Funktionalit\u00e4t.\" title=\"shoe_front_open3\" srcset=\"https:\/\/www.stadler-schuhe.at\/wp-content\/uploads\/2015\/04\/schuh_vorne_offen31.jpg 800w, https:\/\/www.stadler-schuhe.at\/wp-content\/uploads\/2015\/04\/schuh_vorne_offen31-500x500.jpg 500w, https:\/\/www.stadler-schuhe.at\/wp-content\/uploads\/2015\/04\/schuh_vorne_offen31-100x100.jpg 100w, https:\/\/www.stadler-schuhe.at\/wp-content\/uploads\/2015\/04\/schuh_vorne_offen31-64x64.jpg 64w, https:\/\/www.stadler-schuhe.at\/wp-content\/uploads\/2015\/04\/schuh_vorne_offen31-150x150.jpg 150w, https:\/\/www.stadler-schuhe.at\/wp-content\/uploads\/2015\/04\/schuh_vorne_offen31-300x300.jpg 300w, https:\/\/www.stadler-schuhe.at\/wp-content\/uploads\/2015\/04\/schuh_vorne_offen31-1024x1024.jpg 1024w, https:\/\/www.stadler-schuhe.at\/wp-content\/uploads\/2015\/04\/schuh_vorne_offen31-600x600.jpg 600w\" sizes=\"auto, (max-width: 800px) 100vw, 800px\" itemprop=\"image\" \/><\/div>\n\t\t<\/figure>\n\t<\/div>\n<\/div>\n\t<\/div>\n\n<div  data-mk-stretch-content=\"true\" class=\"wpb_row vc_row vc_row-fluid jupiter-donut- mk-fullwidth-false  attched-false     js-master-row  mk-grid\">\n\t\t\t\t\n<div class=\"vc_col-sm-6 wpb_column column_container  jupiter-donut- _ jupiter-donut-height-full\">\n\t\n<div id=\"text-block-6\" class=\"mk-text-block  jupiter-donut-\">\n\n\t\n\t<p style=\"text-align: center;\">Brenta model<\/p>\n\n\t<div class=\"clearboth\"><\/div>\n<\/div>\n\n\n\t<div  class=\"wpb_single_image wpb_content_element vc_align_left wpb_content_element\">\n\t\t\n\t\t<figure class=\"wpb_wrapper vc_figure\">\n\t\t\t<div class=\"vc_single_image-wrapper   vc_box_border_grey\"><img loading=\"lazy\" decoding=\"async\" width=\"510\" height=\"510\" src=\"https:\/\/www.stadler-schuhe.at\/wp-content\/uploads\/2015\/04\/schuh_vorne_offen2.jpg\" class=\"vc_single_image-img attachment-full wvs-archive-product-image\" alt=\"Querschnitt eines Stadler Schuhe Wanderstiefels aus W\u00f6rgl, mit Beschriftungen der Materialien und Komponenten wie Thermoplastkappe, Fersenschale, Lederfutter und mehr f\u00fcr optimalen Komfort.\" title=\"shoe_front_open2\" srcset=\"https:\/\/www.stadler-schuhe.at\/wp-content\/uploads\/2015\/04\/schuh_vorne_offen2.jpg 510w, https:\/\/www.stadler-schuhe.at\/wp-content\/uploads\/2015\/04\/schuh_vorne_offen2-500x500.jpg 500w, https:\/\/www.stadler-schuhe.at\/wp-content\/uploads\/2015\/04\/schuh_vorne_offen2-100x100.jpg 100w, https:\/\/www.stadler-schuhe.at\/wp-content\/uploads\/2015\/04\/schuh_vorne_offen2-64x64.jpg 64w, https:\/\/www.stadler-schuhe.at\/wp-content\/uploads\/2015\/04\/schuh_vorne_offen2-150x150.jpg 150w, https:\/\/www.stadler-schuhe.at\/wp-content\/uploads\/2015\/04\/schuh_vorne_offen2-300x300.jpg 300w, https:\/\/www.stadler-schuhe.at\/wp-content\/uploads\/2015\/04\/schuh_vorne_offen2-1024x1024.jpg 1024w, https:\/\/www.stadler-schuhe.at\/wp-content\/uploads\/2015\/04\/schuh_vorne_offen2-600x600.jpg 600w\" sizes=\"auto, (max-width: 510px) 100vw, 510px\" itemprop=\"image\" \/><\/div>\n\t\t<\/figure>\n\t<\/div>\n<\/div>\n\n<div class=\"vc_col-sm-6 wpb_column column_container  jupiter-donut- _ jupiter-donut-height-full\">\n\t\n<div id=\"text-block-8\" class=\"mk-text-block  jupiter-donut-\">\n\n\t\n\t<p style=\"text-align: center;\">Model Hochf\u00fcgen Leather lining<\/p>\n\n\t<div class=\"clearboth\"><\/div>\n<\/div>\n\n\n\t<div  class=\"wpb_single_image wpb_content_element vc_align_left wpb_content_element\">\n\t\t\n\t\t<figure class=\"wpb_wrapper vc_figure\">\n\t\t\t<div class=\"vc_single_image-wrapper   vc_box_border_grey\"><img loading=\"lazy\" decoding=\"async\" width=\"510\" height=\"510\" src=\"https:\/\/www.stadler-schuhe.at\/wp-content\/uploads\/2015\/04\/schuh_vorne_offen.jpg\" class=\"vc_single_image-img attachment-full wvs-archive-product-image\" alt=\"Stadler Schuhe Querschnitt in W\u00f6rgl, zeigt Aufbau, hochwertige Materialien und Komfortdetails wie EVA-D\u00e4mpfung, atmungsaktive Membran und rutschfeste Sohle. Ideal f\u00fcr Outdoor-Aktivit\u00e4ten.\" title=\"open_toe_shoe\" srcset=\"https:\/\/www.stadler-schuhe.at\/wp-content\/uploads\/2015\/04\/schuh_vorne_offen.jpg 510w, https:\/\/www.stadler-schuhe.at\/wp-content\/uploads\/2015\/04\/schuh_vorne_offen-500x500.jpg 500w, https:\/\/www.stadler-schuhe.at\/wp-content\/uploads\/2015\/04\/schuh_vorne_offen-100x100.jpg 100w, https:\/\/www.stadler-schuhe.at\/wp-content\/uploads\/2015\/04\/schuh_vorne_offen-64x64.jpg 64w, https:\/\/www.stadler-schuhe.at\/wp-content\/uploads\/2015\/04\/schuh_vorne_offen-150x150.jpg 150w, https:\/\/www.stadler-schuhe.at\/wp-content\/uploads\/2015\/04\/schuh_vorne_offen-300x300.jpg 300w, https:\/\/www.stadler-schuhe.at\/wp-content\/uploads\/2015\/04\/schuh_vorne_offen-1024x1024.jpg 1024w\" sizes=\"auto, (max-width: 510px) 100vw, 510px\" itemprop=\"image\" \/><\/div>\n\t\t<\/figure>\n\t<\/div>\n<\/div>\n\t<\/div>\n\n<div  data-mk-stretch-content=\"true\" class=\"wpb_row vc_row vc_row-fluid jupiter-donut- mk-fullwidth-false  attched-false     js-master-row  mk-grid\">\n\t\t\t\t\n<div class=\"vc_col-sm-4 wpb_column column_container  jupiter-donut- _ jupiter-donut-height-full\">\n\t\n<div id=\"text-block-10\" class=\"mk-text-block  jupiter-donut-\">\n\n\t\n\t<p style=\"text-align: center;\">Natural latex footbed<\/p>\n\n\t<div class=\"clearboth\"><\/div>\n<\/div>\n\n\n<div id=\"text-block-11\" class=\"mk-text-block  jupiter-donut-\">\n\n\t\n\t<p>All Stadler shoes are equipped with an anatomically shaped, replaceable footbed.<\/p>\n\n\t<div class=\"clearboth\"><\/div>\n<\/div>\n\n<div  class=\"mk-image mk-image-12 jupiter-donut-  mk-image-lazyload align-center simple-frame inside-image\" style=\"margin-bottom:10px\"><div class=\"mk-image-container\" style=\"max-width: 300px;\"><div  class=\"mk-image-holder\" style=\"max-width: 300px;\"><div class=\"mk-image-inner\"><img loading=\"lazy\" decoding=\"async\" class=\"lightbox-false\" alt=\"Stadler Schuhe Einlegesohle, ergonomisch und atmungsaktiv, Detailansicht aus W\u00f6rgl, hochwertige Materialien f\u00fcr optimalen Komfort und Unterst\u00fctzung des Fu\u00dfgew\u00f6lbes.\" title=\"footbed1\" width=\"300\" height=\"169\" src=\"https:\/\/www.stadler-schuhe.at\/wp-content\/uploads\/2015\/04\/fussbett1.jpg\" \/><\/div><\/div><div class=\"clearboth\"><\/div><\/div><\/div>\n\t<div  class=\"wpb_single_image wpb_content_element vc_align_left wpb_content_element\">\n\t\t\n\t\t<figure class=\"wpb_wrapper vc_figure\">\n\t\t\t<div class=\"vc_single_image-wrapper   vc_box_border_grey\"><img loading=\"lazy\" decoding=\"async\" width=\"300\" height=\"169\" src=\"https:\/\/www.stadler-schuhe.at\/wp-content\/uploads\/2015\/04\/fussbett1.jpg\" class=\"vc_single_image-img attachment-full wvs-archive-product-image\" alt=\"Stadler Schuhe Einlegesohle, ergonomisch und atmungsaktiv, Detailansicht aus W\u00f6rgl, hochwertige Materialien f\u00fcr optimalen Komfort und Unterst\u00fctzung des Fu\u00dfgew\u00f6lbes.\" title=\"footbed1\" srcset=\"https:\/\/www.stadler-schuhe.at\/wp-content\/uploads\/2015\/04\/fussbett1.jpg 300w, https:\/\/www.stadler-schuhe.at\/wp-content\/uploads\/2015\/04\/fussbett1-64x36.jpg 64w, https:\/\/www.stadler-schuhe.at\/wp-content\/uploads\/2015\/04\/fussbett1-600x338.jpg 600w\" sizes=\"auto, (max-width: 300px) 100vw, 300px\" itemprop=\"image\" \/><\/div>\n\t\t<\/figure>\n\t<\/div>\n\n<div id=\"text-block-13\" class=\"mk-text-block  jupiter-donut-\">\n\n\t\n\t<p><b>Specially developed comfort footbed:<\/b><\/p>\n<ul>\n<li>Latex with activated charcoal<\/li>\n<li>Integrated joint support<\/li>\n<li>Integrated shock absorber<\/li>\n<li>Moisture-regulating<\/li>\n<li>Fatigue-free<\/li>\n<li>breathable<\/li>\n<\/ul>\n\n\t<div class=\"clearboth\"><\/div>\n<\/div>\n\n<\/div>\n\n<div class=\"vc_col-sm-8 wpb_column column_container  jupiter-donut- _ jupiter-donut-height-full\">\n\t\n\t<div  class=\"wpb_single_image wpb_content_element vc_align_right wpb_content_element\">\n\t\t\n\t\t<figure class=\"wpb_wrapper vc_figure\">\n\t\t\t<div class=\"vc_single_image-wrapper   vc_box_border_grey\"><img loading=\"lazy\" decoding=\"async\" width=\"600\" height=\"743\" src=\"https:\/\/www.stadler-schuhe.at\/wp-content\/uploads\/2015\/04\/fussbett2.jpg\" class=\"vc_single_image-img attachment-full wvs-archive-product-image\" alt=\"Stadler Schuhe Einlegesohlen aus W\u00f6rgl mit verschiedenen Schichten: atmungsaktiv, geruchshemmend, schwei\u00dfabsorbierend, d\u00e4mpfend, sto\u00dfd\u00e4mpfend, ideal f\u00fcr Komfort und Fu\u00dfgesundheit.\" title=\"footbed2\" srcset=\"https:\/\/www.stadler-schuhe.at\/wp-content\/uploads\/2015\/04\/fussbett2.jpg 600w, https:\/\/www.stadler-schuhe.at\/wp-content\/uploads\/2015\/04\/fussbett2-500x619.jpg 500w, https:\/\/www.stadler-schuhe.at\/wp-content\/uploads\/2015\/04\/fussbett2-64x79.jpg 64w\" sizes=\"auto, (max-width: 600px) 100vw, 600px\" itemprop=\"image\" \/><\/div>\n\t\t<\/figure>\n\t<\/div>\n<\/div>\n\t<\/div>\n\n<div  data-mk-stretch-content=\"true\" class=\"wpb_row vc_row vc_row-fluid jupiter-donut- mk-fullwidth-false  attched-false     js-master-row  mk-grid\">\n\t\t\t\t\n<div class=\"vc_col-sm-12 wpb_column column_container  jupiter-donut- _ jupiter-donut-height-full\">\n\t\n<div id=\"text-block-16\" class=\"mk-text-block  jupiter-donut-\">\n\n\t\n\t<p style=\"text-align: center;\">Comfort strip system<\/p>\n\n\t<div class=\"clearboth\"><\/div>\n<\/div>\n\n\n\n<div class=\"wpb_row vc_inner vc_row vc_row-fluid jupiter-donut-   attched-false\">\n\t\t\t<div class=\"wpb_column vc_column_container vc_col-sm-6\"><div class=\"vc_column-inner\"><div class=\"wpb_wrapper\">\n\t<div  class=\"wpb_single_image wpb_content_element vc_align_left wpb_content_element\">\n\t\t\n\t\t<figure class=\"wpb_wrapper vc_figure\">\n\t\t\t<div class=\"vc_single_image-wrapper   vc_box_border_grey\"><img loading=\"lazy\" decoding=\"async\" width=\"600\" height=\"557\" src=\"https:\/\/www.stadler-schuhe.at\/wp-content\/uploads\/2015\/04\/leistesystem.jpg\" class=\"vc_single_image-img attachment-full wvs-archive-product-image\" alt=\"Stadler Schuhe Komfortleisten aus W\u00f6rgl, Detailansicht der Schuhsohle und Schuhleiste, erkl\u00e4rt Vorteile f\u00fcr Fu\u00dfkomfort, Zehenfreiheit und optimale Passform.\" title=\"strip system\" srcset=\"https:\/\/www.stadler-schuhe.at\/wp-content\/uploads\/2015\/04\/leistesystem.jpg 600w, https:\/\/www.stadler-schuhe.at\/wp-content\/uploads\/2015\/04\/leistesystem-500x464.jpg 500w, https:\/\/www.stadler-schuhe.at\/wp-content\/uploads\/2015\/04\/leistesystem-64x59.jpg 64w\" sizes=\"auto, (max-width: 600px) 100vw, 600px\" itemprop=\"image\" \/><\/div>\n\t\t<\/figure>\n\t<\/div>\n<\/div><\/div><\/div><div class=\"wpb_column vc_column_container vc_col-sm-6\"><div class=\"vc_column-inner\"><div class=\"wpb_wrapper\">\n<div id=\"text-block-17\" class=\"mk-text-block  jupiter-donut-\">\n\n\t\n\t<p><b>Material \/ workmanship<\/b><\/p>\n<p>Every pair of Stadler shoes is manufactured with the utmost care \u2013 depending on the model, one pair consists of up to 250 individual parts and<\/p>\n<p>Components handcrafted in over 2 hours of work!<\/p>\n<p>Only the highest quality materials are used:<\/p>\n<p><b>Shafts:<\/b><\/p>\n<ul>\n<li>Hydrophobic natural leathers or.<\/li>\n<li>Technical textiles<\/li>\n<\/ul>\n<p><b>Food:<\/b><\/p>\n<ul>\n<li>Glove-soft cowhide lining leather \u2013 breathable and moisture-regulating for the perfect foot climate.<\/li>\n<li>Technical SympaTex functional lining materials \u2013 breathable and waterproof<br \/>\n(Allweather \u2013 the classic choice for trekking and outdoor models)<br \/>\n(High2Out \u2013 with increased moisture transport for comfort and outdoor models)<\/li>\n<\/ul>\n<p><b>Functional soles with grippy profiles and integrated cushioning systems:<\/b><\/p>\n<ul>\n<li>Extremely lightweight and soft Vibram soles with EVA cushioning wedge \u2013 comfort and outdoor models<\/li>\n<li>Compact, torsionally rigid Vibram soles with PU cushioning wedge \u2013 trekking and outdoor models<\/li>\n<li>Flexible TR air-cushioned soles \u2013 comfort and Haferl models<\/li>\n<\/ul>\n\n\t<div class=\"clearboth\"><\/div>\n<\/div>\n\n<\/div><\/div><\/div>\t<\/div>\n<\/div>\n\t<\/div>\n\n<\/div>","protected":false},"excerpt":{"rendered":"Offener Halbschuh Offener Schuh Modell Brenta Modell Hochf\u00fcgen Lederfutter Natur-Latex-Fu\u00dfbett Alle Stadler-Schuhe sind mit einem anatomisch&nbsp;geformten Wechselfu\u00dfbett ausgestattet. Eigens entwickeltes Komfort-Fu\u00dfbett: Latex mit Aktivkohle Integrierter Gelenkst\u00fctze Eingearbeitetem Schock-Absorber Feuchtigkeitsregulierend Erm\u00fcdungsfrei Atmungsaktiv Comfort-Leisten-System Material \/ Verarbeitung Jedes Paar Stadler-Schuhe wird mit gr\u00f6\u00dfter Sorgfalt hergestellt \u2013 je nach Modell wird 1 Paar aus bis zu 250 Einzelteilen [...]","protected":false},"author":5,"featured_media":0,"parent":0,"menu_order":0,"comment_status":"open","ping_status":"open","template":"","meta":{"footnotes":""},"class_list":["post-8446","page","type-page","status-publish","hentry"],"_links":{"self":[{"href":"https:\/\/www.stadler-schuhe.at\/en\/wp-json\/wp\/v2\/pages\/8446","targetHints":{"allow":["GET"]}}],"collection":[{"href":"https:\/\/www.stadler-schuhe.at\/en\/wp-json\/wp\/v2\/pages"}],"about":[{"href":"https:\/\/www.stadler-schuhe.at\/en\/wp-json\/wp\/v2\/types\/page"}],"author":[{"embeddable":true,"href":"https:\/\/www.stadler-schuhe.at\/en\/wp-json\/wp\/v2\/users\/5"}],"replies":[{"embeddable":true,"href":"https:\/\/www.stadler-schuhe.at\/en\/wp-json\/wp\/v2\/comments?post=8446"}],"version-history":[{"count":0,"href":"https:\/\/www.stadler-schuhe.at\/en\/wp-json\/wp\/v2\/pages\/8446\/revisions"}],"wp:attachment":[{"href":"https:\/\/www.stadler-schuhe.at\/en\/wp-json\/wp\/v2\/media?parent=8446"}],"curies":[{"name":"wp","href":"https:\/\/api.w.org\/{rel}","templated":true}]}}