{"id":7465,"date":"2014-05-07T08:11:43","date_gmt":"2014-05-07T06:11:43","guid":{"rendered":"https:\/\/www.stadler-schuhe.at\/neu\/?page_id=7465"},"modified":"2026-01-23T13:10:33","modified_gmt":"2026-01-23T12:10:33","slug":"pflegetipps","status":"publish","type":"page","link":"https:\/\/www.stadler-schuhe.at\/en\/pflegetipps\/","title":{"rendered":"Care tips"},"content":{"rendered":"<div class=\"wpb-content-wrapper\">\n<div  data-mk-stretch-content=\"true\" class=\"wpb_row vc_row vc_row-fluid jupiter-donut- mk-fullwidth-false  attched-false     js-master-row  mk-grid\">\n\t\t\t\t\n<div class=\"vc_col-sm-12 wpb_column column_container  jupiter-donut- _ jupiter-donut-height-full\">\n\t\n<div id=\"text-block-2\" class=\"mk-text-block  jupiter-donut-\">\n\n\t\n\t<p><span class=\"ARTIKEL_TEXT_pflege1\" style=\"color: #000000;\">To ensure you enjoy your Stadler shoes for as long as possible, here are a few care tips:<\/span><\/p>\n<p>Good shoes deserve good care \u2013 proper leather care significantly extends the lifespan of your shoes.<\/p>\n<p>Leather is a natural, &quot;living&quot; material and is subject to a certain aging process. To prevent the leather from drying out, becoming brittle, and to maintain its suppleness, it must be regularly treated with conditioning agents.<\/p>\n<p>After cleaning the shoes with a brush \u2013 for heavier soiling with lukewarm water or leather cleaner \u2013 allow the shoes to dry slowly and thoroughly.<\/p>\n<p><span class=\"text_fett\" style=\"color: #000000;\">Important:\u00a0<\/span><span class=\"ARTIKEL_TEXT_RE\" style=\"color: #000000;\"><br \/>\nNever dry shoes directly on a radiator, oven, or in direct sunlight \u2013 wet leather \u201eburns\u201c very easily (it becomes hard, brittle, and fragile).<\/span><\/p>\n<p><span class=\"text_fett\" style=\"color: #000000;\">After drying, apply the appropriate care product depending on the type of leather:<\/span><\/p>\n<p><span class=\"text_fett\">Full-grain leather:<\/span><span class=\"ARTIKEL_TEXT_RE\"><br \/>\nApply a thin layer of silicone- or wax-based cream and polish with a soft cloth.<br \/>\nBy gently warming the leather with a hairdryer, the conditioning substances of the cream penetrate the leather even better and deeper.<\/span><\/p>\n<p>Too much cream, however, clogs the pores and reduces breathability!<br \/>\nFinally, protect the leather from moisture and dirt with waterproofing spray.<br \/>\nCaution: Do not use oils or fats for care \u2013 this will make the leather soft and spongy, and also cause it to lose breathability.<br \/>\n<br style=\"color: #000000;\" \/><span class=\"text_fett\" style=\"color: #000000;\">Nubuck and suede leather:<\/span><span class=\"ARTIKEL_TEXT_RE\" style=\"color: #000000;\"><span class=\"ARTIKEL_TEXT_RE\"><br \/>\nSpecial suede care sprays provide the leather with the necessary nourishment. Waterproofing sprays seal the surface and protect against dirt and moisture. Finally, restore the velvety surface with a crepe brush.<br \/>\nShoe cream can also be used for care, but this drastically changes the character of the leather \u2013 giving it a &quot;greasy&quot; look.<\/span><br \/>\n<\/span><span class=\"text_fett\" style=\"color: #000000;\"><br \/>\nChamois:<\/span><span class=\"ARTIKEL_TEXT_RE\" style=\"color: #000000;\"><span class=\"ARTIKEL_TEXT_RE\"><br \/>\nThe special tanning process gives the chamois leather the property of cleaning itself over time and developing a protective patina.<br \/>\nHeavy soiling can be carefully removed with a leather eraser.<br \/>\nFor better dirt repellency and protection against moisture, the use of waterproofing spray is recommended.<\/span><\/span><\/p>\n<p><span class=\"text_fett\" style=\"color: #000000;\">General care tips:<\/span><span class=\"ARTIKEL_TEXT_RE\" style=\"color: #000000;\"><span class=\"ARTIKEL_TEXT_RE\"><br \/>\n\u2013 Remove the footbeds from the shoes to allow for better ventilation.<br \/>\n\u2013 Store the shoes with wooden shoe trees in a well-ventilated place<br \/>\n\u2013 Treat the lining leather with moisturizing cream from time to time \u2013 the very aggressive foot sweat dries out<br \/>\nThe lining leather deteriorates, making it brittle and hard.<br \/>\nGive your shoes time to dry out the absorbed moisture \u2013 leather can absorb a lot of moisture.<br \/>\nsave \u2013 to return. This prevents the development of unpleasant [issues\/conditions].<br \/>\nThey eliminate odors and, on the other hand, also extend the lifespan of your shoes.<br \/>\n\u2013 Avoid contact with gasoline, acid and liquid manure \u2013 these liquids are particularly aggressive<br \/>\nand attack both the sole and the adhesive, and can destroy your Stadler shoe.<br \/>\nThe impregnation only reaches its full effectiveness after approximately 24 hours!<\/span><\/span><\/p>\n\n\t<div class=\"clearboth\"><\/div>\n<\/div>\n\n<\/div>\n\t<\/div>\n\n<\/div>","protected":false},"excerpt":{"rendered":"Um m\u00f6glichst lange Freude an Ihren Stadler-Schuhen zu haben, noch einige Tipp's zur Pflege: Gute Schuhe verdienen gute Pflege \u2013 die richtige Lederpflege verl\u00e4ngert die Lebensdauer Ihrer Schuhe erheblich. Leder ist ein nat\u00fcrliches \u201elebendes\u201c Material und unterliegt einem gewissen Alterungsprozess. Damit das Leder nicht austrocknet, br\u00fcchig wird und seine Geschmeidigkeit beibeh\u00e4lt, muss es regelm\u00e4\u00dfig mit [...]","protected":false},"author":5,"featured_media":0,"parent":0,"menu_order":0,"comment_status":"open","ping_status":"open","template":"","meta":{"footnotes":""},"class_list":["post-7465","page","type-page","status-publish","hentry"],"_links":{"self":[{"href":"https:\/\/www.stadler-schuhe.at\/en\/wp-json\/wp\/v2\/pages\/7465","targetHints":{"allow":["GET"]}}],"collection":[{"href":"https:\/\/www.stadler-schuhe.at\/en\/wp-json\/wp\/v2\/pages"}],"about":[{"href":"https:\/\/www.stadler-schuhe.at\/en\/wp-json\/wp\/v2\/types\/page"}],"author":[{"embeddable":true,"href":"https:\/\/www.stadler-schuhe.at\/en\/wp-json\/wp\/v2\/users\/5"}],"replies":[{"embeddable":true,"href":"https:\/\/www.stadler-schuhe.at\/en\/wp-json\/wp\/v2\/comments?post=7465"}],"version-history":[{"count":1,"href":"https:\/\/www.stadler-schuhe.at\/en\/wp-json\/wp\/v2\/pages\/7465\/revisions"}],"predecessor-version":[{"id":63777,"href":"https:\/\/www.stadler-schuhe.at\/en\/wp-json\/wp\/v2\/pages\/7465\/revisions\/63777"}],"wp:attachment":[{"href":"https:\/\/www.stadler-schuhe.at\/en\/wp-json\/wp\/v2\/media?parent=7465"}],"curies":[{"name":"wp","href":"https:\/\/api.w.org\/{rel}","templated":true}]}}