{"id":29481,"date":"2020-04-28T12:02:30","date_gmt":"2020-04-28T10:02:30","guid":{"rendered":"https:\/\/www.stadler-schuhe.at\/bezahlmoeglichkeiten\/"},"modified":"2021-02-04T10:31:03","modified_gmt":"2021-02-04T08:31:03","slug":"bezahlmoeglichkeiten","status":"publish","type":"page","link":"https:\/\/www.stadler-schuhe.at\/en\/bezahlmoeglichkeiten\/","title":{"rendered":"Payment methods"},"content":{"rendered":"<div class=\"wpb-content-wrapper\">\n<div  data-mk-stretch-content=\"true\" class=\"wpb_row vc_row vc_row-fluid jupiter-donut- mk-fullwidth-false  attched-false     js-master-row  mk-grid\">\n\t\t\t\t\n<div class=\"vc_col-sm-6 wpb_column column_container  jupiter-donut- _ jupiter-donut-height-full\">\n\t\n\n<div class=\"wpb_row vc_inner vc_row vc_row-fluid jupiter-donut-   attched-false\">\n\t\t\t<div class=\"wpb_column vc_column_container vc_col-sm-4\"><div class=\"vc_column-inner\"><div class=\"wpb_wrapper\">\n\t<div  class=\"wpb_single_image wpb_content_element vc_align_center wpb_content_element\">\n\t\t\n\t\t<figure class=\"wpb_wrapper vc_figure\">\n\t\t\t<div class=\"vc_single_image-wrapper   vc_box_border_grey\"><img loading=\"lazy\" decoding=\"async\" width=\"752\" height=\"471\" src=\"https:\/\/www.stadler-schuhe.at\/wp-content\/uploads\/2020\/04\/zeichenflache-1-1.png\" class=\"vc_single_image-img attachment-full wvs-archive-product-image\" alt=\"American Express Logo auf blauem Hintergrund, unterst\u00fctzt Zahlungen bei Stadler Schuhe in W\u00f6rgl.\" title=\"drawing surface-1\" srcset=\"https:\/\/www.stadler-schuhe.at\/wp-content\/uploads\/2020\/04\/zeichenflache-1-1.png 752w, https:\/\/www.stadler-schuhe.at\/wp-content\/uploads\/2020\/04\/zeichenflache-1-1-500x313.png 500w, https:\/\/www.stadler-schuhe.at\/wp-content\/uploads\/2020\/04\/zeichenflache-1-1-64x40.png 64w, https:\/\/www.stadler-schuhe.at\/wp-content\/uploads\/2020\/04\/zeichenflache-1-1-300x188.png 300w, https:\/\/www.stadler-schuhe.at\/wp-content\/uploads\/2020\/04\/zeichenflache-1-1-468x293.png 468w\" sizes=\"auto, (max-width: 752px) 100vw, 752px\" itemprop=\"image\" \/><\/div>\n\t\t<\/figure>\n\t<\/div>\n<\/div><\/div><\/div><div class=\"wpb_column vc_column_container vc_col-sm-4\"><div class=\"vc_column-inner\"><div class=\"wpb_wrapper\">\n\t<div  class=\"wpb_single_image wpb_content_element vc_align_center wpb_content_element\">\n\t\t\n\t\t<figure class=\"wpb_wrapper vc_figure\">\n\t\t\t<div class=\"vc_single_image-wrapper   vc_box_border_grey\"><img loading=\"lazy\" decoding=\"async\" width=\"750\" height=\"471\" src=\"https:\/\/www.stadler-schuhe.at\/wp-content\/uploads\/2020\/04\/visa.png\" class=\"vc_single_image-img attachment-full wvs-archive-product-image\" alt=\"Visa Logo, sichere Zahlungsmethode f\u00fcr Stadler Schuhe in W\u00f6rgl, bequeme und schnelle Bezahlung f\u00fcr Ihre Bestellung, vertrauensw\u00fcrdig im Online-Shop.\" title=\"visa\" srcset=\"https:\/\/www.stadler-schuhe.at\/wp-content\/uploads\/2020\/04\/visa.png 750w, https:\/\/www.stadler-schuhe.at\/wp-content\/uploads\/2020\/04\/visa-500x314.png 500w, https:\/\/www.stadler-schuhe.at\/wp-content\/uploads\/2020\/04\/visa-64x40.png 64w, https:\/\/www.stadler-schuhe.at\/wp-content\/uploads\/2020\/04\/visa-300x188.png 300w, https:\/\/www.stadler-schuhe.at\/wp-content\/uploads\/2020\/04\/visa-468x294.png 468w\" sizes=\"auto, (max-width: 750px) 100vw, 750px\" itemprop=\"image\" \/><\/div>\n\t\t<\/figure>\n\t<\/div>\n<\/div><\/div><\/div><div class=\"wpb_column vc_column_container vc_col-sm-4\"><div class=\"vc_column-inner\"><div class=\"wpb_wrapper\">\n\t<div  class=\"wpb_single_image wpb_content_element vc_align_center wpb_content_element\">\n\t\t\n\t\t<figure class=\"wpb_wrapper vc_figure\">\n\t\t\t<div class=\"vc_single_image-wrapper   vc_box_border_grey\"><img loading=\"lazy\" decoding=\"async\" width=\"750\" height=\"471\" src=\"https:\/\/www.stadler-schuhe.at\/wp-content\/uploads\/2020\/04\/zeichenflache-1.png\" class=\"vc_single_image-img attachment-full wvs-archive-product-image\" alt=\"Mastercard Logo, akzeptiert bei Stadler Schuhe in W\u00f6rgl.\" title=\"drawing surface-1\" srcset=\"https:\/\/www.stadler-schuhe.at\/wp-content\/uploads\/2020\/04\/zeichenflache-1.png 750w, https:\/\/www.stadler-schuhe.at\/wp-content\/uploads\/2020\/04\/zeichenflache-1-500x314.png 500w, https:\/\/www.stadler-schuhe.at\/wp-content\/uploads\/2020\/04\/zeichenflache-1-64x40.png 64w, https:\/\/www.stadler-schuhe.at\/wp-content\/uploads\/2020\/04\/zeichenflache-1-300x188.png 300w, https:\/\/www.stadler-schuhe.at\/wp-content\/uploads\/2020\/04\/zeichenflache-1-468x294.png 468w\" sizes=\"auto, (max-width: 750px) 100vw, 750px\" itemprop=\"image\" \/><\/div>\n\t\t<\/figure>\n\t<\/div>\n<\/div><\/div><\/div>\t<\/div>\n\n<div id=\"text-block-2\" class=\"mk-text-block  jupiter-donut-\">\n\n\t\n\t<p style=\"text-align: center;\">Pay by credit card via PayPal<\/p>\n\n\t<div class=\"clearboth\"><\/div>\n<\/div>\n\n<\/div>\n\n<div class=\"vc_col-sm-6 wpb_column column_container  jupiter-donut- _ jupiter-donut-height-full\">\n\t\n\t<div  class=\"wpb_single_image wpb_content_element vc_align_center wpb_content_element\">\n\t\t\n\t\t<figure class=\"wpb_wrapper vc_figure\">\n\t\t\t<div class=\"vc_single_image-wrapper   vc_box_border_grey\"><img decoding=\"async\" class=\"vc_single_image-img\" src=\"https:\/\/www.stadler-schuhe.at\/wp-content\/uploads\/2020\/04\/sepa-360x96.png\" width=\"360\" height=\"96\" alt=\"Das Bild zeigt ein blau-gelbes Symbol mit den Buchstaben &quot;EF&quot;, passend zu Stadler Schuhe W\u00f6rgl, modernes Design f\u00fcr hochwertige Schuhmode in Tirol.\" title=\"sepa\" loading=\"lazy\" \/><\/div>\n\t\t<\/figure>\n\t<\/div>\n\n<div id=\"text-block-4\" class=\"mk-text-block  jupiter-donut-\">\n\n\t\n\t<p style=\"text-align: center;\">SEPA Direct Debit<\/p>\n\n\t<div class=\"clearboth\"><\/div>\n<\/div>\n\n<\/div>\n\t<\/div>\n\n<div  data-mk-stretch-content=\"true\" class=\"wpb_row vc_row vc_row-fluid jupiter-donut- mk-fullwidth-false  attched-false     js-master-row  mk-grid\">\n\t\t\t\t\n<div class=\"vc_col-sm-12 wpb_column column_container  jupiter-donut- _ jupiter-donut-height-full\">\n\t<\/div>\n\t<\/div>\n\n<\/div>","protected":false},"excerpt":{"rendered":"Per Kreditkarte mittels PayPal bezahlen SEPA-Lastschrift","protected":false},"author":5,"featured_media":0,"parent":0,"menu_order":0,"comment_status":"closed","ping_status":"closed","template":"","meta":{"footnotes":""},"class_list":["post-29481","page","type-page","status-publish","hentry"],"_links":{"self":[{"href":"https:\/\/www.stadler-schuhe.at\/en\/wp-json\/wp\/v2\/pages\/29481","targetHints":{"allow":["GET"]}}],"collection":[{"href":"https:\/\/www.stadler-schuhe.at\/en\/wp-json\/wp\/v2\/pages"}],"about":[{"href":"https:\/\/www.stadler-schuhe.at\/en\/wp-json\/wp\/v2\/types\/page"}],"author":[{"embeddable":true,"href":"https:\/\/www.stadler-schuhe.at\/en\/wp-json\/wp\/v2\/users\/5"}],"replies":[{"embeddable":true,"href":"https:\/\/www.stadler-schuhe.at\/en\/wp-json\/wp\/v2\/comments?post=29481"}],"version-history":[{"count":0,"href":"https:\/\/www.stadler-schuhe.at\/en\/wp-json\/wp\/v2\/pages\/29481\/revisions"}],"wp:attachment":[{"href":"https:\/\/www.stadler-schuhe.at\/en\/wp-json\/wp\/v2\/media?parent=29481"}],"curies":[{"name":"wp","href":"https:\/\/api.w.org\/{rel}","templated":true}]}}