{"id":29480,"date":"2020-04-28T12:02:30","date_gmt":"2020-04-28T10:02:30","guid":{"rendered":"https:\/\/www.stadler-schuhe.at\/versandarten\/"},"modified":"2026-01-23T13:15:00","modified_gmt":"2026-01-23T12:15:00","slug":"versandarten","status":"publish","type":"page","link":"https:\/\/www.stadler-schuhe.at\/en\/versandarten\/","title":{"rendered":"Shipping\/delivery costs\/returns"},"content":{"rendered":"<div class=\"wpb-content-wrapper\">\n<div  data-mk-stretch-content=\"true\" class=\"wpb_row vc_row vc_row-fluid jupiter-donut- mk-fullwidth-false  attched-false     js-master-row  mk-grid\">\n\t\t\t\t\n<div class=\"vc_col-sm-12 wpb_column column_container  jupiter-donut- _ jupiter-donut-height-full\">\n\t\t<div class=\"vc_custom_1747395606182\">\n\n<div id=\"text-block-2\" class=\"mk-text-block  jupiter-donut-\">\n\n\t\n\t<div style=\"text-align: center;\" data-cms-id=\"6789\" data-cms-item=\"report-paragraph-txt\">\n<h1 style=\"text-align: center;\">Shipping conditions<\/h1>\n<p>Shipping within Germany and Austria is free. Shipping to all other countries is subject to a fee.<br data-start=\"299\" data-end=\"302\" \/>The delivery time is approximately 3-5 working days from receipt of payment.<\/p>\n<h1 style=\"text-align: center;\">Right of withdrawal and return<\/h1>\n<p style=\"text-align: center;\">You have the right to return the goods within 7 days of receipt without giving any reason. The period begins on the day the goods are delivered.<br data-start=\"554\" data-end=\"557\" \/>Please ensure that returned items are unworn, undamaged and free from signs of use.<\/p>\n<h1>Return shipping costs<\/h1>\n<p class=\"\" data-start=\"698\" data-end=\"742\">The buyer bears the costs of the return shipment.<\/p>\n<\/div>\n\n\t<div class=\"clearboth\"><\/div>\n<\/div>\n\n\t<\/div>\n<\/div>\n\t<\/div>\n\n<\/div>","protected":false},"excerpt":{"rendered":"Versandbedingungen Der Versand ist innerhalb Deutschlands und \u00d6sterreichs kostenfrei. In alle weiteren L\u00e4nder erfolgt der Versand gegen Geb\u00fchr.Die Lieferzeit betr\u00e4gt etwa 3\u20135 Werktage ab Zahlungseingang. Widerrufsrecht und R\u00fcckgabe Sie haben das Recht, die Ware innerhalb von 7 Tagen nach Erhalt ohne Angabe von Gr\u00fcnden zur\u00fcckzugeben. Die Frist beginnt mit dem Tag der Zustellung der Ware.Bitte [...]","protected":false},"author":5,"featured_media":0,"parent":0,"menu_order":0,"comment_status":"closed","ping_status":"closed","template":"","meta":{"footnotes":""},"class_list":["post-29480","page","type-page","status-publish","hentry"],"_links":{"self":[{"href":"https:\/\/www.stadler-schuhe.at\/en\/wp-json\/wp\/v2\/pages\/29480","targetHints":{"allow":["GET"]}}],"collection":[{"href":"https:\/\/www.stadler-schuhe.at\/en\/wp-json\/wp\/v2\/pages"}],"about":[{"href":"https:\/\/www.stadler-schuhe.at\/en\/wp-json\/wp\/v2\/types\/page"}],"author":[{"embeddable":true,"href":"https:\/\/www.stadler-schuhe.at\/en\/wp-json\/wp\/v2\/users\/5"}],"replies":[{"embeddable":true,"href":"https:\/\/www.stadler-schuhe.at\/en\/wp-json\/wp\/v2\/comments?post=29480"}],"version-history":[{"count":2,"href":"https:\/\/www.stadler-schuhe.at\/en\/wp-json\/wp\/v2\/pages\/29480\/revisions"}],"predecessor-version":[{"id":63788,"href":"https:\/\/www.stadler-schuhe.at\/en\/wp-json\/wp\/v2\/pages\/29480\/revisions\/63788"}],"wp:attachment":[{"href":"https:\/\/www.stadler-schuhe.at\/en\/wp-json\/wp\/v2\/media?parent=29480"}],"curies":[{"name":"wp","href":"https:\/\/api.w.org\/{rel}","templated":true}]}}