{"id":29479,"date":"2020-04-28T12:02:29","date_gmt":"2020-04-28T10:02:29","guid":{"rendered":"https:\/\/www.stadler-schuhe.at\/widerrufsbelehrung\/"},"modified":"2020-04-29T13:18:56","modified_gmt":"2020-04-29T11:18:56","slug":"widerrufsbelehrung","status":"publish","type":"page","link":"https:\/\/www.stadler-schuhe.at\/en\/widerrufsbelehrung\/","title":{"rendered":"Cancellation policy"},"content":{"rendered":"<div class=\"wpb-content-wrapper\">\n<div  data-mk-stretch-content=\"true\" class=\"wpb_row vc_row vc_row-fluid jupiter-donut- mk-fullwidth-false  attched-false     js-master-row  mk-grid\">\n\t\t\t\t\n<div class=\"vc_col-sm-12 wpb_column column_container  jupiter-donut- _ jupiter-donut-height-full\">\n\t\n<div id=\"text-block-2\" class=\"mk-text-block  jupiter-donut-\">\n\n\t\n\t<div id=\"116982___BV_modal_body_\" class=\"modal-body\">\n<h1 style=\"text-align: center;\">Cancellation policy<\/h1>\n<p style=\"text-align: center;\">You have the right to withdraw from this contract within seven days without giving any reason. The withdrawal period will expire after seven days from the day on which you acquire, or a third party other than the carrier and indicated by you acquires, physical possession of the goods.<\/p>\n<p style=\"text-align: center;\">You must return or hand over the goods to us without undue delay and in any event no later than seven days from the day on which you notify us of your withdrawal from this contract. The deadline is met if you send the goods before the seven-day period has expired. You will bear the direct costs of returning the goods. You are only liable for any diminished value of the goods resulting from handling other than what is necessary to establish the nature, characteristics, and functioning of the goods.<\/p>\n<h1 style=\"text-align: center;\">Sample cancellation form<\/h1>\n<p style=\"text-align: center;\"><em>(If you wish to cancel the contract, please fill out this form and return it.)<\/em><\/p>\n<ul style=\"text-align: center;\">\n<li>To Bernhard Stadler, Rosegger-Stra\u00dfe 1, 6300 W\u00f6rgl, Austria, info@stadler-schuhe.at, Fax: +43 5332 71659<\/li>\n<li>I\/We (*) hereby revoke the contract concluded by me\/us (*) for the purchase of the following<br \/>\nGoods (*)\/the provision of the following service (*)<\/li>\n<li>Ordered on (*)\/received on (*)<\/li>\n<li>Name of consumer(s)<\/li>\n<li>Address of the consumer(s)<\/li>\n<li>Signature of the consumer(s) (only for notifications on paper)<\/li>\n<li>Date<\/li>\n<\/ul>\n<p style=\"text-align: center;\"><em>(*) Delete as appropriate.<\/em><\/p>\n<p style=\"text-align: center;\"><i><a title=\"Cancellation policy\" href=\"https:\/\/shop.trustedshops.com\/de\/rechtstexte\/\" target=\"_blank\" rel=\"noopener noreferrer\">Cancellation policy<\/a> created with the <a title=\"Trusted Shops\" href=\"https:\/\/shop.trustedshops.com\/de\/\" target=\"_blank\" rel=\"noopener noreferrer\">Trusted Shops<\/a> Legal text writer in cooperation with <a title=\"F\u00d6HLISCH Lawyers\" href=\"https:\/\/foehlisch.com\" target=\"_blank\" rel=\"nofollow noopener noreferrer\">F\u00d6HLISCH Lawyers<\/a>.<\/i><\/p>\n<\/div>\n\n\t<div class=\"clearboth\"><\/div>\n<\/div>\n\n<\/div>\n\t<\/div>\n\n<\/div>","protected":false},"excerpt":{"rendered":"Widerrufsbelehrung Sie haben das Recht, binnen sieben Tagen ohne Angabe von Gr\u00fcnden diesen Vertrag zu widerrufen. Die Widerrufsfrist betr\u00e4gt sieben Tage ab dem Tag an dem Sie oder ein von Ihnen benannter Dritter, der nicht der Bef\u00f6rderer ist, die Waren in Besitz genommen haben bzw. hat. Sie haben die Waren unverz\u00fcglich und in jedem Fall [...]","protected":false},"author":5,"featured_media":0,"parent":0,"menu_order":0,"comment_status":"closed","ping_status":"closed","template":"","meta":{"footnotes":""},"class_list":["post-29479","page","type-page","status-publish","hentry"],"_links":{"self":[{"href":"https:\/\/www.stadler-schuhe.at\/en\/wp-json\/wp\/v2\/pages\/29479","targetHints":{"allow":["GET"]}}],"collection":[{"href":"https:\/\/www.stadler-schuhe.at\/en\/wp-json\/wp\/v2\/pages"}],"about":[{"href":"https:\/\/www.stadler-schuhe.at\/en\/wp-json\/wp\/v2\/types\/page"}],"author":[{"embeddable":true,"href":"https:\/\/www.stadler-schuhe.at\/en\/wp-json\/wp\/v2\/users\/5"}],"replies":[{"embeddable":true,"href":"https:\/\/www.stadler-schuhe.at\/en\/wp-json\/wp\/v2\/comments?post=29479"}],"version-history":[{"count":0,"href":"https:\/\/www.stadler-schuhe.at\/en\/wp-json\/wp\/v2\/pages\/29479\/revisions"}],"wp:attachment":[{"href":"https:\/\/www.stadler-schuhe.at\/en\/wp-json\/wp\/v2\/media?parent=29479"}],"curies":[{"name":"wp","href":"https:\/\/api.w.org\/{rel}","templated":true}]}}