{"id":29478,"date":"2020-04-28T12:02:29","date_gmt":"2020-04-28T10:02:29","guid":{"rendered":"https:\/\/www.stadler-schuhe.at\/agb\/"},"modified":"2026-01-23T11:22:10","modified_gmt":"2026-01-23T10:22:10","slug":"agb","status":"publish","type":"page","link":"https:\/\/www.stadler-schuhe.at\/en\/agb\/","title":{"rendered":"GTC"},"content":{"rendered":"<div class=\"wpb-content-wrapper\">\n<div  data-mk-stretch-content=\"true\" class=\"wpb_row vc_row vc_row-fluid jupiter-donut- mk-fullwidth-false  attched-false     js-master-row  mk-grid\">\n\t\t\t\t\n<div class=\"vc_col-sm-12 wpb_column column_container  jupiter-donut- _ jupiter-donut-height-full\">\n\t\t<div class=\"vc_custom_1769163644279\">\n\n<div id=\"text-block-2\" class=\"mk-text-block  jupiter-donut-\">\n\n\t\n\t<div id=\"116976___BV_modal_body_\" class=\"modal-body\">\n<h1>General terms and conditions of business<\/h1>\n<p><strong>1. Scope<\/strong><\/p>\n<p>The following terms and conditions apply to all orders placed through our online shop. Our online shop is intended exclusively for consumers.<\/p>\n<p>A consumer is any natural person who enters into a legal transaction for purposes that are predominantly neither attributable to their commercial nor their independent professional activity. A business is a natural or legal person or a legally capable partnership that, when entering into a legal transaction, acts in the exercise of its commercial or independent professional activity.<\/p>\n<p><strong>2. Contracting parties, conclusion of contract, correction options<\/strong><\/p>\n<p>The purchase agreement is concluded with Stadler KG shoe factory.<\/p>\n<p>By placing products in our online shop, we are making a binding offer to conclude a contract for these items. You can initially place our products in your shopping cart without obligation and correct your entries at any time before submitting your binding order by using the correction tools provided and explained in the ordering process. The contract is concluded when you accept the offer for the goods in your shopping cart by clicking the order button. You will receive an order confirmation by email immediately after submitting your order.<\/p>\n<p><strong>3. Contract language, contract text storage<\/strong><\/p>\n<p>The language available for concluding the contract is German.<\/p>\n<p>We save the contract text and send you the order details and our terms and conditions in text form. You can view the contract text in your customer login.<\/p>\n<p><strong>4. Delivery conditions<\/strong><\/p>\n<p>We offer free shipping within Austria, Germany, Italy and Switzerland.<\/p>\n<p>We only deliver via shipping. Unfortunately, self-collection of the goods is not possible.<\/p>\n<p>We do not deliver to parcel lockers.<\/p>\n<p><strong>5. Payment<\/strong><\/p>\n<p>The following payment methods are generally available in our shop:<\/p>\n<p><strong>credit card<\/strong><br \/>\nWhen you place your order, you provide your credit card details. After your verification as the legitimate cardholder, the payment transaction will be processed automatically and your card will be charged.<\/p>\n<p><strong>Sofort by Klarna<\/strong><br \/>\nAfter submitting your order, you will be redirected to the website of the online payment provider Sofort GmbH. To pay the invoice amount via Sofort, you must have a bank account enabled for online banking, authenticate yourself accordingly, and confirm the payment instruction to us. You will receive further instructions during the ordering process. The payment transaction will then be processed immediately by Sofort, and your account will be debited.<\/p>\n<p><strong>6. Warranty and Guarantees<\/strong><\/p>\n<p>Unless expressly agreed otherwise below, the statutory warranty rights apply.<br \/>\nFor used goods, the following applies: if the defect appears after one year from delivery of the goods, any claims for defects are excluded. Defects that appear within one year of delivery of the goods can be asserted within the statutory limitation period of two years from delivery of the goods.<br \/>\nThe foregoing limitations and reductions of time limits do not apply to claims based on damages caused by us, our legal representatives or agents.<br \/>\n\u2022 in case of injury to life, body or health<br \/>\n\u2022 in case of intentional or grossly negligent breach of duty as well as fraudulent intent<br \/>\n\u2022 in the event of a breach of essential contractual obligations, the fulfillment of which is a prerequisite for the proper execution of the contract and on whose compliance the contractual partner may regularly rely (cardinal obligations)<br \/>\n\u2022 within the scope of a guarantee promise, insofar as agreed or<br \/>\n\u2022 insofar as the scope of application of the Product Liability Act is opened.<br \/>\nInformation on any applicable additional warranties and their exact terms can be found with the product and on special information pages in the online shop.<\/p>\n<p><strong>7. Liability<\/strong><\/p>\n<p>We are always liable without limitation for claims arising from damages caused by us, our legal representatives or agents.<br \/>\n\u2022 in case of injury to life, body or health<br \/>\n\u2022 in case of intentional or grossly negligent breach of duty<br \/>\n\u2022 in the case of warranty promises, if agreed, or<br \/>\n\u2022 insofar as the scope of application of the Product Liability Act is opened.<br \/>\nIn the event of a breach of essential contractual obligations, the fulfillment of which is essential for the proper execution of the contract and on which the contractual partner may regularly rely (cardinal obligations), due to slight negligence on the part of us, our legal representatives or vicarious agents, our liability is limited to the amount of the foreseeable damage that typically arises at the time of conclusion of the contract.<br \/>\nFurthermore, claims for damages are excluded.<\/p>\n<p><strong>8. Dispute Resolution<\/strong><\/p>\n<p>The European Commission provides a platform for online dispute resolution (ODR), which you can use to... <a href=\"https:\/\/ec.europa.eu\/consumers\/odr\/\" target=\"_blank\" rel=\"noopener noreferrer\">here<\/a> We are neither obligated nor willing to participate in dispute resolution proceedings before a consumer arbitration board.<\/p>\n<p><i><a title=\"GTC\" href=\"https:\/\/shop.trustedshops.com\/de\/rechtstexte\/\" target=\"_blank\" rel=\"noopener noreferrer\">GTC<\/a> created with the <a title=\"Trusted Shops\" href=\"https:\/\/shop.trustedshops.com\/de\/\" target=\"_blank\" rel=\"noopener noreferrer\">Trusted Shops<\/a> Legal text writer in cooperation with <a title=\"F\u00d6HLISCH Lawyers\" href=\"https:\/\/foehlisch.com\" target=\"_blank\" rel=\"nofollow noopener noreferrer\">F\u00d6HLISCH Lawyers<\/a>.<\/i><\/p>\n<\/div>\n\n\t<div class=\"clearboth\"><\/div>\n<\/div>\n\n\t<\/div>\n<\/div>\n\t<\/div>\n\n<div  data-mk-stretch-content=\"true\" class=\"wpb_row vc_row vc_row-fluid jupiter-donut- mk-fullwidth-false  attched-false     js-master-row  mk-grid\">\n\t\t\t\t\n<div class=\"vc_col-sm-12 wpb_column column_container  jupiter-donut- _ jupiter-donut-height-full\">\n\t\t<div class=\"vc_custom_1769163619954\">\n\n<div id=\"text-block-4\" class=\"mk-text-block  jupiter-donut-\">\n\n\t\n\t<p><strong>Information in accordance with Section 19 Paragraph 3 AStG<\/strong><br \/>\nAlternative Dispute Resolution Act \u2013 Online Businesses<\/p>\n<p>We are neither obligated nor willing to participate in dispute resolution proceedings before a consumer arbitration board.<\/p>\n\n\t<div class=\"clearboth\"><\/div>\n<\/div>\n\n\t<\/div>\n<\/div>\n\t<\/div>\n\n<\/div>","protected":false},"excerpt":{"rendered":"Allgemeine Gesch\u00e4ftsbedingungen 1.\u00a0Geltungsbereich F\u00fcr alle Bestellungen \u00fcber unseren Online-Shop gelten die nachfolgenden AGB. Unser Online-Shop richtet sich ausschlie\u00dflich an Verbraucher. Verbraucher ist jede nat\u00fcrliche Person, die ein Rechtsgesch\u00e4ft zu Zwecken abschlie\u00dft, die \u00fcberwiegend weder ihrer gewerblichen noch ihrer selbst\u00e4ndigen beruflichen T\u00e4tigkeit zugerechnet werden k\u00f6nnen. Unternehmer ist eine nat\u00fcrliche oder juristische Person oder eine rechtsf\u00e4hige Personengesellschaft, [...]","protected":false},"author":5,"featured_media":0,"parent":0,"menu_order":0,"comment_status":"closed","ping_status":"closed","template":"","meta":{"footnotes":""},"class_list":["post-29478","page","type-page","status-publish","hentry"],"_links":{"self":[{"href":"https:\/\/www.stadler-schuhe.at\/en\/wp-json\/wp\/v2\/pages\/29478","targetHints":{"allow":["GET"]}}],"collection":[{"href":"https:\/\/www.stadler-schuhe.at\/en\/wp-json\/wp\/v2\/pages"}],"about":[{"href":"https:\/\/www.stadler-schuhe.at\/en\/wp-json\/wp\/v2\/types\/page"}],"author":[{"embeddable":true,"href":"https:\/\/www.stadler-schuhe.at\/en\/wp-json\/wp\/v2\/users\/5"}],"replies":[{"embeddable":true,"href":"https:\/\/www.stadler-schuhe.at\/en\/wp-json\/wp\/v2\/comments?post=29478"}],"version-history":[{"count":6,"href":"https:\/\/www.stadler-schuhe.at\/en\/wp-json\/wp\/v2\/pages\/29478\/revisions"}],"predecessor-version":[{"id":63732,"href":"https:\/\/www.stadler-schuhe.at\/en\/wp-json\/wp\/v2\/pages\/29478\/revisions\/63732"}],"wp:attachment":[{"href":"https:\/\/www.stadler-schuhe.at\/en\/wp-json\/wp\/v2\/media?parent=29478"}],"curies":[{"name":"wp","href":"https:\/\/api.w.org\/{rel}","templated":true}]}}