{"id":2542,"date":"2013-06-25T13:42:43","date_gmt":"2013-06-25T13:42:43","guid":{"rendered":"http:\/\/moozpaper.com\/jupiter\/?page_id=2542"},"modified":"2026-01-23T09:08:43","modified_gmt":"2026-01-23T08:08:43","slug":"familienunternehmen-woergl","status":"publish","type":"page","link":"https:\/\/www.stadler-schuhe.at\/en\/familienunternehmen-woergl\/","title":{"rendered":"The company"},"content":{"rendered":"<div class=\"wpb-content-wrapper\">\n<div  data-mk-stretch-content=\"true\" class=\"wpb_row vc_row vc_row-fluid jupiter-donut- mk-fullwidth-false  attched-false    vc_custom_1555057878027  js-master-row  mk-grid\">\n\t\t\t\t\n<div class=\"vc_col-sm-4 wpb_column column_container  jupiter-donut- _ jupiter-donut-height-full\">\n\t<div class=\"vc_icon_element vc_icon_element-outer vc_do_icon wpb_animate_when_almost_visible wpb_fadeIn fadeIn vc_icon_element-align-center vc_icon_element-have-style\"><div class=\"vc_icon_element-inner vc_icon_element-color-white vc_icon_element-have-style-inner vc_icon_element-size-md vc_icon_element-style-rounded vc_icon_element-background vc_icon_element-background-color-custom\"  style=\"background-color:#005a9a\"><span class=\"vc_icon_element-icon fa fa-pied-piper-alt\" ><\/span><\/div><\/div>\n<div id=\"text-block-2\" class=\"mk-text-block  jupiter-donut-\">\n\n\t\n\t<h3 style=\"text-align: center;\">Wandering shoemaker<\/h3>\n<p style=\"text-align: center;\">It all began when Ferdinand Stadler, a traveling shoemaker, went from farm to farm. As was the custom in the Tyrolean mountains at the time, the farmers had the hides of their slaughtered calves and cattle tanned themselves. At regular intervals, a shoemaker would come in exchange for food, lodging, and a small allowance to make new shoes from these hides and to repair those that were still usable.<\/p>\n\n\t<div class=\"clearboth\"><\/div>\n<\/div>\n\n<\/div>\n\n<div class=\"vc_col-sm-4 wpb_column column_container  jupiter-donut- _ jupiter-donut-height-full\">\n\t<div class=\"vc_icon_element vc_icon_element-outer vc_do_icon wpb_animate_when_almost_visible wpb_fadeIn fadeIn vc_icon_element-align-center vc_icon_element-have-style\"><div class=\"vc_icon_element-inner vc_icon_element-color-white vc_icon_element-have-style-inner vc_icon_element-size-md vc_icon_element-style-rounded vc_icon_element-background vc_icon_element-background-color-custom\"  style=\"background-color:#005a9a\"><span class=\"vc_icon_element-icon fa fa-home\" ><\/span><\/div><\/div>\n<div id=\"text-block-4\" class=\"mk-text-block  jupiter-donut-\">\n\n\t\n\t<h3 style=\"text-align: center;\">shoemaker&#039;s workshop<\/h3>\n<p style=\"text-align: center;\">After Ferdinand Stadler had established a reputation as a skilled shoemaker, he decided to settle down and, together with his wife Kathi Stadler, founded a small shoemaking workshop in 1930 in Oberau, a small mountain village in the Kitzb\u00fchel Alps.<\/p>\n\n\t<div class=\"clearboth\"><\/div>\n<\/div>\n\n<\/div>\n\n<div class=\"vc_col-sm-4 wpb_column column_container  jupiter-donut- _ jupiter-donut-height-full\">\n\t<div class=\"vc_icon_element vc_icon_element-outer vc_do_icon wpb_animate_when_almost_visible wpb_fadeIn fadeIn vc_icon_element-align-center vc_icon_element-have-style\"><div class=\"vc_icon_element-inner vc_icon_element-color-white vc_icon_element-have-style-inner vc_icon_element-size-md vc_icon_element-style-rounded vc_icon_element-background vc_icon_element-background-color-custom\"  style=\"background-color:#005a9a\"><span class=\"vc_icon_element-icon fa fa-truck\" ><\/span><\/div><\/div>\n<div id=\"text-block-6\" class=\"mk-text-block  jupiter-donut-\">\n\n\t\n\t<h3 style=\"text-align: center;\">Conquest of Austria<\/h3>\n<p style=\"text-align: center;\">Over time, the handcrafted shoes became increasingly popular and well-known. The shoes, which were then produced under the name &quot;Festa&quot; for Ferdinand Stadler, soon conquered all of Austria.<\/p>\n\n\t<div class=\"clearboth\"><\/div>\n<\/div>\n\n<\/div>\n\t<\/div>\n\n<div  data-mk-stretch-content=\"true\" class=\"wpb_row vc_row vc_row-fluid jupiter-donut- mk-fullwidth-false  attched-false    vc_custom_1555057878027  js-master-row  mk-grid\">\n\t\t\t\t\n<div class=\"vc_col-sm-4 wpb_column column_container  jupiter-donut- _ jupiter-donut-height-full\">\n\t<div class=\"vc_icon_element vc_icon_element-outer vc_do_icon wpb_animate_when_almost_visible wpb_fadeIn fadeIn vc_icon_element-align-center vc_icon_element-have-style\"><div class=\"vc_icon_element-inner vc_icon_element-color-white vc_icon_element-have-style-inner vc_icon_element-size-md vc_icon_element-style-rounded vc_icon_element-background vc_icon_element-background-color-custom\"  style=\"background-color:#005a9a\"><span class=\"vc_icon_element-icon typcn typcn-directions\" ><\/span><\/div><\/div>\n<div id=\"text-block-8\" class=\"mk-text-block  jupiter-donut-\">\n\n\t\n\t<h3 style=\"text-align: center;\">Relocation to W\u00f6rgl<\/h3>\n<p style=\"text-align: center;\">Ferdinand Stadler was a highly innovative individual who developed numerous patents that would have a lasting impact on the development of an entire industry. After being taken over by his two sons, Alfred and Kurt Stadler, in 1972, the company relocated to W\u00f6rgl.<\/p>\n\n\t<div class=\"clearboth\"><\/div>\n<\/div>\n\n<\/div>\n\n<div class=\"vc_col-sm-4 wpb_column column_container  jupiter-donut- _ jupiter-donut-height-full\">\n\t<div class=\"vc_icon_element vc_icon_element-outer vc_do_icon wpb_animate_when_almost_visible wpb_fadeIn fadeIn vc_icon_element-align-center vc_icon_element-have-style\"><div class=\"vc_icon_element-inner vc_icon_element-color-white vc_icon_element-have-style-inner vc_icon_element-size-md vc_icon_element-style-rounded vc_icon_element-background vc_icon_element-background-color-custom\"  style=\"background-color:#005a9a\"><span class=\"vc_icon_element-icon fa fa-industry\" ><\/span><\/div><\/div>\n<div id=\"text-block-10\" class=\"mk-text-block  jupiter-donut-\">\n\n\t\n\t<h3 style=\"text-align: center;\">Factory<\/h3>\n<p style=\"text-align: center;\">A new, modern factory was built, which began operations in 1977.<\/p>\n\n\t<div class=\"clearboth\"><\/div>\n<\/div>\n\n<\/div>\n\n<div class=\"vc_col-sm-4 wpb_column column_container  jupiter-donut- _ jupiter-donut-height-full\">\n\t<div class=\"vc_icon_element vc_icon_element-outer vc_do_icon wpb_animate_when_almost_visible wpb_fadeIn fadeIn vc_icon_element-align-center vc_icon_element-have-style\"><div class=\"vc_icon_element-inner vc_icon_element-color-white vc_icon_element-have-style-inner vc_icon_element-size-md vc_icon_element-style-rounded vc_icon_element-background vc_icon_element-background-color-custom\"  style=\"background-color:#005a9a\"><span class=\"vc_icon_element-icon fa fa-globe\" ><\/span><\/div><\/div>\n<div id=\"text-block-12\" class=\"mk-text-block  jupiter-donut-\">\n\n\t\n\t<h3 style=\"text-align: center;\">export<\/h3>\n<p style=\"text-align: center;\">In the early 1980s, exports became increasingly important and have increased to about 65% of sales to this day.<\/p>\n\n\t<div class=\"clearboth\"><\/div>\n<\/div>\n\n<\/div>\n\t<\/div>\n\n<div  data-mk-stretch-content=\"true\" class=\"wpb_row vc_row vc_row-fluid jupiter-donut- mk-fullwidth-false  attched-false    vc_custom_1555057878027  js-master-row  mk-grid\">\n\t\t\t\t\n<div class=\"vc_col-sm-4 wpb_column column_container  jupiter-donut- _ jupiter-donut-height-full\">\n\t<div class=\"vc_icon_element vc_icon_element-outer vc_do_icon wpb_animate_when_almost_visible wpb_fadeIn fadeIn vc_icon_element-align-center vc_icon_element-have-style\"><div class=\"vc_icon_element-inner vc_icon_element-color-white vc_icon_element-have-style-inner vc_icon_element-size-md vc_icon_element-style-rounded vc_icon_element-background vc_icon_element-background-color-custom\"  style=\"background-color:#005a9a\"><span class=\"vc_icon_element-icon fa fa-line-chart\" ><\/span><\/div><\/div>\n<div id=\"text-block-14\" class=\"mk-text-block  jupiter-donut-\">\n\n\t\n\t<h3 style=\"text-align: center;\">Consistent further development<\/h3>\n<p style=\"text-align: center;\">Only through consistent further development in fit and workmanship, the concentration on tradition and the exclusive use of first-class materials was our small medium-sized company able to hold its own in the German-speaking world.<\/p>\n\n\t<div class=\"clearboth\"><\/div>\n<\/div>\n\n<\/div>\n\n<div class=\"vc_col-sm-4 wpb_column column_container  jupiter-donut- _ jupiter-donut-height-full\">\n\t<div class=\"vc_icon_element vc_icon_element-outer vc_do_icon wpb_animate_when_almost_visible wpb_fadeIn fadeIn vc_icon_element-align-center vc_icon_element-have-style\"><div class=\"vc_icon_element-inner vc_icon_element-color-white vc_icon_element-have-style-inner vc_icon_element-size-md vc_icon_element-style-rounded vc_icon_element-background vc_icon_element-background-color-custom\"  style=\"background-color:#005a9a\"><span class=\"vc_icon_element-icon vc-material vc-material-brightness_medium\" ><\/span><\/div><\/div>\n<div id=\"text-block-16\" class=\"mk-text-block  jupiter-donut-\">\n\n\t\n\t<h3 style=\"text-align: center;\">FIRST-CLASS SHOES \u2013 Consistent further development<\/h3>\n<p style=\"text-align: center;\">But the long tradition that our company can look back on is a guarantee for first-class shoes.<\/p>\n\n\t<div class=\"clearboth\"><\/div>\n<\/div>\n\n<\/div>\n\n<div class=\"vc_col-sm-4 wpb_column column_container  jupiter-donut- _ jupiter-donut-height-full\">\n\t<div class=\"vc_icon_element vc_icon_element-outer vc_do_icon wpb_animate_when_almost_visible wpb_fadeIn fadeIn vc_icon_element-align-center vc_icon_element-have-style\"><div class=\"vc_icon_element-inner vc_icon_element-color-white vc_icon_element-have-style-inner vc_icon_element-size-md vc_icon_element-style-rounded vc_icon_element-background vc_icon_element-background-color-custom\"  style=\"background-color:#005a9a\"><span class=\"vc_icon_element-icon vc-material vc-material-face\" ><\/span><\/div><\/div>\n<div id=\"text-block-18\" class=\"mk-text-block  jupiter-donut-\">\n\n\t\n\t<h3 style=\"text-align: center;\">Family business<\/h3>\n<p style=\"text-align: center;\">The course has already been set for the future. In 1993, Bernhard Stadler, representing the third generation, joined the family business, thus ensuring the Stadler company&#039;s continued success into the next millennium.<\/p>\n\n\t<div class=\"clearboth\"><\/div>\n<\/div>\n\n<\/div>\n\t<\/div>\n\n<div  data-mk-stretch-content=\"true\" class=\"wpb_row vc_row vc_row-fluid jupiter-donut- mk-fullwidth-false  attched-false     js-master-row  mk-grid\">\n\t\t\t\t\n<div class=\"vc_col-sm-3 wpb_column column_container  jupiter-donut- _ jupiter-donut-height-full\">\n\t<\/div>\n\n<div class=\"vc_col-sm-6 wpb_column column_container  jupiter-donut- _ jupiter-donut-height-full\">\n\t\n\t<div  class=\"wpb_single_image wpb_content_element vc_align_center wpb_content_element\">\n\t\t\n\t\t<figure class=\"wpb_wrapper vc_figure\">\n\t\t\t<div class=\"vc_single_image-wrapper vc_box_circle  vc_box_border_grey\"><img loading=\"lazy\" decoding=\"async\" width=\"300\" height=\"300\" src=\"https:\/\/www.stadler-schuhe.at\/wp-content\/uploads\/2014\/05\/Bernhard0107-300x300.jpg\" class=\"vc_single_image-img attachment-medium wvs-archive-product-image\" alt=\"Mann mit Brille und blauem Hemd, freundliches L\u00e4cheln. Stadler Schuhe in W\u00f6rgl bietet professionelle Schuhberatung und Qualit\u00e4tsschuhe.\" title=\"Family business W\u00f6rgl\" srcset=\"https:\/\/www.stadler-schuhe.at\/wp-content\/uploads\/2014\/05\/Bernhard0107-300x300.jpg 300w, https:\/\/www.stadler-schuhe.at\/wp-content\/uploads\/2014\/05\/Bernhard0107-500x500.jpg 500w, https:\/\/www.stadler-schuhe.at\/wp-content\/uploads\/2014\/05\/Bernhard0107-100x100.jpg 100w, https:\/\/www.stadler-schuhe.at\/wp-content\/uploads\/2014\/05\/Bernhard0107-150x150.jpg 150w, https:\/\/www.stadler-schuhe.at\/wp-content\/uploads\/2014\/05\/Bernhard0107-1024x1024.jpg 1024w\" sizes=\"auto, (max-width: 300px) 100vw, 300px\" itemprop=\"image\" \/><\/div>\n\t\t<\/figure>\n\t<\/div>\n\n<div id=\"text-block-21\" class=\"mk-text-block  jupiter-donut-\">\n\n\t\n\t<p style=\"text-align: center;\">Managing Director: <strong><span class=\"team-member-name a_font-16 a_display-block a_font-weight-bold a_text-transform-up a_color-333\">Bernhard Stadler<\/span><\/strong><\/p>\n\n\t<div class=\"clearboth\"><\/div>\n<\/div>\n\n<\/div>\n\n<div class=\"vc_col-sm-3 wpb_column column_container  jupiter-donut- _ jupiter-donut-height-full\">\n\t<\/div>\n\t<\/div>\n\n<div  data-mk-stretch-content=\"true\" class=\"wpb_row vc_row vc_row-fluid jupiter-donut- mk-fullwidth-false  attched-false     js-master-row  mk-grid\">\n\t\t\t\t\n<div class=\"vc_col-sm-12 wpb_column column_container  jupiter-donut- _ jupiter-donut-height-full\">\n\t\n<div id=\"text-block-24\" class=\"mk-text-block  jupiter-donut-\">\n\n\t\n\t<h2 style=\"text-align: center;\">Former Managing Directors<\/h2>\n\n\t<div class=\"clearboth\"><\/div>\n<\/div>\n\n\n\n<div class=\"wpb_row vc_inner vc_row vc_row-fluid jupiter-donut-   attched-false\">\n\t\t\t<div class=\"wpb_column vc_column_container vc_col-sm-4\"><div class=\"vc_column-inner\"><div class=\"wpb_wrapper\">\n\t<div  class=\"wpb_single_image wpb_content_element vc_align_center wpb_content_element\">\n\t\t\n\t\t<figure class=\"wpb_wrapper vc_figure\">\n\t\t\t<div class=\"vc_single_image-wrapper vc_box_circle  vc_box_border_grey\"><img loading=\"lazy\" decoding=\"async\" width=\"300\" height=\"300\" src=\"https:\/\/www.stadler-schuhe.at\/wp-content\/uploads\/2014\/05\/portrait-300x300.jpg\" class=\"vc_single_image-img attachment-medium wvs-archive-product-image\" alt=\"Portr\u00e4t eines Mannes im Anzug, verbunden mit Stadler Schuhe W\u00f6rgl, in schwarz-wei\u00df, professionell aufgenommen.\" title=\"portrait\" srcset=\"https:\/\/www.stadler-schuhe.at\/wp-content\/uploads\/2014\/05\/portrait-300x300.jpg 300w, https:\/\/www.stadler-schuhe.at\/wp-content\/uploads\/2014\/05\/portrait-100x100.jpg 100w, https:\/\/www.stadler-schuhe.at\/wp-content\/uploads\/2014\/05\/portrait-270x270.jpg 270w, https:\/\/www.stadler-schuhe.at\/wp-content\/uploads\/2014\/05\/portrait-150x150.jpg 150w, https:\/\/www.stadler-schuhe.at\/wp-content\/uploads\/2014\/05\/portrait-1024x1024.jpg 1024w, https:\/\/www.stadler-schuhe.at\/wp-content\/uploads\/2014\/05\/portrait-468x468.jpg 468w, https:\/\/www.stadler-schuhe.at\/wp-content\/uploads\/2014\/05\/portrait-500x500.jpg 500w\" sizes=\"auto, (max-width: 300px) 100vw, 300px\" itemprop=\"image\" \/><\/div>\n\t\t<\/figure>\n\t<\/div>\n\n<div id=\"text-block-25\" class=\"mk-text-block  jupiter-donut-\">\n\n\t\n\t<p style=\"text-align: center;\"><strong><span class=\"team-member-name a_font-16 a_display-block a_font-weight-bold a_text-transform-up a_color-333\">Ferdinand Stadler<\/span><\/strong><\/p>\n\n\t<div class=\"clearboth\"><\/div>\n<\/div>\n\n<\/div><\/div><\/div><div class=\"wpb_column vc_column_container vc_col-sm-4\"><div class=\"vc_column-inner\"><div class=\"wpb_wrapper\">\n\t<div  class=\"wpb_single_image wpb_content_element vc_align_center wpb_content_element\">\n\t\t\n\t\t<figure class=\"wpb_wrapper vc_figure\">\n\t\t\t<div class=\"vc_single_image-wrapper vc_box_circle  vc_box_border_grey\"><img loading=\"lazy\" decoding=\"async\" width=\"300\" height=\"300\" src=\"https:\/\/www.stadler-schuhe.at\/wp-content\/uploads\/2014\/05\/Stadler-2-300x300.jpg\" class=\"vc_single_image-img attachment-medium wvs-archive-product-image\" alt=\"Portr\u00e4t eines Mannes vor neutralem Hintergrund, perfekt geeignet f\u00fcr professionelle Stadler Schuhe Pr\u00e4sentationen in W\u00f6rgl.\" title=\"Stadler-2\" srcset=\"https:\/\/www.stadler-schuhe.at\/wp-content\/uploads\/2014\/05\/Stadler-2-300x300.jpg 300w, https:\/\/www.stadler-schuhe.at\/wp-content\/uploads\/2014\/05\/Stadler-2-500x500.jpg 500w, https:\/\/www.stadler-schuhe.at\/wp-content\/uploads\/2014\/05\/Stadler-2-100x100.jpg 100w, https:\/\/www.stadler-schuhe.at\/wp-content\/uploads\/2014\/05\/Stadler-2-150x150.jpg 150w, https:\/\/www.stadler-schuhe.at\/wp-content\/uploads\/2014\/05\/Stadler-2-1024x1024.jpg 1024w, https:\/\/www.stadler-schuhe.at\/wp-content\/uploads\/2014\/05\/Stadler-2-266x266.jpg 266w\" sizes=\"auto, (max-width: 300px) 100vw, 300px\" itemprop=\"image\" \/><\/div>\n\t\t<\/figure>\n\t<\/div>\n\n<div id=\"text-block-26\" class=\"mk-text-block  jupiter-donut-\">\n\n\t\n\t<p style=\"text-align: center;\"><strong><span class=\"team-member-name a_font-16 a_display-block a_font-weight-bold a_text-transform-up a_color-333\">Alfred Stadler<\/span><\/strong><\/p>\n\n\t<div class=\"clearboth\"><\/div>\n<\/div>\n\n<\/div><\/div><\/div><div class=\"wpb_column vc_column_container vc_col-sm-4\"><div class=\"vc_column-inner\"><div class=\"wpb_wrapper\">\n\t<div  class=\"wpb_single_image wpb_content_element vc_align_center wpb_content_element\">\n\t\t\n\t\t<figure class=\"wpb_wrapper vc_figure\">\n\t\t\t<div class=\"vc_single_image-wrapper vc_box_circle  vc_box_border_grey\"><img loading=\"lazy\" decoding=\"async\" width=\"300\" height=\"300\" src=\"https:\/\/www.stadler-schuhe.at\/wp-content\/uploads\/2014\/05\/Stadler-3-300x300.jpg\" class=\"vc_single_image-img attachment-medium wvs-archive-product-image\" alt=\"Ein l\u00e4chelnder Mann im Anzug, symbolisiert Kundenzufriedenheit bei Stadler Schuhe in W\u00f6rgl. Hochwertige Schuhe, freundlicher Service und stilvolle Beratung f\u00fcr moderne Kunden.\" title=\"Stadler-3\" srcset=\"https:\/\/www.stadler-schuhe.at\/wp-content\/uploads\/2014\/05\/Stadler-3-300x300.jpg 300w, https:\/\/www.stadler-schuhe.at\/wp-content\/uploads\/2014\/05\/Stadler-3-500x500.jpg 500w, https:\/\/www.stadler-schuhe.at\/wp-content\/uploads\/2014\/05\/Stadler-3-100x100.jpg 100w, https:\/\/www.stadler-schuhe.at\/wp-content\/uploads\/2014\/05\/Stadler-3-150x150.jpg 150w, https:\/\/www.stadler-schuhe.at\/wp-content\/uploads\/2014\/05\/Stadler-3-1024x1024.jpg 1024w\" sizes=\"auto, (max-width: 300px) 100vw, 300px\" itemprop=\"image\" \/><\/div>\n\t\t<\/figure>\n\t<\/div>\n\n<div id=\"text-block-27\" class=\"mk-text-block  jupiter-donut-\">\n\n\t\n\t<p style=\"text-align: center;\"><strong><span class=\"team-member-name a_font-16 a_display-block a_font-weight-bold a_text-transform-up a_color-333\">Kurt Stadler<\/span><\/strong><\/p>\n\n\t<div class=\"clearboth\"><\/div>\n<\/div>\n\n<\/div><\/div><\/div>\t<\/div>\n<\/div>\n\t<\/div>\n\n<\/div>","protected":false},"excerpt":{"rendered":"Wandernder Schuster Begonnen hat damals alles als Ferdinand Stadler als \u201cwandernder\u201d Schuster von Bauernhof zu Bauernhof marschierte. Wie es damals in den Tiroler Bergen der Brauch war, lie\u00dfen die Bauern die H\u00e4ute der geschlachteten K\u00e4lber und Rinder selber gerben. In regelm\u00e4\u00dfigen Abst\u00e4nden kam ein Schuster gegen Verpflegung, Unterkunft sowie ein kleines Taschengeld, um aus diesen [...]","protected":false},"author":5,"featured_media":0,"parent":0,"menu_order":0,"comment_status":"open","ping_status":"closed","template":"","meta":{"footnotes":""},"class_list":["post-2542","page","type-page","status-publish","hentry"],"_links":{"self":[{"href":"https:\/\/www.stadler-schuhe.at\/en\/wp-json\/wp\/v2\/pages\/2542","targetHints":{"allow":["GET"]}}],"collection":[{"href":"https:\/\/www.stadler-schuhe.at\/en\/wp-json\/wp\/v2\/pages"}],"about":[{"href":"https:\/\/www.stadler-schuhe.at\/en\/wp-json\/wp\/v2\/types\/page"}],"author":[{"embeddable":true,"href":"https:\/\/www.stadler-schuhe.at\/en\/wp-json\/wp\/v2\/users\/5"}],"replies":[{"embeddable":true,"href":"https:\/\/www.stadler-schuhe.at\/en\/wp-json\/wp\/v2\/comments?post=2542"}],"version-history":[{"count":1,"href":"https:\/\/www.stadler-schuhe.at\/en\/wp-json\/wp\/v2\/pages\/2542\/revisions"}],"predecessor-version":[{"id":63719,"href":"https:\/\/www.stadler-schuhe.at\/en\/wp-json\/wp\/v2\/pages\/2542\/revisions\/63719"}],"wp:attachment":[{"href":"https:\/\/www.stadler-schuhe.at\/en\/wp-json\/wp\/v2\/media?parent=2542"}],"curies":[{"name":"wp","href":"https:\/\/api.w.org\/{rel}","templated":true}]}}